{"id":5901,"date":"2024-11-12T05:02:22","date_gmt":"2024-11-12T05:02:22","guid":{"rendered":"https:\/\/shop.colligatum.com\/?post_type=product&#038;p=5901"},"modified":"2026-04-15T05:55:59","modified_gmt":"2026-04-15T03:55:59","slug":"marlboro-moto-x2","status":"publish","type":"product","link":"https:\/\/colligatum.com\/en\/product\/marlboro-moto-x2\/","title":{"rendered":"Marlboro Moto X2"},"content":{"rendered":"<ol data-pm-slice=\"3 5 []\">\n<li><strong>Description:<\/strong> \u0160is riboto leidimo \u201eMarlboro Moto X2\u201c pakelis pasi\u017eymi unikaliu dizainu, kuris pabr\u0117\u017eia \u201eMotoGP\u201c tematik\u0105. Pagrindin\u0117je pakelio pus\u0117je vaizduojami raudonai apsireng\u0119 lenktynininkai motocikl\u0173 lenktyn\u0117se, o ant vir\u0161aus \u2013 Marlboro logotipas auksine spalva. \u012esp\u0117jimas apie r\u016bkymo \u017eal\u0105 u\u017eima didel\u0119 pakelio dal\u012f, atspindint ES teis\u0117s akt\u0173 reikalavimus.<\/li>\n<li><strong>Value assessment:<\/strong>\n<ul>\n<li><strong>Collectible value:<\/strong> Riboto leidimo leidinys prideda papildomos vert\u0117s, ypa\u010d tarp motocikl\u0173 ir \u201eMarlboro\u201c prek\u0117s \u017eenklo gerb\u0117j\u0173.<\/li>\n<li><strong>Condition assessment:<\/strong> Pakelis atrodo nepa\u017eeistas ir nei\u0161pakuotas, o tai padidina vert\u0119 kolekcininkams.<\/li>\n<li><strong>Historical data and popularity:<\/strong> \u0160is leidinys patrauklus d\u0117l unikalios \u201eMotoGP\u201c asociacijos, kuri gali b\u016bti m\u0117gstama ir vertinga kolekcionieri\u0173 tarpe.<\/li>\n<\/ul>\n<\/li>\n<\/ol>","protected":false},"excerpt":{"rendered":"<h3 data-pm-slice=\"1 3 []\">Marlboro Moto X2<\/h3>\n<ol>\n<li><strong>Brand and name:<\/strong> <strong>Marlboro Moto X2<\/strong><\/li>\n<li><strong>Package size:<\/strong> 20 cigarettes<\/li>\n<li><strong>Country of manufacture:<\/strong> EU<\/li>\n<li><strong>Production period:<\/strong> Tik\u0117tina, kad 2000-\u0173j\u0173 pabaiga ar 2010-\u0173j\u0173 prad\u017eia (remiantis dizainu ir \u012fsp\u0117jim\u0173 etikete).<\/li>\n<li><strong>Package type:<\/strong>\u00a0Metalinis<\/li>\n<\/ol>","protected":false},"featured_media":5723,"template":"","meta":{"_surecart_dashboard_logo_width":"180px","_surecart_dashboard_show_logo":true,"_surecart_dashboard_navigation_orders":true,"_surecart_dashboard_navigation_invoices":true,"_surecart_dashboard_navigation_subscriptions":true,"_surecart_dashboard_navigation_downloads":true,"_surecart_dashboard_navigation_billing":true,"_surecart_dashboard_navigation_account":true,"site-sidebar-layout":"default","site-content-layout":"","ast-site-content-layout":"default","site-content-style":"default","site-sidebar-style":"default","ast-global-header-display":"","ast-banner-title-visibility":"","ast-main-header-display":"","ast-hfb-above-header-display":"","ast-hfb-below-header-display":"","ast-hfb-mobile-header-display":"","site-post-title":"","ast-breadcrumbs-content":"","ast-featured-img":"","footer-sml-layout":"","theme-transparent-header-meta":"default","adv-header-id-meta":"","stick-header-meta":"","header-above-stick-meta":"","header-main-stick-meta":"","header-below-stick-meta":"","astra-migrate-meta-layouts":"set","ast-page-background-enabled":"default","ast-page-background-meta":{"desktop":{"background-color":"","background-image":"","background-repeat":"repeat","background-position":"center center","background-size":"auto","background-attachment":"scroll","background-type":"","background-media":"","overlay-type":"","overlay-color":"","overlay-opacity":"","overlay-gradient":""},"tablet":{"background-color":"","background-image":"","background-repeat":"repeat","background-position":"center center","background-size":"auto","background-attachment":"scroll","background-type":"","background-media":"","overlay-type":"","overlay-color":"","overlay-opacity":"","overlay-gradient":""},"mobile":{"background-color":"","background-image":"","background-repeat":"repeat","background-position":"center center","background-size":"auto","background-attachment":"scroll","background-type":"","background-media":"","overlay-type":"","overlay-color":"","overlay-opacity":"","overlay-gradient":""}},"ast-content-background-meta":{"desktop":{"background-color":"var(--ast-global-color-5)","background-image":"","background-repeat":"repeat","background-position":"center center","background-size":"auto","background-attachment":"scroll","background-type":"","background-media":"","overlay-type":"","overlay-color":"","overlay-opacity":"","overlay-gradient":""},"tablet":{"background-color":"var(--ast-global-color-5)","background-image":"","background-repeat":"repeat","background-position":"center center","background-size":"auto","background-attachment":"scroll","background-type":"","background-media":"","overlay-type":"","overlay-color":"","overlay-opacity":"","overlay-gradient":""},"mobile":{"background-color":"var(--ast-global-color-5)","background-image":"","background-repeat":"repeat","background-position":"center center","background-size":"auto","background-attachment":"scroll","background-type":"","background-media":"","overlay-type":"","overlay-color":"","overlay-opacity":"","overlay-gradient":""}}},"product_brand":[],"product_cat":[85],"product_tag":[],"class_list":{"0":"post-5901","1":"product","2":"type-product","3":"status-publish","4":"has-post-thumbnail","6":"product_cat-lithuania","7":"desktop-align-left","8":"tablet-align-left","9":"mobile-align-left","11":"first","12":"instock","13":"sale","14":"shipping-taxable","15":"purchasable","16":"product-type-simple","17":"add-to-wishlist-before_image"},"_links":{"self":[{"href":"https:\/\/colligatum.com\/en\/wp-json\/wp\/v2\/product\/5901","targetHints":{"allow":["GET"]}}],"collection":[{"href":"https:\/\/colligatum.com\/en\/wp-json\/wp\/v2\/product"}],"about":[{"href":"https:\/\/colligatum.com\/en\/wp-json\/wp\/v2\/types\/product"}],"version-history":[{"count":1,"href":"https:\/\/colligatum.com\/en\/wp-json\/wp\/v2\/product\/5901\/revisions"}],"predecessor-version":[{"id":5902,"href":"https:\/\/colligatum.com\/en\/wp-json\/wp\/v2\/product\/5901\/revisions\/5902"}],"wp:featuredmedia":[{"embeddable":true,"href":"https:\/\/colligatum.com\/en\/wp-json\/wp\/v2\/media\/5723"}],"wp:attachment":[{"href":"https:\/\/colligatum.com\/en\/wp-json\/wp\/v2\/media?parent=5901"}],"wp:term":[{"taxonomy":"product_brand","embeddable":true,"href":"https:\/\/colligatum.com\/en\/wp-json\/wp\/v2\/product_brand?post=5901"},{"taxonomy":"product_cat","embeddable":true,"href":"https:\/\/colligatum.com\/en\/wp-json\/wp\/v2\/product_cat?post=5901"},{"taxonomy":"product_tag","embeddable":true,"href":"https:\/\/colligatum.com\/en\/wp-json\/wp\/v2\/product_tag?post=5901"}],"curies":[{"name":"wp","href":"https:\/\/api.w.org\/{rel}","templated":true}]}}