{"id":5903,"date":"2024-11-12T05:03:16","date_gmt":"2024-11-12T05:03:16","guid":{"rendered":"https:\/\/shop.colligatum.com\/?post_type=product&#038;p=5903"},"modified":"2024-11-12T18:08:41","modified_gmt":"2024-11-12T18:08:41","slug":"marlboro-flavor","status":"publish","type":"product","link":"https:\/\/colligatum.com\/en\/product\/marlboro-flavor\/","title":{"rendered":"Marlboro Flavor"},"content":{"rendered":"<ol data-pm-slice=\"3 5 []\">\n<li><strong>Short description<\/strong>: \u0160i Marlboro pakuot\u0117 yra praturtinta \u201eFlavor Extra\u201d \u017eenklu, kas rodo padidint\u0105 skonio intensyvum\u0105. Pakuot\u0117 balta su raudonu trikampio simboliu, b\u016bdingu \u201eMarlboro\u201c dizainui. Ant pakuot\u0117s yra sveikatos \u012fsp\u0117jimas lietuvi\u0173 kalba, o \u0161one \u2013 specialus \u201eTobacco Zone Filter\u201d \u017eenklinimas, akcentuojantis filtravimo kokyb\u0119.<\/li>\n<li><strong>Value assessment<\/strong>:\n<ul>\n<li><strong>Collectible value<\/strong>: Vidutin\u0117, priklauso nuo pakuot\u0117s b\u016bkl\u0117s ir paklausos.<\/li>\n<li><strong>Condition assessment<\/strong>: Labai gera \u2013 pakuot\u0117 nepa\u017eeista ir u\u017edara.<\/li>\n<li><strong>Historical data and popularity<\/strong>: Marlboro yra vienas populiariausi\u0173 prek\u0117s \u017eenkl\u0173 pasaulyje, tad \u0161i pakuot\u0117 gali b\u016bti \u012fdomi kolekcininkams, siekiantiems i\u0161skirtinio skonio variant\u0173.<\/li>\n<\/ul>\n<\/li>\n<\/ol>","protected":false},"excerpt":{"rendered":"<p data-pm-slice=\"1 3 []\"><strong>Marlboro Flavor Extra<\/strong><\/p>\n<ol>\n<li><strong>Brand and name<\/strong>: Marlboro Flavor Extra<\/li>\n<li><strong>Pakuot\u0117s dydis<\/strong>: 20 cigarettes<\/li>\n<li><strong>Country of manufacture<\/strong>: ES (pagaminta \u201ePhilip Morris S.A.\u201d, Neuch\u00e2tel, \u0160veicarija)<\/li>\n<li><strong>Production period<\/strong>: Apytiksliai XX a. pabaiga arba XXI a. prad\u017eia<\/li>\n<li><strong>Packaging type<\/strong>: Kartonin\u0117 d\u0117\u017eut\u0117 su atidarymo juostele<\/li>\n<\/ol>","protected":false},"featured_media":5725,"template":"","meta":{"_surecart_dashboard_logo_width":"180px","_surecart_dashboard_show_logo":true,"_surecart_dashboard_navigation_orders":true,"_surecart_dashboard_navigation_invoices":true,"_surecart_dashboard_navigation_subscriptions":true,"_surecart_dashboard_navigation_downloads":true,"_surecart_dashboard_navigation_billing":true,"_surecart_dashboard_navigation_account":true,"site-sidebar-layout":"default","site-content-layout":"","ast-site-content-layout":"default","site-content-style":"default","site-sidebar-style":"default","ast-global-header-display":"","ast-banner-title-visibility":"","ast-main-header-display":"","ast-hfb-above-header-display":"","ast-hfb-below-header-display":"","ast-hfb-mobile-header-display":"","site-post-title":"","ast-breadcrumbs-content":"","ast-featured-img":"","footer-sml-layout":"","theme-transparent-header-meta":"default","adv-header-id-meta":"","stick-header-meta":"","header-above-stick-meta":"","header-main-stick-meta":"","header-below-stick-meta":"","astra-migrate-meta-layouts":"set","ast-page-background-enabled":"default","ast-page-background-meta":{"desktop":{"background-color":"","background-image":"","background-repeat":"repeat","background-position":"center center","background-size":"auto","background-attachment":"scroll","background-type":"","background-media":"","overlay-type":"","overlay-color":"","overlay-opacity":"","overlay-gradient":""},"tablet":{"background-color":"","background-image":"","background-repeat":"repeat","background-position":"center center","background-size":"auto","background-attachment":"scroll","background-type":"","background-media":"","overlay-type":"","overlay-color":"","overlay-opacity":"","overlay-gradient":""},"mobile":{"background-color":"","background-image":"","background-repeat":"repeat","background-position":"center center","background-size":"auto","background-attachment":"scroll","background-type":"","background-media":"","overlay-type":"","overlay-color":"","overlay-opacity":"","overlay-gradient":""}},"ast-content-background-meta":{"desktop":{"background-color":"var(--ast-global-color-5)","background-image":"","background-repeat":"repeat","background-position":"center center","background-size":"auto","background-attachment":"scroll","background-type":"","background-media":"","overlay-type":"","overlay-color":"","overlay-opacity":"","overlay-gradient":""},"tablet":{"background-color":"var(--ast-global-color-5)","background-image":"","background-repeat":"repeat","background-position":"center center","background-size":"auto","background-attachment":"scroll","background-type":"","background-media":"","overlay-type":"","overlay-color":"","overlay-opacity":"","overlay-gradient":""},"mobile":{"background-color":"var(--ast-global-color-5)","background-image":"","background-repeat":"repeat","background-position":"center center","background-size":"auto","background-attachment":"scroll","background-type":"","background-media":"","overlay-type":"","overlay-color":"","overlay-opacity":"","overlay-gradient":""}}},"product_brand":[],"product_cat":[85],"product_tag":[],"class_list":{"0":"post-5903","1":"product","2":"type-product","3":"status-publish","4":"has-post-thumbnail","6":"product_cat-lithuania","7":"desktop-align-left","8":"tablet-align-left","9":"mobile-align-left","11":"first","12":"instock","13":"sale","14":"shipping-taxable","15":"purchasable","16":"product-type-simple","17":"add-to-wishlist-before_image"},"_links":{"self":[{"href":"https:\/\/colligatum.com\/en\/wp-json\/wp\/v2\/product\/5903","targetHints":{"allow":["GET"]}}],"collection":[{"href":"https:\/\/colligatum.com\/en\/wp-json\/wp\/v2\/product"}],"about":[{"href":"https:\/\/colligatum.com\/en\/wp-json\/wp\/v2\/types\/product"}],"version-history":[{"count":1,"href":"https:\/\/colligatum.com\/en\/wp-json\/wp\/v2\/product\/5903\/revisions"}],"predecessor-version":[{"id":5904,"href":"https:\/\/colligatum.com\/en\/wp-json\/wp\/v2\/product\/5903\/revisions\/5904"}],"wp:featuredmedia":[{"embeddable":true,"href":"https:\/\/colligatum.com\/en\/wp-json\/wp\/v2\/media\/5725"}],"wp:attachment":[{"href":"https:\/\/colligatum.com\/en\/wp-json\/wp\/v2\/media?parent=5903"}],"wp:term":[{"taxonomy":"product_brand","embeddable":true,"href":"https:\/\/colligatum.com\/en\/wp-json\/wp\/v2\/product_brand?post=5903"},{"taxonomy":"product_cat","embeddable":true,"href":"https:\/\/colligatum.com\/en\/wp-json\/wp\/v2\/product_cat?post=5903"},{"taxonomy":"product_tag","embeddable":true,"href":"https:\/\/colligatum.com\/en\/wp-json\/wp\/v2\/product_tag?post=5903"}],"curies":[{"name":"wp","href":"https:\/\/api.w.org\/{rel}","templated":true}]}}