{"id":5931,"date":"2024-11-12T05:19:26","date_gmt":"2024-11-12T05:19:26","guid":{"rendered":"https:\/\/shop.colligatum.com\/?post_type=product&#038;p=5931"},"modified":"2026-03-20T09:49:02","modified_gmt":"2026-03-20T07:49:02","slug":"marlboro-gold-original-2","status":"publish","type":"product","link":"https:\/\/colligatum.com\/en\/product\/marlboro-gold-original-2\/","title":{"rendered":"Marlboro Gold Original"},"content":{"rendered":"<ul data-pm-slice=\"3 5 []\">\n<li><strong>Description<\/strong>: \u0160is Marlboro Gold Original cigare\u010di\u0173 pakelis pasi\u017eymi klasikine Marlboro linija su auksiniu akcentu, simbolizuojan\u010diu auk\u0161t\u0105 kokyb\u0119. Pakelis yra kietos konstrukcijos, suteikiantis tvirtumo ir elegancijos \u012fsp\u016bd\u012f. Sveikatos persp\u0117jimai i\u0161spausdinti tiek priekin\u0117je, tiek galin\u0117je pakelio pus\u0117je.<\/li>\n<li><strong>Value assessment<\/strong>:\n<ul>\n<li><strong>Collectible value<\/strong>: Vidutin\u0117, nes Marlboro Gold yra populiarus modelis, ta\u010diau da\u017enai sutinkamas.<\/li>\n<li><strong>Condition assessment<\/strong>: Geros b\u016bkl\u0117s, nepaliestas ir su u\u017eklijuota kainos etikete.<\/li>\n<li><strong>Historical data and popularity<\/strong>: Marlboro Gold linija pritraukia daug r\u016bkymo kult\u016bros entuziast\u0173, ta\u010diau didel\u0117 pasi\u016bla suma\u017eina i\u0161skirtinum\u0105.<\/li>\n<li><strong>Market trends<\/strong>: Marlboro cigaret\u0117s i\u0161lieka vertinamos d\u0117l prek\u0117s \u017eenklo, ta\u010diau kolekcin\u0117je rinkoje labiau vertinami retesni modeliai.<\/li>\n<\/ul>\n<\/li>\n<\/ul>","protected":false},"excerpt":{"rendered":"<ul data-pm-slice=\"3 3 []\">\n<li><strong>Brand and name<\/strong>: Marlboro Gold Original<\/li>\n<li><strong>Size<\/strong>: 20 cigarettes<\/li>\n<li><strong>Country of origin<\/strong>: Pagaminta ES, pagal Philip Morris Products S.A., \u0160veicarija<\/li>\n<li><strong>Production period<\/strong>: Ne\u017einomas, bet vertintina pagal kainos etiket\u0119 \u2013 2010\u20132015 metai<\/li>\n<li><strong>Package type<\/strong>: Hard pack<\/li>\n<\/ul>","protected":false},"featured_media":5753,"template":"","meta":{"_surecart_dashboard_logo_width":"180px","_surecart_dashboard_show_logo":true,"_surecart_dashboard_navigation_orders":true,"_surecart_dashboard_navigation_invoices":true,"_surecart_dashboard_navigation_subscriptions":true,"_surecart_dashboard_navigation_downloads":true,"_surecart_dashboard_navigation_billing":true,"_surecart_dashboard_navigation_account":true,"site-sidebar-layout":"default","site-content-layout":"","ast-site-content-layout":"default","site-content-style":"default","site-sidebar-style":"default","ast-global-header-display":"","ast-banner-title-visibility":"","ast-main-header-display":"","ast-hfb-above-header-display":"","ast-hfb-below-header-display":"","ast-hfb-mobile-header-display":"","site-post-title":"","ast-breadcrumbs-content":"","ast-featured-img":"","footer-sml-layout":"","theme-transparent-header-meta":"default","adv-header-id-meta":"","stick-header-meta":"","header-above-stick-meta":"","header-main-stick-meta":"","header-below-stick-meta":"","astra-migrate-meta-layouts":"set","ast-page-background-enabled":"default","ast-page-background-meta":{"desktop":{"background-color":"","background-image":"","background-repeat":"repeat","background-position":"center center","background-size":"auto","background-attachment":"scroll","background-type":"","background-media":"","overlay-type":"","overlay-color":"","overlay-opacity":"","overlay-gradient":""},"tablet":{"background-color":"","background-image":"","background-repeat":"repeat","background-position":"center center","background-size":"auto","background-attachment":"scroll","background-type":"","background-media":"","overlay-type":"","overlay-color":"","overlay-opacity":"","overlay-gradient":""},"mobile":{"background-color":"","background-image":"","background-repeat":"repeat","background-position":"center center","background-size":"auto","background-attachment":"scroll","background-type":"","background-media":"","overlay-type":"","overlay-color":"","overlay-opacity":"","overlay-gradient":""}},"ast-content-background-meta":{"desktop":{"background-color":"var(--ast-global-color-5)","background-image":"","background-repeat":"repeat","background-position":"center center","background-size":"auto","background-attachment":"scroll","background-type":"","background-media":"","overlay-type":"","overlay-color":"","overlay-opacity":"","overlay-gradient":""},"tablet":{"background-color":"var(--ast-global-color-5)","background-image":"","background-repeat":"repeat","background-position":"center center","background-size":"auto","background-attachment":"scroll","background-type":"","background-media":"","overlay-type":"","overlay-color":"","overlay-opacity":"","overlay-gradient":""},"mobile":{"background-color":"var(--ast-global-color-5)","background-image":"","background-repeat":"repeat","background-position":"center center","background-size":"auto","background-attachment":"scroll","background-type":"","background-media":"","overlay-type":"","overlay-color":"","overlay-opacity":"","overlay-gradient":""}}},"product_brand":[],"product_cat":[85],"product_tag":[],"class_list":{"0":"post-5931","1":"product","2":"type-product","3":"status-publish","4":"has-post-thumbnail","6":"product_cat-lithuania","7":"desktop-align-left","8":"tablet-align-left","9":"mobile-align-left","11":"first","12":"outofstock","13":"sale","14":"shipping-taxable","15":"purchasable","16":"product-type-simple","17":"add-to-wishlist-before_image"},"_links":{"self":[{"href":"https:\/\/colligatum.com\/en\/wp-json\/wp\/v2\/product\/5931","targetHints":{"allow":["GET"]}}],"collection":[{"href":"https:\/\/colligatum.com\/en\/wp-json\/wp\/v2\/product"}],"about":[{"href":"https:\/\/colligatum.com\/en\/wp-json\/wp\/v2\/types\/product"}],"version-history":[{"count":1,"href":"https:\/\/colligatum.com\/en\/wp-json\/wp\/v2\/product\/5931\/revisions"}],"predecessor-version":[{"id":5932,"href":"https:\/\/colligatum.com\/en\/wp-json\/wp\/v2\/product\/5931\/revisions\/5932"}],"wp:featuredmedia":[{"embeddable":true,"href":"https:\/\/colligatum.com\/en\/wp-json\/wp\/v2\/media\/5753"}],"wp:attachment":[{"href":"https:\/\/colligatum.com\/en\/wp-json\/wp\/v2\/media?parent=5931"}],"wp:term":[{"taxonomy":"product_brand","embeddable":true,"href":"https:\/\/colligatum.com\/en\/wp-json\/wp\/v2\/product_brand?post=5931"},{"taxonomy":"product_cat","embeddable":true,"href":"https:\/\/colligatum.com\/en\/wp-json\/wp\/v2\/product_cat?post=5931"},{"taxonomy":"product_tag","embeddable":true,"href":"https:\/\/colligatum.com\/en\/wp-json\/wp\/v2\/product_tag?post=5931"}],"curies":[{"name":"wp","href":"https:\/\/api.w.org\/{rel}","templated":true}]}}