{"id":5940,"date":"2024-11-12T05:24:56","date_gmt":"2024-11-12T05:24:56","guid":{"rendered":"https:\/\/shop.colligatum.com\/?post_type=product&#038;p=5940"},"modified":"2026-04-11T14:48:04","modified_gmt":"2026-04-11T12:48:04","slug":"lm-silver-blue-label","status":"publish","type":"product","link":"https:\/\/colligatum.com\/en\/product\/lm-silver-blue-label\/","title":{"rendered":"L&amp;M Silver Blue Label"},"content":{"rendered":"<ul data-pm-slice=\"3 5 []\">\n<li><strong>Short description<\/strong>: \u201eL&amp;M Silver Blue Label\u201c cigaret\u0117s, kaip rodo j\u0173 pavadinimas, tur\u0117t\u0173 b\u016bti lengvesn\u0117s sud\u0117ties, ta\u010diau i\u0161laikantys \u201eL&amp;M\u201c skon\u012f. Pakuot\u0117 yra sidabrinio atspalvio, suteikianti premium i\u0161vaizd\u0105, o \u201eSilver Blue Label\u201c logotipas u\u017etikrina prek\u0117s identitet\u0105.<\/li>\n<li><strong>Value assessment<\/strong>:\n<ul>\n<li><strong>Collectible value<\/strong>: \u0160is pakelis gali tur\u0117ti didesn\u0119 vert\u0119 d\u0117l senojo dizaino ir akcizo \u017eymos.<\/li>\n<li><strong>Condition assessment<\/strong>: Pakelis yra nepa\u017eeistas ir u\u017edarytas, kas didina vert\u0119 kolekcionavimo tikslais.<\/li>\n<li><strong>Historical data and popularity<\/strong>: L&amp;M yra vienas i\u0161 populiariausi\u0173 cigare\u010di\u0173 \u017eenkl\u0173, o \u0161io pakelio dizainas atspindi tam tikr\u0105 laikotarp\u012f cigare\u010di\u0173 gamyboje.<\/li>\n<li><strong>Market trends<\/strong>: Rinkoje auga susidom\u0117jimas senaisiais cigare\u010di\u0173 pakeliais, ypa\u010d tais, kurie turi originalias akcizo \u017eymes.<\/li>\n<\/ul>\n<\/li>\n<\/ul>","protected":false},"excerpt":{"rendered":"<ul data-pm-slice=\"3 3 []\">\n<li><strong>Cigare\u010di\u0173 prekinis \u017eenklas ir pavadinimas<\/strong>: <strong>L&amp;M Silver Blue Label<\/strong><\/li>\n<li><strong>Package size<\/strong>: 20 cigare\u010di\u0173 su filtru.<\/li>\n<li><strong>Country of manufacture<\/strong>: Pagaminta Europos S\u0105jungoje, pagal \u201ePhilip Morris Products S.A.\u201c licencij\u0105, Neuchatel, \u0160veicarija.<\/li>\n<li><strong>Production period<\/strong>: Ne\u017einomas, ta\u010diau ant pakelio u\u017eklijuota senoji akcizo \u017eyma gali rodyti gamyb\u0105 prie\u0161 2010 metus.<\/li>\n<li><strong>Package type<\/strong>: Kietas plastikinis.<\/li>\n<\/ul>","protected":false},"featured_media":5761,"template":"","meta":{"_surecart_dashboard_logo_width":"180px","_surecart_dashboard_show_logo":true,"_surecart_dashboard_navigation_orders":true,"_surecart_dashboard_navigation_invoices":true,"_surecart_dashboard_navigation_subscriptions":true,"_surecart_dashboard_navigation_downloads":true,"_surecart_dashboard_navigation_billing":true,"_surecart_dashboard_navigation_account":true,"site-sidebar-layout":"default","site-content-layout":"","ast-site-content-layout":"default","site-content-style":"default","site-sidebar-style":"default","ast-global-header-display":"","ast-banner-title-visibility":"","ast-main-header-display":"","ast-hfb-above-header-display":"","ast-hfb-below-header-display":"","ast-hfb-mobile-header-display":"","site-post-title":"","ast-breadcrumbs-content":"","ast-featured-img":"","footer-sml-layout":"","theme-transparent-header-meta":"default","adv-header-id-meta":"","stick-header-meta":"","header-above-stick-meta":"","header-main-stick-meta":"","header-below-stick-meta":"","astra-migrate-meta-layouts":"set","ast-page-background-enabled":"default","ast-page-background-meta":{"desktop":{"background-color":"","background-image":"","background-repeat":"repeat","background-position":"center center","background-size":"auto","background-attachment":"scroll","background-type":"","background-media":"","overlay-type":"","overlay-color":"","overlay-opacity":"","overlay-gradient":""},"tablet":{"background-color":"","background-image":"","background-repeat":"repeat","background-position":"center center","background-size":"auto","background-attachment":"scroll","background-type":"","background-media":"","overlay-type":"","overlay-color":"","overlay-opacity":"","overlay-gradient":""},"mobile":{"background-color":"","background-image":"","background-repeat":"repeat","background-position":"center center","background-size":"auto","background-attachment":"scroll","background-type":"","background-media":"","overlay-type":"","overlay-color":"","overlay-opacity":"","overlay-gradient":""}},"ast-content-background-meta":{"desktop":{"background-color":"var(--ast-global-color-5)","background-image":"","background-repeat":"repeat","background-position":"center center","background-size":"auto","background-attachment":"scroll","background-type":"","background-media":"","overlay-type":"","overlay-color":"","overlay-opacity":"","overlay-gradient":""},"tablet":{"background-color":"var(--ast-global-color-5)","background-image":"","background-repeat":"repeat","background-position":"center center","background-size":"auto","background-attachment":"scroll","background-type":"","background-media":"","overlay-type":"","overlay-color":"","overlay-opacity":"","overlay-gradient":""},"mobile":{"background-color":"var(--ast-global-color-5)","background-image":"","background-repeat":"repeat","background-position":"center center","background-size":"auto","background-attachment":"scroll","background-type":"","background-media":"","overlay-type":"","overlay-color":"","overlay-opacity":"","overlay-gradient":""}}},"product_brand":[],"product_cat":[85],"product_tag":[],"class_list":{"0":"post-5940","1":"product","2":"type-product","3":"status-publish","4":"has-post-thumbnail","6":"product_cat-lithuania","7":"desktop-align-left","8":"tablet-align-left","9":"mobile-align-left","11":"first","12":"instock","13":"sale","14":"shipping-taxable","15":"purchasable","16":"product-type-simple","17":"add-to-wishlist-before_image"},"_links":{"self":[{"href":"https:\/\/colligatum.com\/en\/wp-json\/wp\/v2\/product\/5940","targetHints":{"allow":["GET"]}}],"collection":[{"href":"https:\/\/colligatum.com\/en\/wp-json\/wp\/v2\/product"}],"about":[{"href":"https:\/\/colligatum.com\/en\/wp-json\/wp\/v2\/types\/product"}],"version-history":[{"count":1,"href":"https:\/\/colligatum.com\/en\/wp-json\/wp\/v2\/product\/5940\/revisions"}],"predecessor-version":[{"id":5941,"href":"https:\/\/colligatum.com\/en\/wp-json\/wp\/v2\/product\/5940\/revisions\/5941"}],"wp:featuredmedia":[{"embeddable":true,"href":"https:\/\/colligatum.com\/en\/wp-json\/wp\/v2\/media\/5761"}],"wp:attachment":[{"href":"https:\/\/colligatum.com\/en\/wp-json\/wp\/v2\/media?parent=5940"}],"wp:term":[{"taxonomy":"product_brand","embeddable":true,"href":"https:\/\/colligatum.com\/en\/wp-json\/wp\/v2\/product_brand?post=5940"},{"taxonomy":"product_cat","embeddable":true,"href":"https:\/\/colligatum.com\/en\/wp-json\/wp\/v2\/product_cat?post=5940"},{"taxonomy":"product_tag","embeddable":true,"href":"https:\/\/colligatum.com\/en\/wp-json\/wp\/v2\/product_tag?post=5940"}],"curies":[{"name":"wp","href":"https:\/\/api.w.org\/{rel}","templated":true}]}}