{"id":5942,"date":"2024-11-12T05:25:55","date_gmt":"2024-11-12T05:25:55","guid":{"rendered":"https:\/\/shop.colligatum.com\/?post_type=product&#038;p=5942"},"modified":"2026-04-11T14:48:09","modified_gmt":"2026-04-11T12:48:09","slug":"lm-luminous-mark-2","status":"publish","type":"product","link":"https:\/\/colligatum.com\/en\/product\/lm-luminous-mark-2\/","title":{"rendered":"L&amp;M Luminous Mark"},"content":{"rendered":"<ol data-pm-slice=\"3 5 []\">\n<li>Apra\u0161ymas: \u0160io pakelio dizainas i\u0161siskiria ry\u0161kia geltona spalva su spalvotais akcentais, suteikiant modernumo \u012fsp\u016bd\u012f. Pakelio priekyje yra didelis L&amp;M logotipas, o apa\u010dioje \u2013 \u012fsp\u0117jimas apie r\u016bkymo pavoj\u0173 sveikatai.<\/li>\n<li>Value assessment:\n<ul>\n<li>Kolekcin\u0117 vert\u0117: Vidutin\u0117, d\u0117l ne itin reto dizaino, ta\u010diau patraukli spalvin\u0117 gama.<\/li>\n<li>B\u016bkl\u0117s vertinimas: Naujas, neatidarytas pakelis.<\/li>\n<li>Istoriniai duomenys ir populiarumas: \u0160is modelis labiau priskiriamas kasdieniams r\u016bkalams nei kolekcin\u0117ms vertyb\u0117ms.<\/li>\n<li>Rinkos tendencijos: Pana\u0161\u016bs L&amp;M pakeliai n\u0117ra reti kolekcijose, ta\u010diau j\u0173 vert\u0117 gali padid\u0117ti d\u0117l geros b\u016bkl\u0117s.<\/li>\n<\/ul>\n<\/li>\n<\/ol>","protected":false},"excerpt":{"rendered":"<p data-pm-slice=\"1 3 []\"><strong>L&amp;M \u201eLuminous Mark\u201c<\/strong><\/p>\n<ol>\n<li>Name: <strong>L&amp;M \u201eLuminous Mark\u201c<\/strong><\/li>\n<li>Size: 20 cigarettes<\/li>\n<li>Pagaminimo \u0161alis: ES, pagal \u201ePhilip Morris Products S.A.\u201c<\/li>\n<li>Pagaminimo laikotarpis: Apytiksliai 2010-2020 m.<\/li>\n<li>Pakuot\u0117s tipas: Kietas pakelis<\/li>\n<\/ol>","protected":false},"featured_media":5763,"template":"","meta":{"_surecart_dashboard_logo_width":"180px","_surecart_dashboard_show_logo":true,"_surecart_dashboard_navigation_orders":true,"_surecart_dashboard_navigation_invoices":true,"_surecart_dashboard_navigation_subscriptions":true,"_surecart_dashboard_navigation_downloads":true,"_surecart_dashboard_navigation_billing":true,"_surecart_dashboard_navigation_account":true,"site-sidebar-layout":"default","site-content-layout":"","ast-site-content-layout":"default","site-content-style":"default","site-sidebar-style":"default","ast-global-header-display":"","ast-banner-title-visibility":"","ast-main-header-display":"","ast-hfb-above-header-display":"","ast-hfb-below-header-display":"","ast-hfb-mobile-header-display":"","site-post-title":"","ast-breadcrumbs-content":"","ast-featured-img":"","footer-sml-layout":"","theme-transparent-header-meta":"default","adv-header-id-meta":"","stick-header-meta":"","header-above-stick-meta":"","header-main-stick-meta":"","header-below-stick-meta":"","astra-migrate-meta-layouts":"set","ast-page-background-enabled":"default","ast-page-background-meta":{"desktop":{"background-color":"","background-image":"","background-repeat":"repeat","background-position":"center center","background-size":"auto","background-attachment":"scroll","background-type":"","background-media":"","overlay-type":"","overlay-color":"","overlay-opacity":"","overlay-gradient":""},"tablet":{"background-color":"","background-image":"","background-repeat":"repeat","background-position":"center center","background-size":"auto","background-attachment":"scroll","background-type":"","background-media":"","overlay-type":"","overlay-color":"","overlay-opacity":"","overlay-gradient":""},"mobile":{"background-color":"","background-image":"","background-repeat":"repeat","background-position":"center center","background-size":"auto","background-attachment":"scroll","background-type":"","background-media":"","overlay-type":"","overlay-color":"","overlay-opacity":"","overlay-gradient":""}},"ast-content-background-meta":{"desktop":{"background-color":"var(--ast-global-color-5)","background-image":"","background-repeat":"repeat","background-position":"center center","background-size":"auto","background-attachment":"scroll","background-type":"","background-media":"","overlay-type":"","overlay-color":"","overlay-opacity":"","overlay-gradient":""},"tablet":{"background-color":"var(--ast-global-color-5)","background-image":"","background-repeat":"repeat","background-position":"center center","background-size":"auto","background-attachment":"scroll","background-type":"","background-media":"","overlay-type":"","overlay-color":"","overlay-opacity":"","overlay-gradient":""},"mobile":{"background-color":"var(--ast-global-color-5)","background-image":"","background-repeat":"repeat","background-position":"center center","background-size":"auto","background-attachment":"scroll","background-type":"","background-media":"","overlay-type":"","overlay-color":"","overlay-opacity":"","overlay-gradient":""}}},"product_brand":[],"product_cat":[85],"product_tag":[],"class_list":{"0":"post-5942","1":"product","2":"type-product","3":"status-publish","4":"has-post-thumbnail","6":"product_cat-lithuania","7":"desktop-align-left","8":"tablet-align-left","9":"mobile-align-left","11":"first","12":"instock","13":"sale","14":"shipping-taxable","15":"purchasable","16":"product-type-simple","17":"add-to-wishlist-before_image"},"_links":{"self":[{"href":"https:\/\/colligatum.com\/en\/wp-json\/wp\/v2\/product\/5942","targetHints":{"allow":["GET"]}}],"collection":[{"href":"https:\/\/colligatum.com\/en\/wp-json\/wp\/v2\/product"}],"about":[{"href":"https:\/\/colligatum.com\/en\/wp-json\/wp\/v2\/types\/product"}],"version-history":[{"count":1,"href":"https:\/\/colligatum.com\/en\/wp-json\/wp\/v2\/product\/5942\/revisions"}],"predecessor-version":[{"id":5943,"href":"https:\/\/colligatum.com\/en\/wp-json\/wp\/v2\/product\/5942\/revisions\/5943"}],"wp:featuredmedia":[{"embeddable":true,"href":"https:\/\/colligatum.com\/en\/wp-json\/wp\/v2\/media\/5763"}],"wp:attachment":[{"href":"https:\/\/colligatum.com\/en\/wp-json\/wp\/v2\/media?parent=5942"}],"wp:term":[{"taxonomy":"product_brand","embeddable":true,"href":"https:\/\/colligatum.com\/en\/wp-json\/wp\/v2\/product_brand?post=5942"},{"taxonomy":"product_cat","embeddable":true,"href":"https:\/\/colligatum.com\/en\/wp-json\/wp\/v2\/product_cat?post=5942"},{"taxonomy":"product_tag","embeddable":true,"href":"https:\/\/colligatum.com\/en\/wp-json\/wp\/v2\/product_tag?post=5942"}],"curies":[{"name":"wp","href":"https:\/\/api.w.org\/{rel}","templated":true}]}}