{"id":5946,"date":"2024-11-12T05:27:55","date_gmt":"2024-11-12T05:27:55","guid":{"rendered":"https:\/\/shop.colligatum.com\/?post_type=product&#038;p=5946"},"modified":"2026-04-11T14:48:50","modified_gmt":"2026-04-11T12:48:50","slug":"lm-u-spin","status":"publish","type":"product","link":"https:\/\/colligatum.com\/en\/product\/lm-u-spin\/","title":{"rendered":"L&amp;M U-Spin"},"content":{"rendered":"<ol data-pm-slice=\"3 5 []\">\n<li><strong>Description:<\/strong> \u0160i pakuot\u0117 pasi\u017eymi unikalia \u201eU-Spin\u201c funkcija, kuri leid\u017eia sukant filtro mechanizm\u0105 reguliuoti skonio intensyvum\u0105. Tamsios spalvos dizainas su oran\u017einiu ir sidabriniu logotipu suteikia \u0161iuolaiki\u0161kumo. \u012esp\u0117jamasis u\u017era\u0161as rodo rimt\u0105 po\u017ei\u016br\u012f \u012f r\u016bkymo rizik\u0105.<\/li>\n<li><strong>Value assessment:<\/strong>\n<ul>\n<li><strong>Collectible value:<\/strong> Vidutin\u0117, ta\u010diau \u201eU-Spin\u201c funkcija prideda unikalumo.<\/li>\n<li><strong>Condition:<\/strong> Pakuot\u0117, atrodo, nepa\u017eeista, tod\u0117l vert\u0117 i\u0161lieka didesn\u0117.<\/li>\n<li><strong>Historical data and popularity:<\/strong> \u201eU-Spin\u201c serija n\u0117ra pla\u010diai paplitusi, tod\u0117l gali b\u016bti patraukli kolekcininkams, ie\u0161kantiems naujesni\u0173, inovatyvi\u0173 dizain\u0173.<\/li>\n<li><strong>Market trends:<\/strong> Naujesn\u0117s kolekcin\u0117s pakuot\u0117s n\u0117ra tokios vertingos kaip senesn\u0117s, ta\u010diau j\u0173 populiarumas gali augti ateityje.<\/li>\n<\/ul>\n<\/li>\n<\/ol>","protected":false},"excerpt":{"rendered":"<p data-pm-slice=\"1 3 []\"><strong>L&amp;M U-Spin<\/strong><\/p>\n<ol>\n<li><strong>Cigarette brand and name:<\/strong> L&amp;M U-Spin<\/li>\n<li><strong>Package size:<\/strong> 20 cigarettes<\/li>\n<li><strong>Country of manufacture:<\/strong> Europos S\u0105junga (pagal \u201ePhilip Morris Products S.A.\u201c licencij\u0105)<\/li>\n<li><strong>Production period:<\/strong> Approximately 2010\u20132020.<\/li>\n<li><strong>Packaging type:<\/strong> Kieta plastiko d\u0117\u017eut\u0117<\/li>\n<\/ol>","protected":false},"featured_media":5767,"template":"","meta":{"_surecart_dashboard_logo_width":"180px","_surecart_dashboard_show_logo":true,"_surecart_dashboard_navigation_orders":true,"_surecart_dashboard_navigation_invoices":true,"_surecart_dashboard_navigation_subscriptions":true,"_surecart_dashboard_navigation_downloads":true,"_surecart_dashboard_navigation_billing":true,"_surecart_dashboard_navigation_account":true,"site-sidebar-layout":"default","site-content-layout":"","ast-site-content-layout":"default","site-content-style":"default","site-sidebar-style":"default","ast-global-header-display":"","ast-banner-title-visibility":"","ast-main-header-display":"","ast-hfb-above-header-display":"","ast-hfb-below-header-display":"","ast-hfb-mobile-header-display":"","site-post-title":"","ast-breadcrumbs-content":"","ast-featured-img":"","footer-sml-layout":"","theme-transparent-header-meta":"default","adv-header-id-meta":"","stick-header-meta":"","header-above-stick-meta":"","header-main-stick-meta":"","header-below-stick-meta":"","astra-migrate-meta-layouts":"set","ast-page-background-enabled":"default","ast-page-background-meta":{"desktop":{"background-color":"","background-image":"","background-repeat":"repeat","background-position":"center center","background-size":"auto","background-attachment":"scroll","background-type":"","background-media":"","overlay-type":"","overlay-color":"","overlay-opacity":"","overlay-gradient":""},"tablet":{"background-color":"","background-image":"","background-repeat":"repeat","background-position":"center center","background-size":"auto","background-attachment":"scroll","background-type":"","background-media":"","overlay-type":"","overlay-color":"","overlay-opacity":"","overlay-gradient":""},"mobile":{"background-color":"","background-image":"","background-repeat":"repeat","background-position":"center center","background-size":"auto","background-attachment":"scroll","background-type":"","background-media":"","overlay-type":"","overlay-color":"","overlay-opacity":"","overlay-gradient":""}},"ast-content-background-meta":{"desktop":{"background-color":"var(--ast-global-color-5)","background-image":"","background-repeat":"repeat","background-position":"center center","background-size":"auto","background-attachment":"scroll","background-type":"","background-media":"","overlay-type":"","overlay-color":"","overlay-opacity":"","overlay-gradient":""},"tablet":{"background-color":"var(--ast-global-color-5)","background-image":"","background-repeat":"repeat","background-position":"center center","background-size":"auto","background-attachment":"scroll","background-type":"","background-media":"","overlay-type":"","overlay-color":"","overlay-opacity":"","overlay-gradient":""},"mobile":{"background-color":"var(--ast-global-color-5)","background-image":"","background-repeat":"repeat","background-position":"center center","background-size":"auto","background-attachment":"scroll","background-type":"","background-media":"","overlay-type":"","overlay-color":"","overlay-opacity":"","overlay-gradient":""}}},"product_brand":[],"product_cat":[85],"product_tag":[],"class_list":{"0":"post-5946","1":"product","2":"type-product","3":"status-publish","4":"has-post-thumbnail","6":"product_cat-lithuania","7":"desktop-align-left","8":"tablet-align-left","9":"mobile-align-left","11":"first","12":"instock","13":"sale","14":"shipping-taxable","15":"purchasable","16":"product-type-simple","17":"add-to-wishlist-before_image"},"_links":{"self":[{"href":"https:\/\/colligatum.com\/en\/wp-json\/wp\/v2\/product\/5946","targetHints":{"allow":["GET"]}}],"collection":[{"href":"https:\/\/colligatum.com\/en\/wp-json\/wp\/v2\/product"}],"about":[{"href":"https:\/\/colligatum.com\/en\/wp-json\/wp\/v2\/types\/product"}],"version-history":[{"count":1,"href":"https:\/\/colligatum.com\/en\/wp-json\/wp\/v2\/product\/5946\/revisions"}],"predecessor-version":[{"id":5947,"href":"https:\/\/colligatum.com\/en\/wp-json\/wp\/v2\/product\/5946\/revisions\/5947"}],"wp:featuredmedia":[{"embeddable":true,"href":"https:\/\/colligatum.com\/en\/wp-json\/wp\/v2\/media\/5767"}],"wp:attachment":[{"href":"https:\/\/colligatum.com\/en\/wp-json\/wp\/v2\/media?parent=5946"}],"wp:term":[{"taxonomy":"product_brand","embeddable":true,"href":"https:\/\/colligatum.com\/en\/wp-json\/wp\/v2\/product_brand?post=5946"},{"taxonomy":"product_cat","embeddable":true,"href":"https:\/\/colligatum.com\/en\/wp-json\/wp\/v2\/product_cat?post=5946"},{"taxonomy":"product_tag","embeddable":true,"href":"https:\/\/colligatum.com\/en\/wp-json\/wp\/v2\/product_tag?post=5946"}],"curies":[{"name":"wp","href":"https:\/\/api.w.org\/{rel}","templated":true}]}}