{"id":5948,"date":"2024-11-12T05:28:46","date_gmt":"2024-11-12T05:28:46","guid":{"rendered":"https:\/\/shop.colligatum.com\/?post_type=product&#038;p=5948"},"modified":"2026-04-11T14:48:15","modified_gmt":"2026-04-11T12:48:15","slug":"lm-red-limited-edition","status":"publish","type":"product","link":"https:\/\/colligatum.com\/en\/product\/lm-red-limited-edition\/","title":{"rendered":"L&amp;M Red Limited Edition"},"content":{"rendered":"<ol data-pm-slice=\"3 5 []\">\n<li><strong>Short description:<\/strong>\n<ul>\n<li>Pakelis yra modernaus dizaino, papuo\u0161tas minimalistine raudona etikete, kuri atspindi klasikin\u012f stili\u0173. Apatin\u0117je dalyje i\u0161d\u0117stytas \u012fsp\u0117jamasis u\u017era\u0161as apie r\u016bkymo pavojus, o pakuot\u0117s vir\u0161uje yra \u201eL&amp;M\u201c prekinio \u017eenklo logotipas. \u0160is \u017eenklas \u017einomas d\u0117l amerikieti\u0161ko skonio cigare\u010di\u0173 mi\u0161inio. Pakelis pa\u017eym\u0117tas tarptautiniu standartiniu br\u016bk\u0161niniu kodu, kas leid\u017eia lengvai atsekti produkto kilm\u0119.<\/li>\n<\/ul>\n<\/li>\n<li><strong>Value assessment:<\/strong>\n<ul>\n<li><strong>Collectible value:<\/strong> Vidutin\u0117; priklauso nuo konkre\u010dios serijos ir gamybos met\u0173.<\/li>\n<li><strong>Condition assessment:<\/strong> Gera, jei pakuot\u0117 n\u0117ra pa\u017eeista.<\/li>\n<li><strong>Historical data and popularity:<\/strong> L&amp;M yra populiarus prekinis \u017eenklas visame pasaulyje, \u017einomas nuo 1953 m., priklausantis kompanijai \u201ePhilip Morris\u201c.<\/li>\n<\/ul>\n<\/li>\n<\/ol>","protected":false},"excerpt":{"rendered":"<p data-pm-slice=\"1 3 []\"><strong>L&amp;M\u00a0 (Raudona etiket\u0117)\u00a0Limited Edition<\/strong><\/p>\n<ol>\n<li><strong>Cigaret\u0117s prekinis \u017eenklas ir pavadinimas:<\/strong> L&amp;M (Raudona etiket\u0117)<\/li>\n<li><strong>Package size:<\/strong> 20 cigarettes<\/li>\n<li><strong>Country of manufacture:<\/strong> European Union<\/li>\n<li><strong>Production period:<\/strong> Nenustatytas, \u0161iuolaikinis laikotarpis<\/li>\n<li><strong>Package type:<\/strong> Kietas plastikinis pakelis<\/li>\n<\/ol>","protected":false},"featured_media":5769,"template":"","meta":{"_surecart_dashboard_logo_width":"180px","_surecart_dashboard_show_logo":true,"_surecart_dashboard_navigation_orders":true,"_surecart_dashboard_navigation_invoices":true,"_surecart_dashboard_navigation_subscriptions":true,"_surecart_dashboard_navigation_downloads":true,"_surecart_dashboard_navigation_billing":true,"_surecart_dashboard_navigation_account":true,"site-sidebar-layout":"default","site-content-layout":"","ast-site-content-layout":"default","site-content-style":"default","site-sidebar-style":"default","ast-global-header-display":"","ast-banner-title-visibility":"","ast-main-header-display":"","ast-hfb-above-header-display":"","ast-hfb-below-header-display":"","ast-hfb-mobile-header-display":"","site-post-title":"","ast-breadcrumbs-content":"","ast-featured-img":"","footer-sml-layout":"","theme-transparent-header-meta":"default","adv-header-id-meta":"","stick-header-meta":"","header-above-stick-meta":"","header-main-stick-meta":"","header-below-stick-meta":"","astra-migrate-meta-layouts":"set","ast-page-background-enabled":"default","ast-page-background-meta":{"desktop":{"background-color":"","background-image":"","background-repeat":"repeat","background-position":"center center","background-size":"auto","background-attachment":"scroll","background-type":"","background-media":"","overlay-type":"","overlay-color":"","overlay-opacity":"","overlay-gradient":""},"tablet":{"background-color":"","background-image":"","background-repeat":"repeat","background-position":"center center","background-size":"auto","background-attachment":"scroll","background-type":"","background-media":"","overlay-type":"","overlay-color":"","overlay-opacity":"","overlay-gradient":""},"mobile":{"background-color":"","background-image":"","background-repeat":"repeat","background-position":"center center","background-size":"auto","background-attachment":"scroll","background-type":"","background-media":"","overlay-type":"","overlay-color":"","overlay-opacity":"","overlay-gradient":""}},"ast-content-background-meta":{"desktop":{"background-color":"var(--ast-global-color-5)","background-image":"","background-repeat":"repeat","background-position":"center center","background-size":"auto","background-attachment":"scroll","background-type":"","background-media":"","overlay-type":"","overlay-color":"","overlay-opacity":"","overlay-gradient":""},"tablet":{"background-color":"var(--ast-global-color-5)","background-image":"","background-repeat":"repeat","background-position":"center center","background-size":"auto","background-attachment":"scroll","background-type":"","background-media":"","overlay-type":"","overlay-color":"","overlay-opacity":"","overlay-gradient":""},"mobile":{"background-color":"var(--ast-global-color-5)","background-image":"","background-repeat":"repeat","background-position":"center center","background-size":"auto","background-attachment":"scroll","background-type":"","background-media":"","overlay-type":"","overlay-color":"","overlay-opacity":"","overlay-gradient":""}}},"product_brand":[],"product_cat":[85],"product_tag":[],"class_list":{"0":"post-5948","1":"product","2":"type-product","3":"status-publish","4":"has-post-thumbnail","6":"product_cat-lithuania","7":"desktop-align-left","8":"tablet-align-left","9":"mobile-align-left","11":"first","12":"instock","13":"sale","14":"shipping-taxable","15":"purchasable","16":"product-type-simple","17":"add-to-wishlist-before_image"},"_links":{"self":[{"href":"https:\/\/colligatum.com\/en\/wp-json\/wp\/v2\/product\/5948","targetHints":{"allow":["GET"]}}],"collection":[{"href":"https:\/\/colligatum.com\/en\/wp-json\/wp\/v2\/product"}],"about":[{"href":"https:\/\/colligatum.com\/en\/wp-json\/wp\/v2\/types\/product"}],"version-history":[{"count":2,"href":"https:\/\/colligatum.com\/en\/wp-json\/wp\/v2\/product\/5948\/revisions"}],"predecessor-version":[{"id":26632,"href":"https:\/\/colligatum.com\/en\/wp-json\/wp\/v2\/product\/5948\/revisions\/26632"}],"wp:featuredmedia":[{"embeddable":true,"href":"https:\/\/colligatum.com\/en\/wp-json\/wp\/v2\/media\/5769"}],"wp:attachment":[{"href":"https:\/\/colligatum.com\/en\/wp-json\/wp\/v2\/media?parent=5948"}],"wp:term":[{"taxonomy":"product_brand","embeddable":true,"href":"https:\/\/colligatum.com\/en\/wp-json\/wp\/v2\/product_brand?post=5948"},{"taxonomy":"product_cat","embeddable":true,"href":"https:\/\/colligatum.com\/en\/wp-json\/wp\/v2\/product_cat?post=5948"},{"taxonomy":"product_tag","embeddable":true,"href":"https:\/\/colligatum.com\/en\/wp-json\/wp\/v2\/product_tag?post=5948"}],"curies":[{"name":"wp","href":"https:\/\/api.w.org\/{rel}","templated":true}]}}