{"id":5958,"date":"2024-11-12T05:33:56","date_gmt":"2024-11-12T05:33:56","guid":{"rendered":"https:\/\/shop.colligatum.com\/?post_type=product&#038;p=5958"},"modified":"2026-04-11T14:30:27","modified_gmt":"2026-04-11T12:30:27","slug":"lm-red-2","status":"publish","type":"product","link":"https:\/\/colligatum.com\/en\/product\/lm-red-2\/","title":{"rendered":"L&amp;M Red"},"content":{"rendered":"<ol data-pm-slice=\"3 5 []\">\n<li><strong>Description:<\/strong> Pakelis paprastos baltos ir raudonos spalv\u0173 kombinacijos su L&amp;M logotipu ir \u201eRed Label\u201c \u017eenklinimu, simbolizuojantis stipresn\u012f skon\u012f. Ant pakelio yra \u012fsp\u0117jimai apie r\u016bkymo \u017eal\u0105 sveikatai.<\/li>\n<li><strong>Value assessment:<\/strong>\n<ul>\n<li><strong>Collectible value:<\/strong> \u0160is pakelis turi vidutin\u0119 kolekcin\u0119 vert\u0119 d\u0117l L&amp;M populiarumo ir lengvai atpa\u017e\u012fstamo dizaino.<\/li>\n<li><strong>Condition:<\/strong> Pakelis nepa\u017eeistas ir atrodo naujas, kas prisideda prie jo vert\u0117s kolekcijose.<\/li>\n<li><strong>Istorin\u0117 vert\u0117 ir populiarumas:<\/strong> \u201eL&amp;M\u201c yra vienas i\u0161 \u017einomesni\u0173 preki\u0173 \u017eenkl\u0173, populiarus tiek Europoje, tiek visame pasaulyje. \u0160io modelio populiarumas tarp kolekcionieri\u0173 yra gana stabilus.<\/li>\n<li><strong>Market trends:<\/strong> Nors \u201eL&amp;M\u201c produktai yra palyginti da\u017eni, \u201eRed Label\u201c pakeliai gali tur\u0117ti ypating\u0105 vert\u0119, ypa\u010d jei tai senesnis variantas.<\/li>\n<\/ul>\n<\/li>\n<\/ol>","protected":false},"excerpt":{"rendered":"<h3 data-pm-slice=\"1 3 []\">L&amp;M &#8222;Red Label&#8221; cigare\u010di\u0173 pakelio analiz\u0117<\/h3>\n<ol>\n<li><strong>Brand and name:<\/strong> <strong>L&amp;M &#8222;Red Label&#8221;<\/strong><\/li>\n<li><strong>Pakelyje esan\u010di\u0173 cigare\u010di\u0173 skai\u010dius:<\/strong> 20 pcs.<\/li>\n<li><strong>Country of origin:<\/strong> Pagaminta Europos S\u0105jungoje Philip Morris produkt\u0173 S.A. \u012fmon\u0117s, \u0160veicarijoje<\/li>\n<li><strong>Production period:<\/strong> Nenustatytas, ta\u010diau pana\u0161\u016bs pakeliai da\u017eniausiai b\u016bdingi XX a. pab. \u2013 XXI a. pr.<\/li>\n<li><strong>Package type:<\/strong> Hard pack<\/li>\n<\/ol>","protected":false},"featured_media":5779,"template":"","meta":{"_surecart_dashboard_logo_width":"180px","_surecart_dashboard_show_logo":true,"_surecart_dashboard_navigation_orders":true,"_surecart_dashboard_navigation_invoices":true,"_surecart_dashboard_navigation_subscriptions":true,"_surecart_dashboard_navigation_downloads":true,"_surecart_dashboard_navigation_billing":true,"_surecart_dashboard_navigation_account":true,"site-sidebar-layout":"default","site-content-layout":"","ast-site-content-layout":"default","site-content-style":"default","site-sidebar-style":"default","ast-global-header-display":"","ast-banner-title-visibility":"","ast-main-header-display":"","ast-hfb-above-header-display":"","ast-hfb-below-header-display":"","ast-hfb-mobile-header-display":"","site-post-title":"","ast-breadcrumbs-content":"","ast-featured-img":"","footer-sml-layout":"","theme-transparent-header-meta":"default","adv-header-id-meta":"","stick-header-meta":"","header-above-stick-meta":"","header-main-stick-meta":"","header-below-stick-meta":"","astra-migrate-meta-layouts":"set","ast-page-background-enabled":"default","ast-page-background-meta":{"desktop":{"background-color":"","background-image":"","background-repeat":"repeat","background-position":"center center","background-size":"auto","background-attachment":"scroll","background-type":"","background-media":"","overlay-type":"","overlay-color":"","overlay-opacity":"","overlay-gradient":""},"tablet":{"background-color":"","background-image":"","background-repeat":"repeat","background-position":"center center","background-size":"auto","background-attachment":"scroll","background-type":"","background-media":"","overlay-type":"","overlay-color":"","overlay-opacity":"","overlay-gradient":""},"mobile":{"background-color":"","background-image":"","background-repeat":"repeat","background-position":"center center","background-size":"auto","background-attachment":"scroll","background-type":"","background-media":"","overlay-type":"","overlay-color":"","overlay-opacity":"","overlay-gradient":""}},"ast-content-background-meta":{"desktop":{"background-color":"var(--ast-global-color-5)","background-image":"","background-repeat":"repeat","background-position":"center center","background-size":"auto","background-attachment":"scroll","background-type":"","background-media":"","overlay-type":"","overlay-color":"","overlay-opacity":"","overlay-gradient":""},"tablet":{"background-color":"var(--ast-global-color-5)","background-image":"","background-repeat":"repeat","background-position":"center center","background-size":"auto","background-attachment":"scroll","background-type":"","background-media":"","overlay-type":"","overlay-color":"","overlay-opacity":"","overlay-gradient":""},"mobile":{"background-color":"var(--ast-global-color-5)","background-image":"","background-repeat":"repeat","background-position":"center center","background-size":"auto","background-attachment":"scroll","background-type":"","background-media":"","overlay-type":"","overlay-color":"","overlay-opacity":"","overlay-gradient":""}}},"product_brand":[],"product_cat":[85],"product_tag":[],"class_list":{"0":"post-5958","1":"product","2":"type-product","3":"status-publish","4":"has-post-thumbnail","6":"product_cat-lithuania","7":"desktop-align-left","8":"tablet-align-left","9":"mobile-align-left","11":"first","12":"instock","13":"sale","14":"shipping-taxable","15":"purchasable","16":"product-type-simple","17":"add-to-wishlist-before_image"},"_links":{"self":[{"href":"https:\/\/colligatum.com\/en\/wp-json\/wp\/v2\/product\/5958","targetHints":{"allow":["GET"]}}],"collection":[{"href":"https:\/\/colligatum.com\/en\/wp-json\/wp\/v2\/product"}],"about":[{"href":"https:\/\/colligatum.com\/en\/wp-json\/wp\/v2\/types\/product"}],"version-history":[{"count":1,"href":"https:\/\/colligatum.com\/en\/wp-json\/wp\/v2\/product\/5958\/revisions"}],"predecessor-version":[{"id":5959,"href":"https:\/\/colligatum.com\/en\/wp-json\/wp\/v2\/product\/5958\/revisions\/5959"}],"wp:featuredmedia":[{"embeddable":true,"href":"https:\/\/colligatum.com\/en\/wp-json\/wp\/v2\/media\/5779"}],"wp:attachment":[{"href":"https:\/\/colligatum.com\/en\/wp-json\/wp\/v2\/media?parent=5958"}],"wp:term":[{"taxonomy":"product_brand","embeddable":true,"href":"https:\/\/colligatum.com\/en\/wp-json\/wp\/v2\/product_brand?post=5958"},{"taxonomy":"product_cat","embeddable":true,"href":"https:\/\/colligatum.com\/en\/wp-json\/wp\/v2\/product_cat?post=5958"},{"taxonomy":"product_tag","embeddable":true,"href":"https:\/\/colligatum.com\/en\/wp-json\/wp\/v2\/product_tag?post=5958"}],"curies":[{"name":"wp","href":"https:\/\/api.w.org\/{rel}","templated":true}]}}