{"id":5968,"date":"2024-11-12T05:38:51","date_gmt":"2024-11-12T05:38:51","guid":{"rendered":"https:\/\/shop.colligatum.com\/?post_type=product&#038;p=5968"},"modified":"2026-04-04T10:11:42","modified_gmt":"2026-04-04T08:11:42","slug":"prima","status":"publish","type":"product","link":"https:\/\/colligatum.com\/en\/product\/prima\/","title":{"rendered":"First"},"content":{"rendered":"<ul data-pm-slice=\"3 3 []\">\n<li><strong>Description:<\/strong> \u201ePrima\u201c cigaret\u0117s yra \u017einomos d\u0117l savo paprasto, tradicinio dizaino. \u0160is pakelis yra raudonos spalvos su baltu logotipu, kuris i\u0161laiko prek\u0117s \u017eenklo klasikin\u0119 i\u0161vaizd\u0105 ir nostalgi\u0161k\u0105 \u012fvaizd\u012f.<\/li>\n<li><strong>Interesting fact:<\/strong> \u201ePrima\u201c cigaret\u0117s buvo ypa\u010d populiarios Ryt\u0173 Europoje sovietme\u010diu, o j\u0173 dizainas ir prekinis \u017eenklas buvo i\u0161laikytas iki \u0161iol, tod\u0117l pakelis gali b\u016bti \u012fdomus kolekcininkams d\u0117l savo istorinio ir nostalgijos vert\u0117s.<\/li>\n<\/ul>","protected":false},"excerpt":{"rendered":"<ul data-pm-slice=\"3 3 []\">\n<li><strong>Brand and name:<\/strong> Prima (Filtras 20)<\/li>\n<li><strong>Package size:<\/strong> 20 cigarettes<\/li>\n<li><strong>Country of origin:<\/strong> European Union<\/li>\n<li><strong>Production period:<\/strong> nenurodyta tiksliai, bet pagal kain\u0173 lipduk\u0105 (2,50 Lt) galima manyti, kad pakelis gal\u0117jo b\u016bti parduodamas iki euro \u012fvedimo 2015 metais Lietuvoje.<\/li>\n<li><strong>Package type:<\/strong> kietas kartonas<\/li>\n<\/ul>","protected":false},"featured_media":5790,"template":"","meta":{"_surecart_dashboard_logo_width":"180px","_surecart_dashboard_show_logo":true,"_surecart_dashboard_navigation_orders":true,"_surecart_dashboard_navigation_invoices":true,"_surecart_dashboard_navigation_subscriptions":true,"_surecart_dashboard_navigation_downloads":true,"_surecart_dashboard_navigation_billing":true,"_surecart_dashboard_navigation_account":true,"site-sidebar-layout":"default","site-content-layout":"","ast-site-content-layout":"default","site-content-style":"default","site-sidebar-style":"default","ast-global-header-display":"","ast-banner-title-visibility":"","ast-main-header-display":"","ast-hfb-above-header-display":"","ast-hfb-below-header-display":"","ast-hfb-mobile-header-display":"","site-post-title":"","ast-breadcrumbs-content":"","ast-featured-img":"","footer-sml-layout":"","theme-transparent-header-meta":"default","adv-header-id-meta":"","stick-header-meta":"","header-above-stick-meta":"","header-main-stick-meta":"","header-below-stick-meta":"","astra-migrate-meta-layouts":"set","ast-page-background-enabled":"default","ast-page-background-meta":{"desktop":{"background-color":"","background-image":"","background-repeat":"repeat","background-position":"center center","background-size":"auto","background-attachment":"scroll","background-type":"","background-media":"","overlay-type":"","overlay-color":"","overlay-opacity":"","overlay-gradient":""},"tablet":{"background-color":"","background-image":"","background-repeat":"repeat","background-position":"center center","background-size":"auto","background-attachment":"scroll","background-type":"","background-media":"","overlay-type":"","overlay-color":"","overlay-opacity":"","overlay-gradient":""},"mobile":{"background-color":"","background-image":"","background-repeat":"repeat","background-position":"center center","background-size":"auto","background-attachment":"scroll","background-type":"","background-media":"","overlay-type":"","overlay-color":"","overlay-opacity":"","overlay-gradient":""}},"ast-content-background-meta":{"desktop":{"background-color":"var(--ast-global-color-5)","background-image":"","background-repeat":"repeat","background-position":"center center","background-size":"auto","background-attachment":"scroll","background-type":"","background-media":"","overlay-type":"","overlay-color":"","overlay-opacity":"","overlay-gradient":""},"tablet":{"background-color":"var(--ast-global-color-5)","background-image":"","background-repeat":"repeat","background-position":"center center","background-size":"auto","background-attachment":"scroll","background-type":"","background-media":"","overlay-type":"","overlay-color":"","overlay-opacity":"","overlay-gradient":""},"mobile":{"background-color":"var(--ast-global-color-5)","background-image":"","background-repeat":"repeat","background-position":"center center","background-size":"auto","background-attachment":"scroll","background-type":"","background-media":"","overlay-type":"","overlay-color":"","overlay-opacity":"","overlay-gradient":""}}},"product_brand":[],"product_cat":[85],"product_tag":[],"class_list":{"0":"post-5968","1":"product","2":"type-product","3":"status-publish","4":"has-post-thumbnail","6":"product_cat-lithuania","7":"desktop-align-left","8":"tablet-align-left","9":"mobile-align-left","11":"first","12":"outofstock","13":"sale","14":"shipping-taxable","15":"purchasable","16":"product-type-simple","17":"add-to-wishlist-before_image"},"_links":{"self":[{"href":"https:\/\/colligatum.com\/en\/wp-json\/wp\/v2\/product\/5968","targetHints":{"allow":["GET"]}}],"collection":[{"href":"https:\/\/colligatum.com\/en\/wp-json\/wp\/v2\/product"}],"about":[{"href":"https:\/\/colligatum.com\/en\/wp-json\/wp\/v2\/types\/product"}],"version-history":[{"count":1,"href":"https:\/\/colligatum.com\/en\/wp-json\/wp\/v2\/product\/5968\/revisions"}],"predecessor-version":[{"id":5969,"href":"https:\/\/colligatum.com\/en\/wp-json\/wp\/v2\/product\/5968\/revisions\/5969"}],"wp:featuredmedia":[{"embeddable":true,"href":"https:\/\/colligatum.com\/en\/wp-json\/wp\/v2\/media\/5790"}],"wp:attachment":[{"href":"https:\/\/colligatum.com\/en\/wp-json\/wp\/v2\/media?parent=5968"}],"wp:term":[{"taxonomy":"product_brand","embeddable":true,"href":"https:\/\/colligatum.com\/en\/wp-json\/wp\/v2\/product_brand?post=5968"},{"taxonomy":"product_cat","embeddable":true,"href":"https:\/\/colligatum.com\/en\/wp-json\/wp\/v2\/product_cat?post=5968"},{"taxonomy":"product_tag","embeddable":true,"href":"https:\/\/colligatum.com\/en\/wp-json\/wp\/v2\/product_tag?post=5968"}],"curies":[{"name":"wp","href":"https:\/\/api.w.org\/{rel}","templated":true}]}}