{"id":5974,"date":"2024-11-12T05:41:48","date_gmt":"2024-11-12T05:41:48","guid":{"rendered":"https:\/\/shop.colligatum.com\/?post_type=product&#038;p=5974"},"modified":"2024-11-12T18:22:07","modified_gmt":"2024-11-12T18:22:07","slug":"next-quality","status":"publish","type":"product","link":"https:\/\/colligatum.com\/en\/product\/next-quality\/","title":{"rendered":"NEXT Quality"},"content":{"rendered":"<ol data-pm-slice=\"3 1 []\">\n<li><strong>Description<\/strong>: Pakuot\u0117 yra raudonos spalvos, kas simbolizuoja stipresn\u012f skon\u012f. Ant pakelio u\u017era\u0161as \u201eQuality American Blend\u201c suteikia cigaret\u0117ms amerikieti\u0161kos tabako r\u016b\u0161ies poj\u016bt\u012f. Dizainas minimalistinis, su \u201eNEXT\u201c logotipu, kuris u\u017etikrina prekinio \u017eenklo atpa\u017e\u012fstamum\u0105. Ant pakuot\u0117s pateikiama didel\u0117 sveikatos \u012fsp\u0117jimo \u017eyma.\n<p>&nbsp;<\/li>\n<\/ol>\n<p>\u012edomus faktas: \u201eNEXT\u201c cigaret\u0117s priklauso \u201ePhilip Morris\u201c gaminiams ir da\u017enai yra pasirenkamos d\u0117l j\u0173 pigesn\u0117s kainos, palyginti su kitais \u201ePhilip Morris\u201c prek\u0117s \u017eenklais, tokiais kaip \u201eMarlboro\u201c.<\/p>","protected":false},"excerpt":{"rendered":"<p data-pm-slice=\"1 3 []\">\u0160tai analiz\u0117 apie naujausiai pateikt\u0105 \u201eNEXT\u201c cigare\u010di\u0173 pakel\u012f:<\/p>\n<ol>\n<li><strong>Cigarette brand and name<\/strong>: NEXT Quality American Blend<\/li>\n<li><strong>Pakuot\u0117s dydis<\/strong>: 20 cigarettes<\/li>\n<li><strong>Country of origin<\/strong>: Europos S\u0105junga (pagaminta UAB Philip Morris Lietuva)<\/li>\n<li><strong>Production period<\/strong>: Apie 2000-ieji metai<\/li>\n<li><strong>Packaging type<\/strong>: Standi d\u0117\u017eut\u0117<\/li>\n<\/ol>","protected":false},"featured_media":5795,"template":"","meta":{"_surecart_dashboard_logo_width":"180px","_surecart_dashboard_show_logo":true,"_surecart_dashboard_navigation_orders":true,"_surecart_dashboard_navigation_invoices":true,"_surecart_dashboard_navigation_subscriptions":true,"_surecart_dashboard_navigation_downloads":true,"_surecart_dashboard_navigation_billing":true,"_surecart_dashboard_navigation_account":true,"site-sidebar-layout":"default","site-content-layout":"","ast-site-content-layout":"default","site-content-style":"default","site-sidebar-style":"default","ast-global-header-display":"","ast-banner-title-visibility":"","ast-main-header-display":"","ast-hfb-above-header-display":"","ast-hfb-below-header-display":"","ast-hfb-mobile-header-display":"","site-post-title":"","ast-breadcrumbs-content":"","ast-featured-img":"","footer-sml-layout":"","theme-transparent-header-meta":"default","adv-header-id-meta":"","stick-header-meta":"","header-above-stick-meta":"","header-main-stick-meta":"","header-below-stick-meta":"","astra-migrate-meta-layouts":"set","ast-page-background-enabled":"default","ast-page-background-meta":{"desktop":{"background-color":"","background-image":"","background-repeat":"repeat","background-position":"center center","background-size":"auto","background-attachment":"scroll","background-type":"","background-media":"","overlay-type":"","overlay-color":"","overlay-opacity":"","overlay-gradient":""},"tablet":{"background-color":"","background-image":"","background-repeat":"repeat","background-position":"center center","background-size":"auto","background-attachment":"scroll","background-type":"","background-media":"","overlay-type":"","overlay-color":"","overlay-opacity":"","overlay-gradient":""},"mobile":{"background-color":"","background-image":"","background-repeat":"repeat","background-position":"center center","background-size":"auto","background-attachment":"scroll","background-type":"","background-media":"","overlay-type":"","overlay-color":"","overlay-opacity":"","overlay-gradient":""}},"ast-content-background-meta":{"desktop":{"background-color":"var(--ast-global-color-5)","background-image":"","background-repeat":"repeat","background-position":"center center","background-size":"auto","background-attachment":"scroll","background-type":"","background-media":"","overlay-type":"","overlay-color":"","overlay-opacity":"","overlay-gradient":""},"tablet":{"background-color":"var(--ast-global-color-5)","background-image":"","background-repeat":"repeat","background-position":"center center","background-size":"auto","background-attachment":"scroll","background-type":"","background-media":"","overlay-type":"","overlay-color":"","overlay-opacity":"","overlay-gradient":""},"mobile":{"background-color":"var(--ast-global-color-5)","background-image":"","background-repeat":"repeat","background-position":"center center","background-size":"auto","background-attachment":"scroll","background-type":"","background-media":"","overlay-type":"","overlay-color":"","overlay-opacity":"","overlay-gradient":""}}},"product_brand":[],"product_cat":[85],"product_tag":[],"class_list":{"0":"post-5974","1":"product","2":"type-product","3":"status-publish","4":"has-post-thumbnail","6":"product_cat-lithuania","7":"desktop-align-left","8":"tablet-align-left","9":"mobile-align-left","11":"first","12":"instock","13":"sale","14":"shipping-taxable","15":"purchasable","16":"product-type-simple","17":"add-to-wishlist-before_image"},"_links":{"self":[{"href":"https:\/\/colligatum.com\/en\/wp-json\/wp\/v2\/product\/5974","targetHints":{"allow":["GET"]}}],"collection":[{"href":"https:\/\/colligatum.com\/en\/wp-json\/wp\/v2\/product"}],"about":[{"href":"https:\/\/colligatum.com\/en\/wp-json\/wp\/v2\/types\/product"}],"version-history":[{"count":1,"href":"https:\/\/colligatum.com\/en\/wp-json\/wp\/v2\/product\/5974\/revisions"}],"predecessor-version":[{"id":5975,"href":"https:\/\/colligatum.com\/en\/wp-json\/wp\/v2\/product\/5974\/revisions\/5975"}],"wp:featuredmedia":[{"embeddable":true,"href":"https:\/\/colligatum.com\/en\/wp-json\/wp\/v2\/media\/5795"}],"wp:attachment":[{"href":"https:\/\/colligatum.com\/en\/wp-json\/wp\/v2\/media?parent=5974"}],"wp:term":[{"taxonomy":"product_brand","embeddable":true,"href":"https:\/\/colligatum.com\/en\/wp-json\/wp\/v2\/product_brand?post=5974"},{"taxonomy":"product_cat","embeddable":true,"href":"https:\/\/colligatum.com\/en\/wp-json\/wp\/v2\/product_cat?post=5974"},{"taxonomy":"product_tag","embeddable":true,"href":"https:\/\/colligatum.com\/en\/wp-json\/wp\/v2\/product_tag?post=5974"}],"curies":[{"name":"wp","href":"https:\/\/api.w.org\/{rel}","templated":true}]}}