{"id":5976,"date":"2024-11-12T05:42:52","date_gmt":"2024-11-12T05:42:52","guid":{"rendered":"https:\/\/shop.colligatum.com\/?post_type=product&#038;p=5976"},"modified":"2024-11-12T18:22:13","modified_gmt":"2024-11-12T18:22:13","slug":"next-quality-2","status":"publish","type":"product","link":"https:\/\/colligatum.com\/en\/product\/next-quality-2\/","title":{"rendered":"Next Quality"},"content":{"rendered":"<ol data-pm-slice=\"3 1 []\">\n<li><strong>Description:<\/strong> Next cigaret\u0117s pasi\u017eymi tamsiai m\u0117lynu dizainu su raudona ir sidabrine spalvomis, simbolizuojan\u010diomis kokyb\u0119 ir elegancij\u0105. Pakelis nurodo kokybi\u0161k\u0105 amerikieti\u0161k\u0105 tabak\u0105 ir turi sveikatos apsaugos ministerijos \u012fsp\u0117jim\u0105: \u201eR\u016bkymas \u017eudo\u201c.\n<p>&nbsp;<\/li>\n<\/ol>\n<p>\u012edomus faktas: Next cigare\u010di\u0173 prekinis \u017eenklas yra populiarus d\u0117l savo &#8222;American Blend&#8221; mi\u0161inio, kur\u012f sudaro \u0161velniai d\u017eiovinti tabako lapai, sukuriantys sodr\u0173, ta\u010diau subtil\u0173 skon\u012f.<\/p>","protected":false},"excerpt":{"rendered":"<p data-pm-slice=\"1 3 []\">\n<ol>\n<li><strong>Brand and name:<\/strong> Next Quality American Blend<\/li>\n<li><strong>Package size:<\/strong> 20 cigarettes with filter<\/li>\n<li><strong>Country of manufacture:<\/strong> Lithuania<\/li>\n<li><strong>Production period:<\/strong> nenustatytas<\/li>\n<li><strong>Package type:<\/strong> Hard pack<\/li>\n<\/ol>","protected":false},"featured_media":5797,"template":"","meta":{"_surecart_dashboard_logo_width":"180px","_surecart_dashboard_show_logo":true,"_surecart_dashboard_navigation_orders":true,"_surecart_dashboard_navigation_invoices":true,"_surecart_dashboard_navigation_subscriptions":true,"_surecart_dashboard_navigation_downloads":true,"_surecart_dashboard_navigation_billing":true,"_surecart_dashboard_navigation_account":true,"site-sidebar-layout":"default","site-content-layout":"","ast-site-content-layout":"default","site-content-style":"default","site-sidebar-style":"default","ast-global-header-display":"","ast-banner-title-visibility":"","ast-main-header-display":"","ast-hfb-above-header-display":"","ast-hfb-below-header-display":"","ast-hfb-mobile-header-display":"","site-post-title":"","ast-breadcrumbs-content":"","ast-featured-img":"","footer-sml-layout":"","theme-transparent-header-meta":"default","adv-header-id-meta":"","stick-header-meta":"","header-above-stick-meta":"","header-main-stick-meta":"","header-below-stick-meta":"","astra-migrate-meta-layouts":"set","ast-page-background-enabled":"default","ast-page-background-meta":{"desktop":{"background-color":"","background-image":"","background-repeat":"repeat","background-position":"center center","background-size":"auto","background-attachment":"scroll","background-type":"","background-media":"","overlay-type":"","overlay-color":"","overlay-opacity":"","overlay-gradient":""},"tablet":{"background-color":"","background-image":"","background-repeat":"repeat","background-position":"center center","background-size":"auto","background-attachment":"scroll","background-type":"","background-media":"","overlay-type":"","overlay-color":"","overlay-opacity":"","overlay-gradient":""},"mobile":{"background-color":"","background-image":"","background-repeat":"repeat","background-position":"center center","background-size":"auto","background-attachment":"scroll","background-type":"","background-media":"","overlay-type":"","overlay-color":"","overlay-opacity":"","overlay-gradient":""}},"ast-content-background-meta":{"desktop":{"background-color":"var(--ast-global-color-5)","background-image":"","background-repeat":"repeat","background-position":"center center","background-size":"auto","background-attachment":"scroll","background-type":"","background-media":"","overlay-type":"","overlay-color":"","overlay-opacity":"","overlay-gradient":""},"tablet":{"background-color":"var(--ast-global-color-5)","background-image":"","background-repeat":"repeat","background-position":"center center","background-size":"auto","background-attachment":"scroll","background-type":"","background-media":"","overlay-type":"","overlay-color":"","overlay-opacity":"","overlay-gradient":""},"mobile":{"background-color":"var(--ast-global-color-5)","background-image":"","background-repeat":"repeat","background-position":"center center","background-size":"auto","background-attachment":"scroll","background-type":"","background-media":"","overlay-type":"","overlay-color":"","overlay-opacity":"","overlay-gradient":""}}},"product_brand":[],"product_cat":[85],"product_tag":[],"class_list":{"0":"post-5976","1":"product","2":"type-product","3":"status-publish","4":"has-post-thumbnail","6":"product_cat-lithuania","7":"desktop-align-left","8":"tablet-align-left","9":"mobile-align-left","11":"first","12":"instock","13":"sale","14":"shipping-taxable","15":"purchasable","16":"product-type-simple","17":"add-to-wishlist-before_image"},"_links":{"self":[{"href":"https:\/\/colligatum.com\/en\/wp-json\/wp\/v2\/product\/5976","targetHints":{"allow":["GET"]}}],"collection":[{"href":"https:\/\/colligatum.com\/en\/wp-json\/wp\/v2\/product"}],"about":[{"href":"https:\/\/colligatum.com\/en\/wp-json\/wp\/v2\/types\/product"}],"version-history":[{"count":1,"href":"https:\/\/colligatum.com\/en\/wp-json\/wp\/v2\/product\/5976\/revisions"}],"predecessor-version":[{"id":5977,"href":"https:\/\/colligatum.com\/en\/wp-json\/wp\/v2\/product\/5976\/revisions\/5977"}],"wp:featuredmedia":[{"embeddable":true,"href":"https:\/\/colligatum.com\/en\/wp-json\/wp\/v2\/media\/5797"}],"wp:attachment":[{"href":"https:\/\/colligatum.com\/en\/wp-json\/wp\/v2\/media?parent=5976"}],"wp:term":[{"taxonomy":"product_brand","embeddable":true,"href":"https:\/\/colligatum.com\/en\/wp-json\/wp\/v2\/product_brand?post=5976"},{"taxonomy":"product_cat","embeddable":true,"href":"https:\/\/colligatum.com\/en\/wp-json\/wp\/v2\/product_cat?post=5976"},{"taxonomy":"product_tag","embeddable":true,"href":"https:\/\/colligatum.com\/en\/wp-json\/wp\/v2\/product_tag?post=5976"}],"curies":[{"name":"wp","href":"https:\/\/api.w.org\/{rel}","templated":true}]}}