{"id":5978,"date":"2024-11-12T05:43:37","date_gmt":"2024-11-12T05:43:37","guid":{"rendered":"https:\/\/shop.colligatum.com\/?post_type=product&#038;p=5978"},"modified":"2024-11-12T18:22:36","modified_gmt":"2024-11-12T18:22:36","slug":"red-white-fine-100s","status":"publish","type":"product","link":"https:\/\/colligatum.com\/en\/product\/red-white-fine-100s\/","title":{"rendered":"Red &amp; White Fine 100&#039;s"},"content":{"rendered":"<p data-pm-slice=\"1 1 [&quot;bulletList&quot;,{},&quot;listItem&quot;,{}]\"><strong>Apra\u0161ymas<\/strong>: \u201eRed &amp; White Fine 100&#8217;s\u201c cigaret\u0117s su \u201eAmerican Blend\u201c tabako mi\u0161iniu. Pakelio dizainas minimalistinis, su baltu ir raudonu logotipu bei tarptautiniu u\u017era\u0161u. Pakelyje i\u0161ry\u0161kintas sveikatos apsaugos \u012fsp\u0117jimas, kad \u201eR\u016bkymas \u017eudo\u201c, taip pat persp\u0117jimas apie r\u016bkymo keliam\u0105 \u017eal\u0105 n\u0117\u0161\u010diosioms.<\/p>\n","protected":false},"excerpt":{"rendered":"<ul data-pm-slice=\"3 3 []\">\n<li><strong>Cigarette brand and name<\/strong>: <strong>Red &amp; White Fine 100&#8217;s<\/strong><\/li>\n<li><strong>Pakelyje esan\u010di\u0173 cigare\u010di\u0173 kiekis<\/strong>: 20<\/li>\n<li><strong>Country of manufacture<\/strong>: Lietuva (pagaminta Philip Morris Lietuva, Klaip\u0117doje)<\/li>\n<li><strong>Production period<\/strong>: \u012evertinus lietuvi\u0161k\u0105 kainos lipduk\u0105 (3,10 Lt) ir \u012fsp\u0117jamuosius u\u017era\u0161us, galimas gamybos laikotarpis yra apie 2000\u20132010 metai.<\/li>\n<li><strong>Package type<\/strong>: Hard pack<\/li>\n<\/ul>","protected":false},"featured_media":5799,"template":"","meta":{"_surecart_dashboard_logo_width":"180px","_surecart_dashboard_show_logo":true,"_surecart_dashboard_navigation_orders":true,"_surecart_dashboard_navigation_invoices":true,"_surecart_dashboard_navigation_subscriptions":true,"_surecart_dashboard_navigation_downloads":true,"_surecart_dashboard_navigation_billing":true,"_surecart_dashboard_navigation_account":true,"site-sidebar-layout":"default","site-content-layout":"","ast-site-content-layout":"default","site-content-style":"default","site-sidebar-style":"default","ast-global-header-display":"","ast-banner-title-visibility":"","ast-main-header-display":"","ast-hfb-above-header-display":"","ast-hfb-below-header-display":"","ast-hfb-mobile-header-display":"","site-post-title":"","ast-breadcrumbs-content":"","ast-featured-img":"","footer-sml-layout":"","theme-transparent-header-meta":"default","adv-header-id-meta":"","stick-header-meta":"","header-above-stick-meta":"","header-main-stick-meta":"","header-below-stick-meta":"","astra-migrate-meta-layouts":"set","ast-page-background-enabled":"default","ast-page-background-meta":{"desktop":{"background-color":"","background-image":"","background-repeat":"repeat","background-position":"center center","background-size":"auto","background-attachment":"scroll","background-type":"","background-media":"","overlay-type":"","overlay-color":"","overlay-opacity":"","overlay-gradient":""},"tablet":{"background-color":"","background-image":"","background-repeat":"repeat","background-position":"center center","background-size":"auto","background-attachment":"scroll","background-type":"","background-media":"","overlay-type":"","overlay-color":"","overlay-opacity":"","overlay-gradient":""},"mobile":{"background-color":"","background-image":"","background-repeat":"repeat","background-position":"center center","background-size":"auto","background-attachment":"scroll","background-type":"","background-media":"","overlay-type":"","overlay-color":"","overlay-opacity":"","overlay-gradient":""}},"ast-content-background-meta":{"desktop":{"background-color":"var(--ast-global-color-5)","background-image":"","background-repeat":"repeat","background-position":"center center","background-size":"auto","background-attachment":"scroll","background-type":"","background-media":"","overlay-type":"","overlay-color":"","overlay-opacity":"","overlay-gradient":""},"tablet":{"background-color":"var(--ast-global-color-5)","background-image":"","background-repeat":"repeat","background-position":"center center","background-size":"auto","background-attachment":"scroll","background-type":"","background-media":"","overlay-type":"","overlay-color":"","overlay-opacity":"","overlay-gradient":""},"mobile":{"background-color":"var(--ast-global-color-5)","background-image":"","background-repeat":"repeat","background-position":"center center","background-size":"auto","background-attachment":"scroll","background-type":"","background-media":"","overlay-type":"","overlay-color":"","overlay-opacity":"","overlay-gradient":""}}},"product_brand":[],"product_cat":[85],"product_tag":[],"class_list":{"0":"post-5978","1":"product","2":"type-product","3":"status-publish","4":"has-post-thumbnail","6":"product_cat-lithuania","7":"desktop-align-left","8":"tablet-align-left","9":"mobile-align-left","11":"first","12":"instock","13":"sale","14":"shipping-taxable","15":"purchasable","16":"product-type-simple","17":"add-to-wishlist-before_image"},"_links":{"self":[{"href":"https:\/\/colligatum.com\/en\/wp-json\/wp\/v2\/product\/5978","targetHints":{"allow":["GET"]}}],"collection":[{"href":"https:\/\/colligatum.com\/en\/wp-json\/wp\/v2\/product"}],"about":[{"href":"https:\/\/colligatum.com\/en\/wp-json\/wp\/v2\/types\/product"}],"version-history":[{"count":1,"href":"https:\/\/colligatum.com\/en\/wp-json\/wp\/v2\/product\/5978\/revisions"}],"predecessor-version":[{"id":5979,"href":"https:\/\/colligatum.com\/en\/wp-json\/wp\/v2\/product\/5978\/revisions\/5979"}],"wp:featuredmedia":[{"embeddable":true,"href":"https:\/\/colligatum.com\/en\/wp-json\/wp\/v2\/media\/5799"}],"wp:attachment":[{"href":"https:\/\/colligatum.com\/en\/wp-json\/wp\/v2\/media?parent=5978"}],"wp:term":[{"taxonomy":"product_brand","embeddable":true,"href":"https:\/\/colligatum.com\/en\/wp-json\/wp\/v2\/product_brand?post=5978"},{"taxonomy":"product_cat","embeddable":true,"href":"https:\/\/colligatum.com\/en\/wp-json\/wp\/v2\/product_cat?post=5978"},{"taxonomy":"product_tag","embeddable":true,"href":"https:\/\/colligatum.com\/en\/wp-json\/wp\/v2\/product_tag?post=5978"}],"curies":[{"name":"wp","href":"https:\/\/api.w.org\/{rel}","templated":true}]}}