{"id":5980,"date":"2024-11-12T05:44:29","date_gmt":"2024-11-12T05:44:29","guid":{"rendered":"https:\/\/shop.colligatum.com\/?post_type=product&#038;p=5980"},"modified":"2024-11-12T18:22:47","modified_gmt":"2024-11-12T18:22:47","slug":"red-white-full-flavor","status":"publish","type":"product","link":"https:\/\/colligatum.com\/en\/product\/red-white-full-flavor\/","title":{"rendered":"Red &amp; White Full Flavor"},"content":{"rendered":"<p data-pm-slice=\"1 1 [&quot;orderedList&quot;,{&quot;start&quot;:1},&quot;listItem&quot;,{}]\"><strong>Apra\u0161ymas<\/strong>: Pakelis yra su raudona ir balta spalv\u0173 dizainu, o ant vir\u0161aus matomas \u201eFull Flavor\u201c u\u017era\u0161as, nurodantis cigare\u010di\u0173 stiprum\u0105. Dizainas yra paprastas, dominuoja kontrastingos spalvos, o apa\u010dioje yra \u012fsp\u0117jamasis u\u017era\u0161as apie r\u016bkymo \u017eal\u0105 sveikatai.<\/p>\n","protected":false},"excerpt":{"rendered":"<h3 data-pm-slice=\"1 3 []\">Red &amp; White &#8222;Full Flavor&#8221;<\/h3>\n<ol>\n<li><strong>Brand and name<\/strong>: <strong>Red &amp; White &#8222;Pilno skonio&#8221;<\/strong><\/li>\n<li><strong>Size<\/strong>: 20 cigarettes<\/li>\n<li><strong>Country of origin<\/strong>: Lietuva (UAB Philip Morris Lietuva)<\/li>\n<li><strong>Production period<\/strong>: n\u0117ra ai\u0161kiai matomo gamybos laikotarpio<\/li>\n<li><strong>Package type<\/strong>: Hard pack<\/li>\n<\/ol>","protected":false},"featured_media":5801,"template":"","meta":{"_surecart_dashboard_logo_width":"180px","_surecart_dashboard_show_logo":true,"_surecart_dashboard_navigation_orders":true,"_surecart_dashboard_navigation_invoices":true,"_surecart_dashboard_navigation_subscriptions":true,"_surecart_dashboard_navigation_downloads":true,"_surecart_dashboard_navigation_billing":true,"_surecart_dashboard_navigation_account":true,"site-sidebar-layout":"default","site-content-layout":"","ast-site-content-layout":"default","site-content-style":"default","site-sidebar-style":"default","ast-global-header-display":"","ast-banner-title-visibility":"","ast-main-header-display":"","ast-hfb-above-header-display":"","ast-hfb-below-header-display":"","ast-hfb-mobile-header-display":"","site-post-title":"","ast-breadcrumbs-content":"","ast-featured-img":"","footer-sml-layout":"","theme-transparent-header-meta":"default","adv-header-id-meta":"","stick-header-meta":"","header-above-stick-meta":"","header-main-stick-meta":"","header-below-stick-meta":"","astra-migrate-meta-layouts":"set","ast-page-background-enabled":"default","ast-page-background-meta":{"desktop":{"background-color":"","background-image":"","background-repeat":"repeat","background-position":"center center","background-size":"auto","background-attachment":"scroll","background-type":"","background-media":"","overlay-type":"","overlay-color":"","overlay-opacity":"","overlay-gradient":""},"tablet":{"background-color":"","background-image":"","background-repeat":"repeat","background-position":"center center","background-size":"auto","background-attachment":"scroll","background-type":"","background-media":"","overlay-type":"","overlay-color":"","overlay-opacity":"","overlay-gradient":""},"mobile":{"background-color":"","background-image":"","background-repeat":"repeat","background-position":"center center","background-size":"auto","background-attachment":"scroll","background-type":"","background-media":"","overlay-type":"","overlay-color":"","overlay-opacity":"","overlay-gradient":""}},"ast-content-background-meta":{"desktop":{"background-color":"var(--ast-global-color-5)","background-image":"","background-repeat":"repeat","background-position":"center center","background-size":"auto","background-attachment":"scroll","background-type":"","background-media":"","overlay-type":"","overlay-color":"","overlay-opacity":"","overlay-gradient":""},"tablet":{"background-color":"var(--ast-global-color-5)","background-image":"","background-repeat":"repeat","background-position":"center center","background-size":"auto","background-attachment":"scroll","background-type":"","background-media":"","overlay-type":"","overlay-color":"","overlay-opacity":"","overlay-gradient":""},"mobile":{"background-color":"var(--ast-global-color-5)","background-image":"","background-repeat":"repeat","background-position":"center center","background-size":"auto","background-attachment":"scroll","background-type":"","background-media":"","overlay-type":"","overlay-color":"","overlay-opacity":"","overlay-gradient":""}}},"product_brand":[],"product_cat":[85],"product_tag":[],"class_list":{"0":"post-5980","1":"product","2":"type-product","3":"status-publish","4":"has-post-thumbnail","6":"product_cat-lithuania","7":"desktop-align-left","8":"tablet-align-left","9":"mobile-align-left","11":"first","12":"instock","13":"sale","14":"shipping-taxable","15":"purchasable","16":"product-type-simple","17":"add-to-wishlist-before_image"},"_links":{"self":[{"href":"https:\/\/colligatum.com\/en\/wp-json\/wp\/v2\/product\/5980","targetHints":{"allow":["GET"]}}],"collection":[{"href":"https:\/\/colligatum.com\/en\/wp-json\/wp\/v2\/product"}],"about":[{"href":"https:\/\/colligatum.com\/en\/wp-json\/wp\/v2\/types\/product"}],"version-history":[{"count":1,"href":"https:\/\/colligatum.com\/en\/wp-json\/wp\/v2\/product\/5980\/revisions"}],"predecessor-version":[{"id":5981,"href":"https:\/\/colligatum.com\/en\/wp-json\/wp\/v2\/product\/5980\/revisions\/5981"}],"wp:featuredmedia":[{"embeddable":true,"href":"https:\/\/colligatum.com\/en\/wp-json\/wp\/v2\/media\/5801"}],"wp:attachment":[{"href":"https:\/\/colligatum.com\/en\/wp-json\/wp\/v2\/media?parent=5980"}],"wp:term":[{"taxonomy":"product_brand","embeddable":true,"href":"https:\/\/colligatum.com\/en\/wp-json\/wp\/v2\/product_brand?post=5980"},{"taxonomy":"product_cat","embeddable":true,"href":"https:\/\/colligatum.com\/en\/wp-json\/wp\/v2\/product_cat?post=5980"},{"taxonomy":"product_tag","embeddable":true,"href":"https:\/\/colligatum.com\/en\/wp-json\/wp\/v2\/product_tag?post=5980"}],"curies":[{"name":"wp","href":"https:\/\/api.w.org\/{rel}","templated":true}]}}