{"id":5984,"date":"2024-11-12T05:46:25","date_gmt":"2024-11-12T05:46:25","guid":{"rendered":"https:\/\/shop.colligatum.com\/?post_type=product&#038;p=5984"},"modified":"2024-11-12T18:22:59","modified_gmt":"2024-11-12T18:22:59","slug":"red-white-specials-3","status":"publish","type":"product","link":"https:\/\/colligatum.com\/en\/product\/red-white-specials-3\/","title":{"rendered":"Red &amp; White Specials"},"content":{"rendered":"<ol data-pm-slice=\"3 3 []\">\n<li><strong>Description:<\/strong> Pakelis yra i\u0161siskiriantis baltos ir raudonos spalv\u0173 deriniu, b\u016bdingu \u201eRed &amp; White\u201c serijai. Ant pakelio yra \u012fsp\u0117jimas apie r\u016bkymo \u017eal\u0105, \u012fra\u0161ytas lietuvi\u0173 kalba. Pakelis dekoruotas klasikiniu \u201eRed &amp; White\u201c logotipu su u\u017era\u0161u \u201eSpecials\u201c apa\u010dioje, kas rodo, jog tai yra riboto leidimo arba specialus variantas.<\/li>\n<li><strong>Interesting fact:<\/strong> \u201eRed &amp; White\u201c prek\u0117s \u017eenklas yra sukurtas siekiant pabr\u0117\u017eti Amerikos stiliaus tabak\u0105, skirt\u0105 Europai. \u0160io tipo cigaret\u0117s buvo populiarios tiek d\u0117l savo kokyb\u0117s, tiek d\u0117l patrauklios kainos.<\/li>\n<\/ol>","protected":false},"excerpt":{"rendered":"<p data-pm-slice=\"1 3 []\"><strong>Red &amp; White Specials<\/strong><\/p>\n<ol>\n<li><strong>Size:<\/strong> 20 cigarettes<\/li>\n<li><strong>Country of manufacture:<\/strong> Lithuania<\/li>\n<li><strong>Period:<\/strong> apie 2000-ieji metai<\/li>\n<li><strong>Package type:<\/strong> Hard<\/li>\n<\/ol>","protected":false},"featured_media":5805,"template":"","meta":{"_surecart_dashboard_logo_width":"180px","_surecart_dashboard_show_logo":true,"_surecart_dashboard_navigation_orders":true,"_surecart_dashboard_navigation_invoices":true,"_surecart_dashboard_navigation_subscriptions":true,"_surecart_dashboard_navigation_downloads":true,"_surecart_dashboard_navigation_billing":true,"_surecart_dashboard_navigation_account":true,"site-sidebar-layout":"default","site-content-layout":"","ast-site-content-layout":"default","site-content-style":"default","site-sidebar-style":"default","ast-global-header-display":"","ast-banner-title-visibility":"","ast-main-header-display":"","ast-hfb-above-header-display":"","ast-hfb-below-header-display":"","ast-hfb-mobile-header-display":"","site-post-title":"","ast-breadcrumbs-content":"","ast-featured-img":"","footer-sml-layout":"","theme-transparent-header-meta":"default","adv-header-id-meta":"","stick-header-meta":"","header-above-stick-meta":"","header-main-stick-meta":"","header-below-stick-meta":"","astra-migrate-meta-layouts":"set","ast-page-background-enabled":"default","ast-page-background-meta":{"desktop":{"background-color":"","background-image":"","background-repeat":"repeat","background-position":"center center","background-size":"auto","background-attachment":"scroll","background-type":"","background-media":"","overlay-type":"","overlay-color":"","overlay-opacity":"","overlay-gradient":""},"tablet":{"background-color":"","background-image":"","background-repeat":"repeat","background-position":"center center","background-size":"auto","background-attachment":"scroll","background-type":"","background-media":"","overlay-type":"","overlay-color":"","overlay-opacity":"","overlay-gradient":""},"mobile":{"background-color":"","background-image":"","background-repeat":"repeat","background-position":"center center","background-size":"auto","background-attachment":"scroll","background-type":"","background-media":"","overlay-type":"","overlay-color":"","overlay-opacity":"","overlay-gradient":""}},"ast-content-background-meta":{"desktop":{"background-color":"var(--ast-global-color-5)","background-image":"","background-repeat":"repeat","background-position":"center center","background-size":"auto","background-attachment":"scroll","background-type":"","background-media":"","overlay-type":"","overlay-color":"","overlay-opacity":"","overlay-gradient":""},"tablet":{"background-color":"var(--ast-global-color-5)","background-image":"","background-repeat":"repeat","background-position":"center center","background-size":"auto","background-attachment":"scroll","background-type":"","background-media":"","overlay-type":"","overlay-color":"","overlay-opacity":"","overlay-gradient":""},"mobile":{"background-color":"var(--ast-global-color-5)","background-image":"","background-repeat":"repeat","background-position":"center center","background-size":"auto","background-attachment":"scroll","background-type":"","background-media":"","overlay-type":"","overlay-color":"","overlay-opacity":"","overlay-gradient":""}}},"product_brand":[],"product_cat":[85],"product_tag":[],"class_list":{"0":"post-5984","1":"product","2":"type-product","3":"status-publish","4":"has-post-thumbnail","6":"product_cat-lithuania","7":"desktop-align-left","8":"tablet-align-left","9":"mobile-align-left","11":"first","12":"instock","13":"sale","14":"shipping-taxable","15":"purchasable","16":"product-type-simple","17":"add-to-wishlist-before_image"},"_links":{"self":[{"href":"https:\/\/colligatum.com\/en\/wp-json\/wp\/v2\/product\/5984","targetHints":{"allow":["GET"]}}],"collection":[{"href":"https:\/\/colligatum.com\/en\/wp-json\/wp\/v2\/product"}],"about":[{"href":"https:\/\/colligatum.com\/en\/wp-json\/wp\/v2\/types\/product"}],"version-history":[{"count":1,"href":"https:\/\/colligatum.com\/en\/wp-json\/wp\/v2\/product\/5984\/revisions"}],"predecessor-version":[{"id":5985,"href":"https:\/\/colligatum.com\/en\/wp-json\/wp\/v2\/product\/5984\/revisions\/5985"}],"wp:featuredmedia":[{"embeddable":true,"href":"https:\/\/colligatum.com\/en\/wp-json\/wp\/v2\/media\/5805"}],"wp:attachment":[{"href":"https:\/\/colligatum.com\/en\/wp-json\/wp\/v2\/media?parent=5984"}],"wp:term":[{"taxonomy":"product_brand","embeddable":true,"href":"https:\/\/colligatum.com\/en\/wp-json\/wp\/v2\/product_brand?post=5984"},{"taxonomy":"product_cat","embeddable":true,"href":"https:\/\/colligatum.com\/en\/wp-json\/wp\/v2\/product_cat?post=5984"},{"taxonomy":"product_tag","embeddable":true,"href":"https:\/\/colligatum.com\/en\/wp-json\/wp\/v2\/product_tag?post=5984"}],"curies":[{"name":"wp","href":"https:\/\/api.w.org\/{rel}","templated":true}]}}