{"id":5986,"date":"2024-11-12T05:47:21","date_gmt":"2024-11-12T05:47:21","guid":{"rendered":"https:\/\/shop.colligatum.com\/?post_type=product&#038;p=5986"},"modified":"2026-03-31T17:38:20","modified_gmt":"2026-03-31T15:38:20","slug":"klaipeda-melynas","status":"publish","type":"product","link":"https:\/\/colligatum.com\/en\/product\/klaipeda-melynas\/","title":{"rendered":"Klaipeda Blue"},"content":{"rendered":"<ol data-pm-slice=\"3 1 []\">\n<li><strong>Short description<\/strong>: Pakelis yra m\u0117lynos spalvos, papuo\u0161tas Klaip\u0117dos miesto herbu ir horizontaliomis juostomis, su pavadinimu \u201eKlaip\u0117da\u201c did\u017eiosiomis raid\u0117mis. Cigaret\u0117s apra\u0161omos kaip \u201em\u0117lynos\u201c, kas rodo, jog tai stipresn\u0117s r\u016b\u0161ies variantas. Pakelio apa\u010dioje yra sveikatos apsaugos ministerijos \u012fsp\u0117jimas.<\/li>\n<\/ol>\n<p>\u012edomus faktas: \u0160is cigare\u010di\u0173 prek\u0117s \u017eenklas \u201eKlaip\u0117da\u201c gali b\u016bti skirtas vietiniam Lietuvos rinkos segmentui, pabr\u0117\u017eiant miesto vard\u0105 ir asociacijas su vietiniu patriotizmu bei istorija.<\/p>","protected":false},"excerpt":{"rendered":"<ol data-pm-slice=\"3 3 []\">\n<li><strong>Cigarette brand and name<\/strong>: <strong>Klaipeda Blue<\/strong><\/li>\n<li><strong>Package size<\/strong>: 20 cigarettes<\/li>\n<li><strong>Country of manufacture<\/strong>: Lithuania<\/li>\n<li><strong>Production period<\/strong>: Nenurodyta ant pakelio, tik\u0117tina XX a. pabaiga arba XXI a. prad\u017eia<\/li>\n<li><strong>Package type<\/strong>: Hard pack<\/li>\n<\/ol>","protected":false},"featured_media":5808,"template":"","meta":{"_surecart_dashboard_logo_width":"180px","_surecart_dashboard_show_logo":true,"_surecart_dashboard_navigation_orders":true,"_surecart_dashboard_navigation_invoices":true,"_surecart_dashboard_navigation_subscriptions":true,"_surecart_dashboard_navigation_downloads":true,"_surecart_dashboard_navigation_billing":true,"_surecart_dashboard_navigation_account":true,"site-sidebar-layout":"default","site-content-layout":"","ast-site-content-layout":"default","site-content-style":"default","site-sidebar-style":"default","ast-global-header-display":"","ast-banner-title-visibility":"","ast-main-header-display":"","ast-hfb-above-header-display":"","ast-hfb-below-header-display":"","ast-hfb-mobile-header-display":"","site-post-title":"","ast-breadcrumbs-content":"","ast-featured-img":"","footer-sml-layout":"","theme-transparent-header-meta":"default","adv-header-id-meta":"","stick-header-meta":"","header-above-stick-meta":"","header-main-stick-meta":"","header-below-stick-meta":"","astra-migrate-meta-layouts":"set","ast-page-background-enabled":"default","ast-page-background-meta":{"desktop":{"background-color":"","background-image":"","background-repeat":"repeat","background-position":"center center","background-size":"auto","background-attachment":"scroll","background-type":"","background-media":"","overlay-type":"","overlay-color":"","overlay-opacity":"","overlay-gradient":""},"tablet":{"background-color":"","background-image":"","background-repeat":"repeat","background-position":"center center","background-size":"auto","background-attachment":"scroll","background-type":"","background-media":"","overlay-type":"","overlay-color":"","overlay-opacity":"","overlay-gradient":""},"mobile":{"background-color":"","background-image":"","background-repeat":"repeat","background-position":"center center","background-size":"auto","background-attachment":"scroll","background-type":"","background-media":"","overlay-type":"","overlay-color":"","overlay-opacity":"","overlay-gradient":""}},"ast-content-background-meta":{"desktop":{"background-color":"var(--ast-global-color-5)","background-image":"","background-repeat":"repeat","background-position":"center center","background-size":"auto","background-attachment":"scroll","background-type":"","background-media":"","overlay-type":"","overlay-color":"","overlay-opacity":"","overlay-gradient":""},"tablet":{"background-color":"var(--ast-global-color-5)","background-image":"","background-repeat":"repeat","background-position":"center center","background-size":"auto","background-attachment":"scroll","background-type":"","background-media":"","overlay-type":"","overlay-color":"","overlay-opacity":"","overlay-gradient":""},"mobile":{"background-color":"var(--ast-global-color-5)","background-image":"","background-repeat":"repeat","background-position":"center center","background-size":"auto","background-attachment":"scroll","background-type":"","background-media":"","overlay-type":"","overlay-color":"","overlay-opacity":"","overlay-gradient":""}}},"product_brand":[],"product_cat":[85],"product_tag":[],"class_list":{"0":"post-5986","1":"product","2":"type-product","3":"status-publish","4":"has-post-thumbnail","6":"product_cat-lithuania","7":"desktop-align-left","8":"tablet-align-left","9":"mobile-align-left","11":"first","12":"outofstock","13":"sale","14":"shipping-taxable","15":"purchasable","16":"product-type-simple","17":"add-to-wishlist-before_image"},"_links":{"self":[{"href":"https:\/\/colligatum.com\/en\/wp-json\/wp\/v2\/product\/5986","targetHints":{"allow":["GET"]}}],"collection":[{"href":"https:\/\/colligatum.com\/en\/wp-json\/wp\/v2\/product"}],"about":[{"href":"https:\/\/colligatum.com\/en\/wp-json\/wp\/v2\/types\/product"}],"version-history":[{"count":1,"href":"https:\/\/colligatum.com\/en\/wp-json\/wp\/v2\/product\/5986\/revisions"}],"predecessor-version":[{"id":5987,"href":"https:\/\/colligatum.com\/en\/wp-json\/wp\/v2\/product\/5986\/revisions\/5987"}],"wp:featuredmedia":[{"embeddable":true,"href":"https:\/\/colligatum.com\/en\/wp-json\/wp\/v2\/media\/5808"}],"wp:attachment":[{"href":"https:\/\/colligatum.com\/en\/wp-json\/wp\/v2\/media?parent=5986"}],"wp:term":[{"taxonomy":"product_brand","embeddable":true,"href":"https:\/\/colligatum.com\/en\/wp-json\/wp\/v2\/product_brand?post=5986"},{"taxonomy":"product_cat","embeddable":true,"href":"https:\/\/colligatum.com\/en\/wp-json\/wp\/v2\/product_cat?post=5986"},{"taxonomy":"product_tag","embeddable":true,"href":"https:\/\/colligatum.com\/en\/wp-json\/wp\/v2\/product_tag?post=5986"}],"curies":[{"name":"wp","href":"https:\/\/api.w.org\/{rel}","templated":true}]}}