{"id":5994,"date":"2024-11-12T05:50:43","date_gmt":"2024-11-12T05:50:43","guid":{"rendered":"https:\/\/shop.colligatum.com\/?post_type=product&#038;p=5994"},"modified":"2026-03-29T09:31:48","modified_gmt":"2026-03-29T07:31:48","slug":"red-white-super-lights","status":"publish","type":"product","link":"https:\/\/colligatum.com\/en\/product\/red-white-super-lights\/","title":{"rendered":"Red &amp; White Super Lights"},"content":{"rendered":"<ol data-pm-slice=\"3 1 []\">\n<li><strong>Short description<\/strong>: Pakelis minimalistinio stiliaus, su baltu pagrindu ir raudonos bei juodos spalvos u\u017era\u0161ais. \u201eSuper Lights\u201c versija i\u0161siskiria lengvesne tabako sud\u0117timi, skirta tiems, kurie pageidauja \u0161velnesni\u0173 cigare\u010di\u0173.&nbsp;<\/li>\n<\/ol>\n<p><strong>Interesting fact<\/strong>: \u201eRed &amp; White\u201c yra \u201ePhilip Morris\u201c sukurtas \u017eenklas, orientuotas \u012f tarptautin\u0119 rink\u0105, siekiant sukurti ekonomin\u0117s klas\u0117s cigare\u010di\u0173 linij\u0105, kuri b\u016bt\u0173 prieinama \u012fvairiose \u0161alyse.<\/p>","protected":false},"excerpt":{"rendered":"<p data-pm-slice=\"1 3 []\"><strong>Red &amp; White Super Lights<\/strong><\/p>\n<ol>\n<li><strong>Cigare\u010di\u0173 pavadinimas ir prek\u0117s \u017eenklas<\/strong>: Red &amp; White Super Lights<\/li>\n<li><strong>Package size<\/strong>: 20 cigarettes<\/li>\n<li><strong>Country of origin<\/strong>: Lietuva (pagaminta UAB Philip Morris Lietuva)<\/li>\n<li><strong>Production period or year<\/strong>: Nenurodyta ant pakelio<\/li>\n<li><strong>Package type<\/strong>: Hard<\/li>\n<\/ol>","protected":false},"featured_media":5815,"template":"","meta":{"_surecart_dashboard_logo_width":"180px","_surecart_dashboard_show_logo":true,"_surecart_dashboard_navigation_orders":true,"_surecart_dashboard_navigation_invoices":true,"_surecart_dashboard_navigation_subscriptions":true,"_surecart_dashboard_navigation_downloads":true,"_surecart_dashboard_navigation_billing":true,"_surecart_dashboard_navigation_account":true,"site-sidebar-layout":"default","site-content-layout":"","ast-site-content-layout":"default","site-content-style":"default","site-sidebar-style":"default","ast-global-header-display":"","ast-banner-title-visibility":"","ast-main-header-display":"","ast-hfb-above-header-display":"","ast-hfb-below-header-display":"","ast-hfb-mobile-header-display":"","site-post-title":"","ast-breadcrumbs-content":"","ast-featured-img":"","footer-sml-layout":"","theme-transparent-header-meta":"default","adv-header-id-meta":"","stick-header-meta":"","header-above-stick-meta":"","header-main-stick-meta":"","header-below-stick-meta":"","astra-migrate-meta-layouts":"set","ast-page-background-enabled":"default","ast-page-background-meta":{"desktop":{"background-color":"","background-image":"","background-repeat":"repeat","background-position":"center center","background-size":"auto","background-attachment":"scroll","background-type":"","background-media":"","overlay-type":"","overlay-color":"","overlay-opacity":"","overlay-gradient":""},"tablet":{"background-color":"","background-image":"","background-repeat":"repeat","background-position":"center center","background-size":"auto","background-attachment":"scroll","background-type":"","background-media":"","overlay-type":"","overlay-color":"","overlay-opacity":"","overlay-gradient":""},"mobile":{"background-color":"","background-image":"","background-repeat":"repeat","background-position":"center center","background-size":"auto","background-attachment":"scroll","background-type":"","background-media":"","overlay-type":"","overlay-color":"","overlay-opacity":"","overlay-gradient":""}},"ast-content-background-meta":{"desktop":{"background-color":"var(--ast-global-color-5)","background-image":"","background-repeat":"repeat","background-position":"center center","background-size":"auto","background-attachment":"scroll","background-type":"","background-media":"","overlay-type":"","overlay-color":"","overlay-opacity":"","overlay-gradient":""},"tablet":{"background-color":"var(--ast-global-color-5)","background-image":"","background-repeat":"repeat","background-position":"center center","background-size":"auto","background-attachment":"scroll","background-type":"","background-media":"","overlay-type":"","overlay-color":"","overlay-opacity":"","overlay-gradient":""},"mobile":{"background-color":"var(--ast-global-color-5)","background-image":"","background-repeat":"repeat","background-position":"center center","background-size":"auto","background-attachment":"scroll","background-type":"","background-media":"","overlay-type":"","overlay-color":"","overlay-opacity":"","overlay-gradient":""}}},"product_brand":[],"product_cat":[85],"product_tag":[],"class_list":{"0":"post-5994","1":"product","2":"type-product","3":"status-publish","4":"has-post-thumbnail","6":"product_cat-lithuania","7":"desktop-align-left","8":"tablet-align-left","9":"mobile-align-left","11":"first","12":"outofstock","13":"sale","14":"shipping-taxable","15":"purchasable","16":"product-type-simple","17":"add-to-wishlist-before_image"},"_links":{"self":[{"href":"https:\/\/colligatum.com\/en\/wp-json\/wp\/v2\/product\/5994","targetHints":{"allow":["GET"]}}],"collection":[{"href":"https:\/\/colligatum.com\/en\/wp-json\/wp\/v2\/product"}],"about":[{"href":"https:\/\/colligatum.com\/en\/wp-json\/wp\/v2\/types\/product"}],"version-history":[{"count":2,"href":"https:\/\/colligatum.com\/en\/wp-json\/wp\/v2\/product\/5994\/revisions"}],"predecessor-version":[{"id":25904,"href":"https:\/\/colligatum.com\/en\/wp-json\/wp\/v2\/product\/5994\/revisions\/25904"}],"wp:featuredmedia":[{"embeddable":true,"href":"https:\/\/colligatum.com\/en\/wp-json\/wp\/v2\/media\/5815"}],"wp:attachment":[{"href":"https:\/\/colligatum.com\/en\/wp-json\/wp\/v2\/media?parent=5994"}],"wp:term":[{"taxonomy":"product_brand","embeddable":true,"href":"https:\/\/colligatum.com\/en\/wp-json\/wp\/v2\/product_brand?post=5994"},{"taxonomy":"product_cat","embeddable":true,"href":"https:\/\/colligatum.com\/en\/wp-json\/wp\/v2\/product_cat?post=5994"},{"taxonomy":"product_tag","embeddable":true,"href":"https:\/\/colligatum.com\/en\/wp-json\/wp\/v2\/product_tag?post=5994"}],"curies":[{"name":"wp","href":"https:\/\/api.w.org\/{rel}","templated":true}]}}