{"id":5996,"date":"2024-11-12T05:51:29","date_gmt":"2024-11-12T05:51:29","guid":{"rendered":"https:\/\/shop.colligatum.com\/?post_type=product&#038;p=5996"},"modified":"2026-03-29T09:24:53","modified_gmt":"2026-03-29T07:24:53","slug":"red-white-menthol-fine","status":"publish","type":"product","link":"https:\/\/colligatum.com\/en\/product\/red-white-menthol-fine\/","title":{"rendered":"Red &amp; White Menthol Fine"},"content":{"rendered":"<ol data-pm-slice=\"3 1 []\">\n<li><strong>Description<\/strong>: Klasikinio dizaino \u201eRed &amp; White\u201c cigare\u010di\u0173 pakelis su m\u0117t\u0173 skonio u\u017euomina. Ant pakuot\u0117s ai\u0161kiai i\u0161ry\u0161kintas preki\u0173 \u017eenklas ir papildomas m\u0117t\u0173 pavadinimas, suteikiantis gaivumo \u012fsp\u016bd\u012f. Priekin\u0117je pus\u0117je pateiktas sveikatos apsaugos \u012fsp\u0117jimas lietuvi\u0173 kalba.&nbsp;<\/li>\n<\/ol>\n<p><strong>Interesting fact<\/strong>: \u201eRed &amp; White\u201c cigaret\u0117s buvo sukurtos kaip alternatyva tiems, kurie ie\u0161kojo ekonominio, ta\u010diau patikimo prek\u0117s \u017eenklo, turin\u010dio subtil\u0173 skon\u012f ir \u0161veln\u0173 aromat\u0105.<\/p>","protected":false},"excerpt":{"rendered":"<p data-pm-slice=\"1 3 []\"><strong>Red &amp; White Menthol Fine<\/strong><\/p>\n<ol>\n<li><strong>Brand and name<\/strong>: Red &amp; White Menthol Fine<\/li>\n<li><strong>Pakuot\u0117s dydis<\/strong>: 20 cigarettes<\/li>\n<li><strong>Country of manufacture<\/strong>: Lithuania<\/li>\n<li><strong>Production period<\/strong>: XX a. pab. &#8211; XXI a. pr.<\/li>\n<li><strong>Packaging type<\/strong>: Hard pack<\/li>\n<\/ol>","protected":false},"featured_media":5817,"template":"","meta":{"_surecart_dashboard_logo_width":"180px","_surecart_dashboard_show_logo":true,"_surecart_dashboard_navigation_orders":true,"_surecart_dashboard_navigation_invoices":true,"_surecart_dashboard_navigation_subscriptions":true,"_surecart_dashboard_navigation_downloads":true,"_surecart_dashboard_navigation_billing":true,"_surecart_dashboard_navigation_account":true,"site-sidebar-layout":"default","site-content-layout":"","ast-site-content-layout":"default","site-content-style":"default","site-sidebar-style":"default","ast-global-header-display":"","ast-banner-title-visibility":"","ast-main-header-display":"","ast-hfb-above-header-display":"","ast-hfb-below-header-display":"","ast-hfb-mobile-header-display":"","site-post-title":"","ast-breadcrumbs-content":"","ast-featured-img":"","footer-sml-layout":"","theme-transparent-header-meta":"default","adv-header-id-meta":"","stick-header-meta":"","header-above-stick-meta":"","header-main-stick-meta":"","header-below-stick-meta":"","astra-migrate-meta-layouts":"set","ast-page-background-enabled":"default","ast-page-background-meta":{"desktop":{"background-color":"","background-image":"","background-repeat":"repeat","background-position":"center center","background-size":"auto","background-attachment":"scroll","background-type":"","background-media":"","overlay-type":"","overlay-color":"","overlay-opacity":"","overlay-gradient":""},"tablet":{"background-color":"","background-image":"","background-repeat":"repeat","background-position":"center center","background-size":"auto","background-attachment":"scroll","background-type":"","background-media":"","overlay-type":"","overlay-color":"","overlay-opacity":"","overlay-gradient":""},"mobile":{"background-color":"","background-image":"","background-repeat":"repeat","background-position":"center center","background-size":"auto","background-attachment":"scroll","background-type":"","background-media":"","overlay-type":"","overlay-color":"","overlay-opacity":"","overlay-gradient":""}},"ast-content-background-meta":{"desktop":{"background-color":"var(--ast-global-color-5)","background-image":"","background-repeat":"repeat","background-position":"center center","background-size":"auto","background-attachment":"scroll","background-type":"","background-media":"","overlay-type":"","overlay-color":"","overlay-opacity":"","overlay-gradient":""},"tablet":{"background-color":"var(--ast-global-color-5)","background-image":"","background-repeat":"repeat","background-position":"center center","background-size":"auto","background-attachment":"scroll","background-type":"","background-media":"","overlay-type":"","overlay-color":"","overlay-opacity":"","overlay-gradient":""},"mobile":{"background-color":"var(--ast-global-color-5)","background-image":"","background-repeat":"repeat","background-position":"center center","background-size":"auto","background-attachment":"scroll","background-type":"","background-media":"","overlay-type":"","overlay-color":"","overlay-opacity":"","overlay-gradient":""}}},"product_brand":[],"product_cat":[85],"product_tag":[],"class_list":{"0":"post-5996","1":"product","2":"type-product","3":"status-publish","4":"has-post-thumbnail","6":"product_cat-lithuania","7":"desktop-align-left","8":"tablet-align-left","9":"mobile-align-left","11":"first","12":"outofstock","13":"sale","14":"shipping-taxable","15":"purchasable","16":"product-type-simple","17":"add-to-wishlist-before_image"},"_links":{"self":[{"href":"https:\/\/colligatum.com\/en\/wp-json\/wp\/v2\/product\/5996","targetHints":{"allow":["GET"]}}],"collection":[{"href":"https:\/\/colligatum.com\/en\/wp-json\/wp\/v2\/product"}],"about":[{"href":"https:\/\/colligatum.com\/en\/wp-json\/wp\/v2\/types\/product"}],"version-history":[{"count":2,"href":"https:\/\/colligatum.com\/en\/wp-json\/wp\/v2\/product\/5996\/revisions"}],"predecessor-version":[{"id":25903,"href":"https:\/\/colligatum.com\/en\/wp-json\/wp\/v2\/product\/5996\/revisions\/25903"}],"wp:featuredmedia":[{"embeddable":true,"href":"https:\/\/colligatum.com\/en\/wp-json\/wp\/v2\/media\/5817"}],"wp:attachment":[{"href":"https:\/\/colligatum.com\/en\/wp-json\/wp\/v2\/media?parent=5996"}],"wp:term":[{"taxonomy":"product_brand","embeddable":true,"href":"https:\/\/colligatum.com\/en\/wp-json\/wp\/v2\/product_brand?post=5996"},{"taxonomy":"product_cat","embeddable":true,"href":"https:\/\/colligatum.com\/en\/wp-json\/wp\/v2\/product_cat?post=5996"},{"taxonomy":"product_tag","embeddable":true,"href":"https:\/\/colligatum.com\/en\/wp-json\/wp\/v2\/product_tag?post=5996"}],"curies":[{"name":"wp","href":"https:\/\/api.w.org\/{rel}","templated":true}]}}