{"id":5998,"date":"2024-11-12T05:52:41","date_gmt":"2024-11-12T05:52:41","guid":{"rendered":"https:\/\/shop.colligatum.com\/?post_type=product&#038;p=5998"},"modified":"2026-04-11T15:26:54","modified_gmt":"2026-04-11T13:26:54","slug":"bond-street-special-selection","status":"publish","type":"product","link":"https:\/\/colligatum.com\/en\/product\/bond-street-special-selection\/","title":{"rendered":"Bond Street Special Selection"},"content":{"rendered":"<p data-pm-slice=\"1 1 [&quot;orderedList&quot;,{&quot;start&quot;:1},&quot;listItem&quot;,{}]\"><strong>Apra\u0161ymas<\/strong>: Bond Street cigaret\u0117s yra \u017einomos d\u0117l savo klasikinio skonio ir stipraus \u201eAmerican Blend\u201c tabako mi\u0161inio. Pakelio dizainas yra paprastas, i\u0161laikant raudonos, m\u0117lynos ir baltos spalv\u0173 derin\u012f, kuris yra b\u016bdingas \u201eSpecial Selection\u201c linijai. Priekin\u0117je pakelio pus\u0117je matoma \u012fsp\u0117jimo etiket\u0117 su prane\u0161imu \u201eR\u016bkymas \u017eudo\u201c, kuris prid\u0117tas siekiant pabr\u0117\u017eti sveikatos rizikas.<\/p>\n","protected":false},"excerpt":{"rendered":"<p data-pm-slice=\"1 3 []\"><strong>Bond Street American Blend Special Selection<\/strong><\/p>\n<ol>\n<li><strong>Cigarette brand and name<\/strong>: Bond Street American Blend Special Selection<\/li>\n<li><strong>Size<\/strong>: 20 cigarettes with filter<\/li>\n<li><strong>Country of manufacture<\/strong>: In the European Union by Philip Morris SA, Switzerland<\/li>\n<li><strong>Production period<\/strong>: The estimated time period is around 2000, when large text warnings were used<\/li>\n<li><strong>Package type<\/strong>: Hard pack<\/li>\n<\/ol>","protected":false},"featured_media":5820,"template":"","meta":{"_surecart_dashboard_logo_width":"180px","_surecart_dashboard_show_logo":true,"_surecart_dashboard_navigation_orders":true,"_surecart_dashboard_navigation_invoices":true,"_surecart_dashboard_navigation_subscriptions":true,"_surecart_dashboard_navigation_downloads":true,"_surecart_dashboard_navigation_billing":true,"_surecart_dashboard_navigation_account":true,"site-sidebar-layout":"default","site-content-layout":"","ast-site-content-layout":"default","site-content-style":"default","site-sidebar-style":"default","ast-global-header-display":"","ast-banner-title-visibility":"","ast-main-header-display":"","ast-hfb-above-header-display":"","ast-hfb-below-header-display":"","ast-hfb-mobile-header-display":"","site-post-title":"","ast-breadcrumbs-content":"","ast-featured-img":"","footer-sml-layout":"","theme-transparent-header-meta":"default","adv-header-id-meta":"","stick-header-meta":"","header-above-stick-meta":"","header-main-stick-meta":"","header-below-stick-meta":"","astra-migrate-meta-layouts":"set","ast-page-background-enabled":"default","ast-page-background-meta":{"desktop":{"background-color":"","background-image":"","background-repeat":"repeat","background-position":"center center","background-size":"auto","background-attachment":"scroll","background-type":"","background-media":"","overlay-type":"","overlay-color":"","overlay-opacity":"","overlay-gradient":""},"tablet":{"background-color":"","background-image":"","background-repeat":"repeat","background-position":"center center","background-size":"auto","background-attachment":"scroll","background-type":"","background-media":"","overlay-type":"","overlay-color":"","overlay-opacity":"","overlay-gradient":""},"mobile":{"background-color":"","background-image":"","background-repeat":"repeat","background-position":"center center","background-size":"auto","background-attachment":"scroll","background-type":"","background-media":"","overlay-type":"","overlay-color":"","overlay-opacity":"","overlay-gradient":""}},"ast-content-background-meta":{"desktop":{"background-color":"var(--ast-global-color-5)","background-image":"","background-repeat":"repeat","background-position":"center center","background-size":"auto","background-attachment":"scroll","background-type":"","background-media":"","overlay-type":"","overlay-color":"","overlay-opacity":"","overlay-gradient":""},"tablet":{"background-color":"var(--ast-global-color-5)","background-image":"","background-repeat":"repeat","background-position":"center center","background-size":"auto","background-attachment":"scroll","background-type":"","background-media":"","overlay-type":"","overlay-color":"","overlay-opacity":"","overlay-gradient":""},"mobile":{"background-color":"var(--ast-global-color-5)","background-image":"","background-repeat":"repeat","background-position":"center center","background-size":"auto","background-attachment":"scroll","background-type":"","background-media":"","overlay-type":"","overlay-color":"","overlay-opacity":"","overlay-gradient":""}}},"product_brand":[],"product_cat":[85],"product_tag":[],"class_list":{"0":"post-5998","1":"product","2":"type-product","3":"status-publish","4":"has-post-thumbnail","6":"product_cat-lithuania","7":"desktop-align-left","8":"tablet-align-left","9":"mobile-align-left","11":"first","12":"instock","13":"sale","14":"shipping-taxable","15":"purchasable","16":"product-type-simple","17":"add-to-wishlist-before_image"},"_links":{"self":[{"href":"https:\/\/colligatum.com\/en\/wp-json\/wp\/v2\/product\/5998","targetHints":{"allow":["GET"]}}],"collection":[{"href":"https:\/\/colligatum.com\/en\/wp-json\/wp\/v2\/product"}],"about":[{"href":"https:\/\/colligatum.com\/en\/wp-json\/wp\/v2\/types\/product"}],"version-history":[{"count":2,"href":"https:\/\/colligatum.com\/en\/wp-json\/wp\/v2\/product\/5998\/revisions"}],"predecessor-version":[{"id":26654,"href":"https:\/\/colligatum.com\/en\/wp-json\/wp\/v2\/product\/5998\/revisions\/26654"}],"wp:featuredmedia":[{"embeddable":true,"href":"https:\/\/colligatum.com\/en\/wp-json\/wp\/v2\/media\/5820"}],"wp:attachment":[{"href":"https:\/\/colligatum.com\/en\/wp-json\/wp\/v2\/media?parent=5998"}],"wp:term":[{"taxonomy":"product_brand","embeddable":true,"href":"https:\/\/colligatum.com\/en\/wp-json\/wp\/v2\/product_brand?post=5998"},{"taxonomy":"product_cat","embeddable":true,"href":"https:\/\/colligatum.com\/en\/wp-json\/wp\/v2\/product_cat?post=5998"},{"taxonomy":"product_tag","embeddable":true,"href":"https:\/\/colligatum.com\/en\/wp-json\/wp\/v2\/product_tag?post=5998"}],"curies":[{"name":"wp","href":"https:\/\/api.w.org\/{rel}","templated":true}]}}