{"id":6004,"date":"2024-11-12T05:55:11","date_gmt":"2024-11-12T05:55:11","guid":{"rendered":"https:\/\/shop.colligatum.com\/?post_type=product&#038;p=6004"},"modified":"2026-04-11T15:23:56","modified_gmt":"2026-04-11T13:23:56","slug":"bond-street","status":"publish","type":"product","link":"https:\/\/colligatum.com\/en\/product\/bond-street\/","title":{"rendered":"Bond Street"},"content":{"rendered":"<p data-pm-slice=\"1 1 [&quot;orderedList&quot;,{&quot;start&quot;:1},&quot;listItem&quot;,{}]\"><strong>Apra\u0161ymas<\/strong>: Pakelis pasi\u017eymi klasikiniu, raudonos ir baltos spalv\u0173 deriniu, kuris primena tradicin\u012f cigare\u010di\u0173 dizain\u0105. Tai \u201eAmerican Blend\u201c tipo tabakas, kuris nurodo amerikieti\u0161ko stiliaus mi\u0161in\u012f. Ant pakelio taip pat yra \u012fsp\u0117jamasis \u017eenklas lietuvi\u0173 kalba apie r\u016bkymo \u017eal\u0105.<\/p>\n","protected":false},"excerpt":{"rendered":"<p data-pm-slice=\"1 3 []\"><strong>\u201eBond Street (Classic Choice)<\/strong><\/p>\n<ol>\n<li><strong>Cigarette brand and name<\/strong>: Bond Street (Classic Choice)<\/li>\n<li><strong>Package size<\/strong>: 20 cigarettes<\/li>\n<li><strong>Country of manufacture<\/strong>: Made in the EU, Philip Morris Products SA, Neuch\u00e2tel, Switzerland<\/li>\n<li><strong>Production period<\/strong>: expected in 2000-2010.<\/li>\n<li><strong>Package type<\/strong>: hard cardboard<\/li>\n<\/ol>","protected":false},"featured_media":5826,"template":"","meta":{"_surecart_dashboard_logo_width":"180px","_surecart_dashboard_show_logo":true,"_surecart_dashboard_navigation_orders":true,"_surecart_dashboard_navigation_invoices":true,"_surecart_dashboard_navigation_subscriptions":true,"_surecart_dashboard_navigation_downloads":true,"_surecart_dashboard_navigation_billing":true,"_surecart_dashboard_navigation_account":true,"site-sidebar-layout":"default","site-content-layout":"","ast-site-content-layout":"default","site-content-style":"default","site-sidebar-style":"default","ast-global-header-display":"","ast-banner-title-visibility":"","ast-main-header-display":"","ast-hfb-above-header-display":"","ast-hfb-below-header-display":"","ast-hfb-mobile-header-display":"","site-post-title":"","ast-breadcrumbs-content":"","ast-featured-img":"","footer-sml-layout":"","theme-transparent-header-meta":"default","adv-header-id-meta":"","stick-header-meta":"","header-above-stick-meta":"","header-main-stick-meta":"","header-below-stick-meta":"","astra-migrate-meta-layouts":"set","ast-page-background-enabled":"default","ast-page-background-meta":{"desktop":{"background-color":"","background-image":"","background-repeat":"repeat","background-position":"center center","background-size":"auto","background-attachment":"scroll","background-type":"","background-media":"","overlay-type":"","overlay-color":"","overlay-opacity":"","overlay-gradient":""},"tablet":{"background-color":"","background-image":"","background-repeat":"repeat","background-position":"center center","background-size":"auto","background-attachment":"scroll","background-type":"","background-media":"","overlay-type":"","overlay-color":"","overlay-opacity":"","overlay-gradient":""},"mobile":{"background-color":"","background-image":"","background-repeat":"repeat","background-position":"center center","background-size":"auto","background-attachment":"scroll","background-type":"","background-media":"","overlay-type":"","overlay-color":"","overlay-opacity":"","overlay-gradient":""}},"ast-content-background-meta":{"desktop":{"background-color":"var(--ast-global-color-5)","background-image":"","background-repeat":"repeat","background-position":"center center","background-size":"auto","background-attachment":"scroll","background-type":"","background-media":"","overlay-type":"","overlay-color":"","overlay-opacity":"","overlay-gradient":""},"tablet":{"background-color":"var(--ast-global-color-5)","background-image":"","background-repeat":"repeat","background-position":"center center","background-size":"auto","background-attachment":"scroll","background-type":"","background-media":"","overlay-type":"","overlay-color":"","overlay-opacity":"","overlay-gradient":""},"mobile":{"background-color":"var(--ast-global-color-5)","background-image":"","background-repeat":"repeat","background-position":"center center","background-size":"auto","background-attachment":"scroll","background-type":"","background-media":"","overlay-type":"","overlay-color":"","overlay-opacity":"","overlay-gradient":""}}},"product_brand":[],"product_cat":[85],"product_tag":[],"class_list":{"0":"post-6004","1":"product","2":"type-product","3":"status-publish","4":"has-post-thumbnail","6":"product_cat-lithuania","7":"desktop-align-left","8":"tablet-align-left","9":"mobile-align-left","11":"first","12":"instock","13":"sale","14":"shipping-taxable","15":"purchasable","16":"product-type-simple","17":"add-to-wishlist-before_image"},"_links":{"self":[{"href":"https:\/\/colligatum.com\/en\/wp-json\/wp\/v2\/product\/6004","targetHints":{"allow":["GET"]}}],"collection":[{"href":"https:\/\/colligatum.com\/en\/wp-json\/wp\/v2\/product"}],"about":[{"href":"https:\/\/colligatum.com\/en\/wp-json\/wp\/v2\/types\/product"}],"version-history":[{"count":1,"href":"https:\/\/colligatum.com\/en\/wp-json\/wp\/v2\/product\/6004\/revisions"}],"predecessor-version":[{"id":6005,"href":"https:\/\/colligatum.com\/en\/wp-json\/wp\/v2\/product\/6004\/revisions\/6005"}],"wp:featuredmedia":[{"embeddable":true,"href":"https:\/\/colligatum.com\/en\/wp-json\/wp\/v2\/media\/5826"}],"wp:attachment":[{"href":"https:\/\/colligatum.com\/en\/wp-json\/wp\/v2\/media?parent=6004"}],"wp:term":[{"taxonomy":"product_brand","embeddable":true,"href":"https:\/\/colligatum.com\/en\/wp-json\/wp\/v2\/product_brand?post=6004"},{"taxonomy":"product_cat","embeddable":true,"href":"https:\/\/colligatum.com\/en\/wp-json\/wp\/v2\/product_cat?post=6004"},{"taxonomy":"product_tag","embeddable":true,"href":"https:\/\/colligatum.com\/en\/wp-json\/wp\/v2\/product_tag?post=6004"}],"curies":[{"name":"wp","href":"https:\/\/api.w.org\/{rel}","templated":true}]}}