{"id":6008,"date":"2024-11-12T05:56:42","date_gmt":"2024-11-12T05:56:42","guid":{"rendered":"https:\/\/shop.colligatum.com\/?post_type=product&#038;p=6008"},"modified":"2026-03-20T09:49:02","modified_gmt":"2026-03-20T07:49:02","slug":"parliament-silver-blue","status":"publish","type":"product","link":"https:\/\/colligatum.com\/en\/product\/parliament-silver-blue\/","title":{"rendered":"Parliament Silver Blue"},"content":{"rendered":"<ol data-pm-slice=\"3 3 []\">\n<li><strong>Description<\/strong>: Pakelis i\u0161siskiria eleganti\u0161ku \u201eParliament\u201c dizainu, kurio vir\u0161utin\u0117je dalyje dominuoja sidabrin\u0117 spalva su m\u0117lynos spalvos detale ir \u201eSilver Blue\u201c u\u017era\u0161u. Apatin\u0117je dalyje \u012fterptas \u012fsp\u0117jimas, b\u016bdingas sveikatos apsaugos ministerijos laikme\u010diui. \u0160is modelis pasi\u017eymi \u201eCharcoal\u201c (anglies) filtru, kuris buvo sukurta siekiant suteikti \u0161velnesn\u012f r\u016bkymo potyr\u012f.<\/li>\n<li><strong>Interesting fact<\/strong>: \u201eParliament\u201c cigaret\u0117s yra \u017einomos d\u0117l savo unikali\u0173 filtr\u0173, kuriais siekiama suma\u017einti d\u016bm\u0173 temperat\u016br\u0105 ir stiprum\u0105.<\/li>\n<\/ol>","protected":false},"excerpt":{"rendered":"<h3 data-pm-slice=\"1 3 []\"><strong>Parliament Silver Blue<\/strong><\/h3>\n<ol>\n<li><strong>Size<\/strong>: 20 cigarettes<\/li>\n<li><strong>Country of origin<\/strong>: Pagaminta ES, pagal Philip Morris Products S.A., Neuchatel, \u0160veicarija<\/li>\n<li><strong>Period<\/strong>: Atsi\u017evelgiant \u012f \u012fsp\u0117jim\u0173 \u017eenklus ir dizain\u0105, \u0161is pakelis grei\u010diausiai buvo pagamintas apie 2000-uosius metus arba v\u0117liau.<\/li>\n<li><strong>Package type<\/strong>: Kartoninis<\/li>\n<\/ol>","protected":false},"featured_media":5830,"template":"","meta":{"_surecart_dashboard_logo_width":"180px","_surecart_dashboard_show_logo":true,"_surecart_dashboard_navigation_orders":true,"_surecart_dashboard_navigation_invoices":true,"_surecart_dashboard_navigation_subscriptions":true,"_surecart_dashboard_navigation_downloads":true,"_surecart_dashboard_navigation_billing":true,"_surecart_dashboard_navigation_account":true,"site-sidebar-layout":"default","site-content-layout":"","ast-site-content-layout":"default","site-content-style":"default","site-sidebar-style":"default","ast-global-header-display":"","ast-banner-title-visibility":"","ast-main-header-display":"","ast-hfb-above-header-display":"","ast-hfb-below-header-display":"","ast-hfb-mobile-header-display":"","site-post-title":"","ast-breadcrumbs-content":"","ast-featured-img":"","footer-sml-layout":"","theme-transparent-header-meta":"default","adv-header-id-meta":"","stick-header-meta":"","header-above-stick-meta":"","header-main-stick-meta":"","header-below-stick-meta":"","astra-migrate-meta-layouts":"set","ast-page-background-enabled":"default","ast-page-background-meta":{"desktop":{"background-color":"","background-image":"","background-repeat":"repeat","background-position":"center center","background-size":"auto","background-attachment":"scroll","background-type":"","background-media":"","overlay-type":"","overlay-color":"","overlay-opacity":"","overlay-gradient":""},"tablet":{"background-color":"","background-image":"","background-repeat":"repeat","background-position":"center center","background-size":"auto","background-attachment":"scroll","background-type":"","background-media":"","overlay-type":"","overlay-color":"","overlay-opacity":"","overlay-gradient":""},"mobile":{"background-color":"","background-image":"","background-repeat":"repeat","background-position":"center center","background-size":"auto","background-attachment":"scroll","background-type":"","background-media":"","overlay-type":"","overlay-color":"","overlay-opacity":"","overlay-gradient":""}},"ast-content-background-meta":{"desktop":{"background-color":"var(--ast-global-color-5)","background-image":"","background-repeat":"repeat","background-position":"center center","background-size":"auto","background-attachment":"scroll","background-type":"","background-media":"","overlay-type":"","overlay-color":"","overlay-opacity":"","overlay-gradient":""},"tablet":{"background-color":"var(--ast-global-color-5)","background-image":"","background-repeat":"repeat","background-position":"center center","background-size":"auto","background-attachment":"scroll","background-type":"","background-media":"","overlay-type":"","overlay-color":"","overlay-opacity":"","overlay-gradient":""},"mobile":{"background-color":"var(--ast-global-color-5)","background-image":"","background-repeat":"repeat","background-position":"center center","background-size":"auto","background-attachment":"scroll","background-type":"","background-media":"","overlay-type":"","overlay-color":"","overlay-opacity":"","overlay-gradient":""}}},"product_brand":[],"product_cat":[85],"product_tag":[],"class_list":{"0":"post-6008","1":"product","2":"type-product","3":"status-publish","4":"has-post-thumbnail","6":"product_cat-lithuania","7":"desktop-align-left","8":"tablet-align-left","9":"mobile-align-left","11":"first","12":"outofstock","13":"sale","14":"shipping-taxable","15":"purchasable","16":"product-type-simple","17":"add-to-wishlist-before_image"},"_links":{"self":[{"href":"https:\/\/colligatum.com\/en\/wp-json\/wp\/v2\/product\/6008","targetHints":{"allow":["GET"]}}],"collection":[{"href":"https:\/\/colligatum.com\/en\/wp-json\/wp\/v2\/product"}],"about":[{"href":"https:\/\/colligatum.com\/en\/wp-json\/wp\/v2\/types\/product"}],"version-history":[{"count":1,"href":"https:\/\/colligatum.com\/en\/wp-json\/wp\/v2\/product\/6008\/revisions"}],"predecessor-version":[{"id":6009,"href":"https:\/\/colligatum.com\/en\/wp-json\/wp\/v2\/product\/6008\/revisions\/6009"}],"wp:featuredmedia":[{"embeddable":true,"href":"https:\/\/colligatum.com\/en\/wp-json\/wp\/v2\/media\/5830"}],"wp:attachment":[{"href":"https:\/\/colligatum.com\/en\/wp-json\/wp\/v2\/media?parent=6008"}],"wp:term":[{"taxonomy":"product_brand","embeddable":true,"href":"https:\/\/colligatum.com\/en\/wp-json\/wp\/v2\/product_brand?post=6008"},{"taxonomy":"product_cat","embeddable":true,"href":"https:\/\/colligatum.com\/en\/wp-json\/wp\/v2\/product_cat?post=6008"},{"taxonomy":"product_tag","embeddable":true,"href":"https:\/\/colligatum.com\/en\/wp-json\/wp\/v2\/product_tag?post=6008"}],"curies":[{"name":"wp","href":"https:\/\/api.w.org\/{rel}","templated":true}]}}