{"id":6010,"date":"2024-11-12T05:57:30","date_gmt":"2024-11-12T05:57:30","guid":{"rendered":"https:\/\/shop.colligatum.com\/?post_type=product&#038;p=6010"},"modified":"2026-03-20T09:49:02","modified_gmt":"2026-03-20T07:49:02","slug":"parliament-aqua-blue","status":"publish","type":"product","link":"https:\/\/colligatum.com\/en\/product\/parliament-aqua-blue\/","title":{"rendered":"Parliament Aqua Blue"},"content":{"rendered":"<p data-pm-slice=\"1 1 [&quot;bulletList&quot;,{},&quot;listItem&quot;,{}]\"><strong>Apra\u0161ymas:<\/strong> Parliament Aqua Blue cigaret\u0117s i\u0161siskiria \u201erecessed\u201c (gilintomis) filtro savyb\u0117mis bei aktyvintos anglies filtru, kuris yra skirtas suma\u017einti kenksming\u0173 med\u017eiag\u0173 patekim\u0105 \u012f r\u016bkaliaus organizm\u0105. Pakelio dizainas yra eleganti\u0161kas, su i\u0161skirtine m\u0117lyna spalva, o tai suteikia modern\u0173 ir \u0161var\u0173 \u012fvaizd\u012f.<\/p>\n","protected":false},"excerpt":{"rendered":"<h3 data-pm-slice=\"1 3 []\">Parliament Aqua Blue<\/h3>\n<ul>\n<li><strong>Brand and name:<\/strong> Parliament Aqua Blue<\/li>\n<li><strong>Cigare\u010di\u0173 skai\u010dius pakelyje:<\/strong> 20<\/li>\n<li><strong>Country of origin:<\/strong> Lietuva (pagaminta UAB \u201ePhilip Morris Lietuva\u201c)<\/li>\n<li><strong>Production period:<\/strong> N\u0117ra tiksli\u0173 duomen\u0173, ta\u010diau tik\u0117tina, kad tai yra \u0161iuolaikinis produktas<\/li>\n<li><strong>Package type:<\/strong> Hard<\/li>\n<\/ul>","protected":false},"featured_media":5832,"template":"","meta":{"_surecart_dashboard_logo_width":"180px","_surecart_dashboard_show_logo":true,"_surecart_dashboard_navigation_orders":true,"_surecart_dashboard_navigation_invoices":true,"_surecart_dashboard_navigation_subscriptions":true,"_surecart_dashboard_navigation_downloads":true,"_surecart_dashboard_navigation_billing":true,"_surecart_dashboard_navigation_account":true,"site-sidebar-layout":"default","site-content-layout":"","ast-site-content-layout":"default","site-content-style":"default","site-sidebar-style":"default","ast-global-header-display":"","ast-banner-title-visibility":"","ast-main-header-display":"","ast-hfb-above-header-display":"","ast-hfb-below-header-display":"","ast-hfb-mobile-header-display":"","site-post-title":"","ast-breadcrumbs-content":"","ast-featured-img":"","footer-sml-layout":"","theme-transparent-header-meta":"default","adv-header-id-meta":"","stick-header-meta":"","header-above-stick-meta":"","header-main-stick-meta":"","header-below-stick-meta":"","astra-migrate-meta-layouts":"set","ast-page-background-enabled":"default","ast-page-background-meta":{"desktop":{"background-color":"","background-image":"","background-repeat":"repeat","background-position":"center center","background-size":"auto","background-attachment":"scroll","background-type":"","background-media":"","overlay-type":"","overlay-color":"","overlay-opacity":"","overlay-gradient":""},"tablet":{"background-color":"","background-image":"","background-repeat":"repeat","background-position":"center center","background-size":"auto","background-attachment":"scroll","background-type":"","background-media":"","overlay-type":"","overlay-color":"","overlay-opacity":"","overlay-gradient":""},"mobile":{"background-color":"","background-image":"","background-repeat":"repeat","background-position":"center center","background-size":"auto","background-attachment":"scroll","background-type":"","background-media":"","overlay-type":"","overlay-color":"","overlay-opacity":"","overlay-gradient":""}},"ast-content-background-meta":{"desktop":{"background-color":"var(--ast-global-color-5)","background-image":"","background-repeat":"repeat","background-position":"center center","background-size":"auto","background-attachment":"scroll","background-type":"","background-media":"","overlay-type":"","overlay-color":"","overlay-opacity":"","overlay-gradient":""},"tablet":{"background-color":"var(--ast-global-color-5)","background-image":"","background-repeat":"repeat","background-position":"center center","background-size":"auto","background-attachment":"scroll","background-type":"","background-media":"","overlay-type":"","overlay-color":"","overlay-opacity":"","overlay-gradient":""},"mobile":{"background-color":"var(--ast-global-color-5)","background-image":"","background-repeat":"repeat","background-position":"center center","background-size":"auto","background-attachment":"scroll","background-type":"","background-media":"","overlay-type":"","overlay-color":"","overlay-opacity":"","overlay-gradient":""}}},"product_brand":[],"product_cat":[85],"product_tag":[],"class_list":{"0":"post-6010","1":"product","2":"type-product","3":"status-publish","4":"has-post-thumbnail","6":"product_cat-lithuania","7":"desktop-align-left","8":"tablet-align-left","9":"mobile-align-left","11":"first","12":"outofstock","13":"sale","14":"shipping-taxable","15":"purchasable","16":"product-type-simple","17":"add-to-wishlist-before_image"},"_links":{"self":[{"href":"https:\/\/colligatum.com\/en\/wp-json\/wp\/v2\/product\/6010","targetHints":{"allow":["GET"]}}],"collection":[{"href":"https:\/\/colligatum.com\/en\/wp-json\/wp\/v2\/product"}],"about":[{"href":"https:\/\/colligatum.com\/en\/wp-json\/wp\/v2\/types\/product"}],"version-history":[{"count":1,"href":"https:\/\/colligatum.com\/en\/wp-json\/wp\/v2\/product\/6010\/revisions"}],"predecessor-version":[{"id":6011,"href":"https:\/\/colligatum.com\/en\/wp-json\/wp\/v2\/product\/6010\/revisions\/6011"}],"wp:featuredmedia":[{"embeddable":true,"href":"https:\/\/colligatum.com\/en\/wp-json\/wp\/v2\/media\/5832"}],"wp:attachment":[{"href":"https:\/\/colligatum.com\/en\/wp-json\/wp\/v2\/media?parent=6010"}],"wp:term":[{"taxonomy":"product_brand","embeddable":true,"href":"https:\/\/colligatum.com\/en\/wp-json\/wp\/v2\/product_brand?post=6010"},{"taxonomy":"product_cat","embeddable":true,"href":"https:\/\/colligatum.com\/en\/wp-json\/wp\/v2\/product_cat?post=6010"},{"taxonomy":"product_tag","embeddable":true,"href":"https:\/\/colligatum.com\/en\/wp-json\/wp\/v2\/product_tag?post=6010"}],"curies":[{"name":"wp","href":"https:\/\/api.w.org\/{rel}","templated":true}]}}