{"id":6014,"date":"2024-11-12T05:59:19","date_gmt":"2024-11-12T05:59:19","guid":{"rendered":"https:\/\/shop.colligatum.com\/?post_type=product&#038;p=6014"},"modified":"2026-04-07T03:33:56","modified_gmt":"2026-04-07T01:33:56","slug":"marlboro-menthol-2","status":"publish","type":"product","link":"https:\/\/colligatum.com\/en\/product\/marlboro-menthol-2\/","title":{"rendered":"Marlboro Menthol"},"content":{"rendered":"<ol data-pm-slice=\"3 2 []\">\n<li><strong>Description:<\/strong> Klasikinis Marlboro mentolio cigare\u010di\u0173 dizainas, \u017ealias akcentas, rodantis mentolio skon\u012f. Pakuot\u0117je esanti \u201eMenthol\u201c etiket\u0117 i\u0161 karto nurodo \u0161velnesn\u012f ir gaivesn\u012f skon\u012f. Dizainas paprastas ir minimalistinis, su \u012fprasta \u012fsp\u0117jimo lentele lietuvi\u0173 kalba.&nbsp;<\/li>\n<\/ol>\n<blockquote><p><strong>Interesting fact:<\/strong> Mentolin\u0117s cigaret\u0117s ilg\u0105 laik\u0105 buvo populiarios tarp r\u016bkan\u010di\u0173j\u0173, nes mentolis suteikia \u0161aldant\u012f poj\u016bt\u012f, d\u0117l kurio d\u016bmas atrodo \u0161velnesnis.<\/p><\/blockquote>","protected":false},"excerpt":{"rendered":"<h3 data-pm-slice=\"1 3 []\">Marlboro Menthol<\/h3>\n<ol>\n<li><strong>Brand and name:<\/strong> Marlboro Menthol<\/li>\n<li><strong>Package size:<\/strong> 20 cigarettes<\/li>\n<li><strong>Country of origin:<\/strong> Lithuania<\/li>\n<li><strong>Production period:<\/strong> tik\u0117tina apie 2000-uosius metus<\/li>\n<li><strong>Packaging type:<\/strong> hard pack<\/li>\n<\/ol>","protected":false},"featured_media":5835,"template":"","meta":{"_surecart_dashboard_logo_width":"180px","_surecart_dashboard_show_logo":true,"_surecart_dashboard_navigation_orders":true,"_surecart_dashboard_navigation_invoices":true,"_surecart_dashboard_navigation_subscriptions":true,"_surecart_dashboard_navigation_downloads":true,"_surecart_dashboard_navigation_billing":true,"_surecart_dashboard_navigation_account":true,"site-sidebar-layout":"default","site-content-layout":"","ast-site-content-layout":"default","site-content-style":"default","site-sidebar-style":"default","ast-global-header-display":"","ast-banner-title-visibility":"","ast-main-header-display":"","ast-hfb-above-header-display":"","ast-hfb-below-header-display":"","ast-hfb-mobile-header-display":"","site-post-title":"","ast-breadcrumbs-content":"","ast-featured-img":"","footer-sml-layout":"","theme-transparent-header-meta":"default","adv-header-id-meta":"","stick-header-meta":"","header-above-stick-meta":"","header-main-stick-meta":"","header-below-stick-meta":"","astra-migrate-meta-layouts":"set","ast-page-background-enabled":"default","ast-page-background-meta":{"desktop":{"background-color":"","background-image":"","background-repeat":"repeat","background-position":"center center","background-size":"auto","background-attachment":"scroll","background-type":"","background-media":"","overlay-type":"","overlay-color":"","overlay-opacity":"","overlay-gradient":""},"tablet":{"background-color":"","background-image":"","background-repeat":"repeat","background-position":"center center","background-size":"auto","background-attachment":"scroll","background-type":"","background-media":"","overlay-type":"","overlay-color":"","overlay-opacity":"","overlay-gradient":""},"mobile":{"background-color":"","background-image":"","background-repeat":"repeat","background-position":"center center","background-size":"auto","background-attachment":"scroll","background-type":"","background-media":"","overlay-type":"","overlay-color":"","overlay-opacity":"","overlay-gradient":""}},"ast-content-background-meta":{"desktop":{"background-color":"var(--ast-global-color-5)","background-image":"","background-repeat":"repeat","background-position":"center center","background-size":"auto","background-attachment":"scroll","background-type":"","background-media":"","overlay-type":"","overlay-color":"","overlay-opacity":"","overlay-gradient":""},"tablet":{"background-color":"var(--ast-global-color-5)","background-image":"","background-repeat":"repeat","background-position":"center center","background-size":"auto","background-attachment":"scroll","background-type":"","background-media":"","overlay-type":"","overlay-color":"","overlay-opacity":"","overlay-gradient":""},"mobile":{"background-color":"var(--ast-global-color-5)","background-image":"","background-repeat":"repeat","background-position":"center center","background-size":"auto","background-attachment":"scroll","background-type":"","background-media":"","overlay-type":"","overlay-color":"","overlay-opacity":"","overlay-gradient":""}}},"product_brand":[],"product_cat":[85],"product_tag":[],"class_list":{"0":"post-6014","1":"product","2":"type-product","3":"status-publish","4":"has-post-thumbnail","6":"product_cat-lithuania","7":"desktop-align-left","8":"tablet-align-left","9":"mobile-align-left","11":"first","12":"outofstock","13":"sale","14":"shipping-taxable","15":"purchasable","16":"product-type-simple","17":"add-to-wishlist-before_image"},"_links":{"self":[{"href":"https:\/\/colligatum.com\/en\/wp-json\/wp\/v2\/product\/6014","targetHints":{"allow":["GET"]}}],"collection":[{"href":"https:\/\/colligatum.com\/en\/wp-json\/wp\/v2\/product"}],"about":[{"href":"https:\/\/colligatum.com\/en\/wp-json\/wp\/v2\/types\/product"}],"version-history":[{"count":2,"href":"https:\/\/colligatum.com\/en\/wp-json\/wp\/v2\/product\/6014\/revisions"}],"predecessor-version":[{"id":26158,"href":"https:\/\/colligatum.com\/en\/wp-json\/wp\/v2\/product\/6014\/revisions\/26158"}],"wp:featuredmedia":[{"embeddable":true,"href":"https:\/\/colligatum.com\/en\/wp-json\/wp\/v2\/media\/5835"}],"wp:attachment":[{"href":"https:\/\/colligatum.com\/en\/wp-json\/wp\/v2\/media?parent=6014"}],"wp:term":[{"taxonomy":"product_brand","embeddable":true,"href":"https:\/\/colligatum.com\/en\/wp-json\/wp\/v2\/product_brand?post=6014"},{"taxonomy":"product_cat","embeddable":true,"href":"https:\/\/colligatum.com\/en\/wp-json\/wp\/v2\/product_cat?post=6014"},{"taxonomy":"product_tag","embeddable":true,"href":"https:\/\/colligatum.com\/en\/wp-json\/wp\/v2\/product_tag?post=6014"}],"curies":[{"name":"wp","href":"https:\/\/api.w.org\/{rel}","templated":true}]}}