{"id":6018,"date":"2024-11-12T06:01:24","date_gmt":"2024-11-12T06:01:24","guid":{"rendered":"https:\/\/shop.colligatum.com\/?post_type=product&#038;p=6018"},"modified":"2024-11-12T18:25:56","modified_gmt":"2024-11-12T18:25:56","slug":"marlboro-limited-edition-design-2","status":"publish","type":"product","link":"https:\/\/colligatum.com\/en\/product\/marlboro-limited-edition-design-2\/","title":{"rendered":"Marlboro Limited Edition Design"},"content":{"rendered":"<p data-pm-slice=\"1 1 [&quot;orderedList&quot;,{&quot;start&quot;:1},&quot;listItem&quot;,{}]\"><strong>Apra\u0161ymas:<\/strong> \u0160is <em>Marlboro<\/em> pakelis i\u0161siskiria riboto leidimo dizainu, kuris apima raudon\u0105 automobilio motyv\u0105, pabr\u0117\u017eiant\u012f stili\u0173 ir unikalum\u0105. Dizainas skirtas pritraukti d\u0117mes\u012f su juoda ir raudona spalv\u0173 palete. \u012esp\u0117jimai apie r\u016bkymo \u017eal\u0105 u\u017eima dal\u012f pakelio ir pabr\u0117\u017eia neigiam\u0105 r\u016bkymo poveik\u012f.<\/p>\n","protected":false},"excerpt":{"rendered":"<p data-pm-slice=\"1 3 []\"><strong>Marlboro Limited Edition Design<\/strong><\/p>\n<ol>\n<li><strong>Brand and name:<\/strong> <em>Marlboro Limited Edition Design<\/em><\/li>\n<li><strong>Package size:<\/strong> 20 cigarettes<\/li>\n<li><strong>Country of origin:<\/strong> Pagaminta Europos S\u0105jungoje pagal <em>Philip Morris Products S.A.<\/em>, Ne\u0161atelis, \u0160veicarija<\/li>\n<li><strong>Production period:<\/strong> Pakelyje yra senesn\u0117 kainos etiket\u0117 (4,60 Lt), nurodanti, kad pakelis buvo pardavin\u0117jamas Lietuvoje, kai buvo naudojama litas, kas rodo, jog tai gaminta prie\u0161 2015 metus<\/li>\n<li><strong>Package type:<\/strong> Hard pack<\/li>\n<\/ol>","protected":false},"featured_media":5839,"template":"","meta":{"_surecart_dashboard_logo_width":"180px","_surecart_dashboard_show_logo":true,"_surecart_dashboard_navigation_orders":true,"_surecart_dashboard_navigation_invoices":true,"_surecart_dashboard_navigation_subscriptions":true,"_surecart_dashboard_navigation_downloads":true,"_surecart_dashboard_navigation_billing":true,"_surecart_dashboard_navigation_account":true,"site-sidebar-layout":"default","site-content-layout":"","ast-site-content-layout":"default","site-content-style":"default","site-sidebar-style":"default","ast-global-header-display":"","ast-banner-title-visibility":"","ast-main-header-display":"","ast-hfb-above-header-display":"","ast-hfb-below-header-display":"","ast-hfb-mobile-header-display":"","site-post-title":"","ast-breadcrumbs-content":"","ast-featured-img":"","footer-sml-layout":"","theme-transparent-header-meta":"default","adv-header-id-meta":"","stick-header-meta":"","header-above-stick-meta":"","header-main-stick-meta":"","header-below-stick-meta":"","astra-migrate-meta-layouts":"set","ast-page-background-enabled":"default","ast-page-background-meta":{"desktop":{"background-color":"","background-image":"","background-repeat":"repeat","background-position":"center center","background-size":"auto","background-attachment":"scroll","background-type":"","background-media":"","overlay-type":"","overlay-color":"","overlay-opacity":"","overlay-gradient":""},"tablet":{"background-color":"","background-image":"","background-repeat":"repeat","background-position":"center center","background-size":"auto","background-attachment":"scroll","background-type":"","background-media":"","overlay-type":"","overlay-color":"","overlay-opacity":"","overlay-gradient":""},"mobile":{"background-color":"","background-image":"","background-repeat":"repeat","background-position":"center center","background-size":"auto","background-attachment":"scroll","background-type":"","background-media":"","overlay-type":"","overlay-color":"","overlay-opacity":"","overlay-gradient":""}},"ast-content-background-meta":{"desktop":{"background-color":"var(--ast-global-color-5)","background-image":"","background-repeat":"repeat","background-position":"center center","background-size":"auto","background-attachment":"scroll","background-type":"","background-media":"","overlay-type":"","overlay-color":"","overlay-opacity":"","overlay-gradient":""},"tablet":{"background-color":"var(--ast-global-color-5)","background-image":"","background-repeat":"repeat","background-position":"center center","background-size":"auto","background-attachment":"scroll","background-type":"","background-media":"","overlay-type":"","overlay-color":"","overlay-opacity":"","overlay-gradient":""},"mobile":{"background-color":"var(--ast-global-color-5)","background-image":"","background-repeat":"repeat","background-position":"center center","background-size":"auto","background-attachment":"scroll","background-type":"","background-media":"","overlay-type":"","overlay-color":"","overlay-opacity":"","overlay-gradient":""}}},"product_brand":[],"product_cat":[85],"product_tag":[],"class_list":{"0":"post-6018","1":"product","2":"type-product","3":"status-publish","4":"has-post-thumbnail","6":"product_cat-lithuania","7":"desktop-align-left","8":"tablet-align-left","9":"mobile-align-left","11":"first","12":"instock","13":"sale","14":"shipping-taxable","15":"purchasable","16":"product-type-simple","17":"add-to-wishlist-before_image"},"_links":{"self":[{"href":"https:\/\/colligatum.com\/en\/wp-json\/wp\/v2\/product\/6018","targetHints":{"allow":["GET"]}}],"collection":[{"href":"https:\/\/colligatum.com\/en\/wp-json\/wp\/v2\/product"}],"about":[{"href":"https:\/\/colligatum.com\/en\/wp-json\/wp\/v2\/types\/product"}],"version-history":[{"count":1,"href":"https:\/\/colligatum.com\/en\/wp-json\/wp\/v2\/product\/6018\/revisions"}],"predecessor-version":[{"id":6019,"href":"https:\/\/colligatum.com\/en\/wp-json\/wp\/v2\/product\/6018\/revisions\/6019"}],"wp:featuredmedia":[{"embeddable":true,"href":"https:\/\/colligatum.com\/en\/wp-json\/wp\/v2\/media\/5839"}],"wp:attachment":[{"href":"https:\/\/colligatum.com\/en\/wp-json\/wp\/v2\/media?parent=6018"}],"wp:term":[{"taxonomy":"product_brand","embeddable":true,"href":"https:\/\/colligatum.com\/en\/wp-json\/wp\/v2\/product_brand?post=6018"},{"taxonomy":"product_cat","embeddable":true,"href":"https:\/\/colligatum.com\/en\/wp-json\/wp\/v2\/product_cat?post=6018"},{"taxonomy":"product_tag","embeddable":true,"href":"https:\/\/colligatum.com\/en\/wp-json\/wp\/v2\/product_tag?post=6018"}],"curies":[{"name":"wp","href":"https:\/\/api.w.org\/{rel}","templated":true}]}}