{"id":6020,"date":"2024-11-12T06:02:14","date_gmt":"2024-11-12T06:02:14","guid":{"rendered":"https:\/\/shop.colligatum.com\/?post_type=product&#038;p=6020"},"modified":"2024-11-12T18:30:46","modified_gmt":"2024-11-12T18:30:46","slug":"marlboro-silver","status":"publish","type":"product","link":"https:\/\/colligatum.com\/en\/product\/marlboro-silver\/","title":{"rendered":"Marlboro Silver"},"content":{"rendered":"<p data-pm-slice=\"1 1 [&quot;orderedList&quot;,{&quot;start&quot;:1},&quot;listItem&quot;,{}]\"><strong>Trumpas apra\u0161ymas:<\/strong> Pakelis su sidabrine ir juoda spalvomis, b\u016bdingu \u201eMarlboro\u201c minimalistiniu stiliumi. \u012esp\u0117jimas apie r\u016bkymo \u017eal\u0105 matomas ai\u0161kiai ir u\u017eima didel\u0119 pakuot\u0117s dal\u012f, kaip reikalaujama pagal ES taisykles.<\/p>\n","protected":false},"excerpt":{"rendered":"<h3 data-pm-slice=\"1 3 []\">Marlboro Silver<\/h3>\n<ol>\n<li><strong>Brand and name:<\/strong> <em>Marlboro Silver<\/em><\/li>\n<li><strong>Package size:<\/strong> 20 cigarettes<\/li>\n<li><strong>Country of origin:<\/strong> Europos S\u0105junga, pagaminta Philip Morris Products S.A. pagal u\u017esakym\u0105<\/li>\n<li><strong>Gamybos laikotarpis arba metai:<\/strong> Tikslaus laikotarpio nurodyti negalima, ta\u010diau pakuot\u0117 atrodo \u0161iuolaiki\u0161ka, nes yra su \u012fsp\u0117jimu ir ES akcizine \u017eyma.<\/li>\n<li><strong>Packaging type:<\/strong> Kieta pakuot\u0117<\/li>\n<\/ol>","protected":false},"featured_media":5841,"template":"","meta":{"_surecart_dashboard_logo_width":"180px","_surecart_dashboard_show_logo":true,"_surecart_dashboard_navigation_orders":true,"_surecart_dashboard_navigation_invoices":true,"_surecart_dashboard_navigation_subscriptions":true,"_surecart_dashboard_navigation_downloads":true,"_surecart_dashboard_navigation_billing":true,"_surecart_dashboard_navigation_account":true,"site-sidebar-layout":"default","site-content-layout":"","ast-site-content-layout":"default","site-content-style":"default","site-sidebar-style":"default","ast-global-header-display":"","ast-banner-title-visibility":"","ast-main-header-display":"","ast-hfb-above-header-display":"","ast-hfb-below-header-display":"","ast-hfb-mobile-header-display":"","site-post-title":"","ast-breadcrumbs-content":"","ast-featured-img":"","footer-sml-layout":"","theme-transparent-header-meta":"default","adv-header-id-meta":"","stick-header-meta":"","header-above-stick-meta":"","header-main-stick-meta":"","header-below-stick-meta":"","astra-migrate-meta-layouts":"set","ast-page-background-enabled":"default","ast-page-background-meta":{"desktop":{"background-color":"","background-image":"","background-repeat":"repeat","background-position":"center center","background-size":"auto","background-attachment":"scroll","background-type":"","background-media":"","overlay-type":"","overlay-color":"","overlay-opacity":"","overlay-gradient":""},"tablet":{"background-color":"","background-image":"","background-repeat":"repeat","background-position":"center center","background-size":"auto","background-attachment":"scroll","background-type":"","background-media":"","overlay-type":"","overlay-color":"","overlay-opacity":"","overlay-gradient":""},"mobile":{"background-color":"","background-image":"","background-repeat":"repeat","background-position":"center center","background-size":"auto","background-attachment":"scroll","background-type":"","background-media":"","overlay-type":"","overlay-color":"","overlay-opacity":"","overlay-gradient":""}},"ast-content-background-meta":{"desktop":{"background-color":"var(--ast-global-color-5)","background-image":"","background-repeat":"repeat","background-position":"center center","background-size":"auto","background-attachment":"scroll","background-type":"","background-media":"","overlay-type":"","overlay-color":"","overlay-opacity":"","overlay-gradient":""},"tablet":{"background-color":"var(--ast-global-color-5)","background-image":"","background-repeat":"repeat","background-position":"center center","background-size":"auto","background-attachment":"scroll","background-type":"","background-media":"","overlay-type":"","overlay-color":"","overlay-opacity":"","overlay-gradient":""},"mobile":{"background-color":"var(--ast-global-color-5)","background-image":"","background-repeat":"repeat","background-position":"center center","background-size":"auto","background-attachment":"scroll","background-type":"","background-media":"","overlay-type":"","overlay-color":"","overlay-opacity":"","overlay-gradient":""}}},"product_brand":[],"product_cat":[85],"product_tag":[],"class_list":{"0":"post-6020","1":"product","2":"type-product","3":"status-publish","4":"has-post-thumbnail","6":"product_cat-lithuania","7":"desktop-align-left","8":"tablet-align-left","9":"mobile-align-left","11":"first","12":"instock","13":"sale","14":"shipping-taxable","15":"purchasable","16":"product-type-simple","17":"add-to-wishlist-before_image"},"_links":{"self":[{"href":"https:\/\/colligatum.com\/en\/wp-json\/wp\/v2\/product\/6020","targetHints":{"allow":["GET"]}}],"collection":[{"href":"https:\/\/colligatum.com\/en\/wp-json\/wp\/v2\/product"}],"about":[{"href":"https:\/\/colligatum.com\/en\/wp-json\/wp\/v2\/types\/product"}],"version-history":[{"count":1,"href":"https:\/\/colligatum.com\/en\/wp-json\/wp\/v2\/product\/6020\/revisions"}],"predecessor-version":[{"id":6021,"href":"https:\/\/colligatum.com\/en\/wp-json\/wp\/v2\/product\/6020\/revisions\/6021"}],"wp:featuredmedia":[{"embeddable":true,"href":"https:\/\/colligatum.com\/en\/wp-json\/wp\/v2\/media\/5841"}],"wp:attachment":[{"href":"https:\/\/colligatum.com\/en\/wp-json\/wp\/v2\/media?parent=6020"}],"wp:term":[{"taxonomy":"product_brand","embeddable":true,"href":"https:\/\/colligatum.com\/en\/wp-json\/wp\/v2\/product_brand?post=6020"},{"taxonomy":"product_cat","embeddable":true,"href":"https:\/\/colligatum.com\/en\/wp-json\/wp\/v2\/product_cat?post=6020"},{"taxonomy":"product_tag","embeddable":true,"href":"https:\/\/colligatum.com\/en\/wp-json\/wp\/v2\/product_tag?post=6020"}],"curies":[{"name":"wp","href":"https:\/\/api.w.org\/{rel}","templated":true}]}}