{"id":6024,"date":"2024-11-12T06:03:54","date_gmt":"2024-11-12T06:03:54","guid":{"rendered":"https:\/\/shop.colligatum.com\/?post_type=product&#038;p=6024"},"modified":"2026-04-11T14:29:44","modified_gmt":"2026-04-11T12:29:44","slug":"lm-blue-label-2","status":"publish","type":"product","link":"https:\/\/colligatum.com\/en\/product\/lm-blue-label-2\/","title":{"rendered":"L&amp;M Blue Label"},"content":{"rendered":"<p data-pm-slice=\"1 1 [&quot;bulletList&quot;,{},&quot;listItem&quot;,{}]\"><strong>Trumpas apra\u0161ymas:<\/strong> L&amp;M prek\u0117s \u017eenklas su \u201eBlue Label\u201c linija asocijuojamas su \u0161velnesn\u0117mis skonio savyb\u0117mis, amerikieti\u0161ku tabako mi\u0161iniu. Pakelis dekoruotas klasikine m\u0117lyna spalva, pabr\u0117\u017eiant \u201eQuality American Blend\u201c \u2013 amerikieti\u0161ko skonio kokyb\u0119. \u012esp\u0117jimai apie r\u016bkymo \u017eal\u0105 lietuvi\u0173 kalba nurodo, kad tai produktas, skirtas Lietuvos rinkai.<\/p>\n","protected":false},"excerpt":{"rendered":"<ul data-pm-slice=\"3 3 []\">\n<li><strong>Cigarette brand and name:<\/strong> <strong>L&amp;M Blue Label<\/strong><\/li>\n<li><strong>Package size:<\/strong> 20 cigarettes<\/li>\n<li><strong>Country of manufacture:<\/strong> Pagaminta Europos S\u0105jungoje (gamintojas: UAB Philip Morris Lietuva, Lietuva)<\/li>\n<li><strong>Gamybos laikotarpis\/metai:<\/strong> Ne\u012fvardintas, ta\u010diau pagal pakelio dizain\u0105 ir \u012fsp\u0117jimus galima sp\u0117ti, kad tai yra XXI a. prad\u017eios ar v\u0117lesnis leidimas.<\/li>\n<li><strong>Package type:<\/strong> Hard pack<\/li>\n<\/ul>","protected":false},"featured_media":5845,"template":"","meta":{"_surecart_dashboard_logo_width":"180px","_surecart_dashboard_show_logo":true,"_surecart_dashboard_navigation_orders":true,"_surecart_dashboard_navigation_invoices":true,"_surecart_dashboard_navigation_subscriptions":true,"_surecart_dashboard_navigation_downloads":true,"_surecart_dashboard_navigation_billing":true,"_surecart_dashboard_navigation_account":true,"site-sidebar-layout":"default","site-content-layout":"","ast-site-content-layout":"default","site-content-style":"default","site-sidebar-style":"default","ast-global-header-display":"","ast-banner-title-visibility":"","ast-main-header-display":"","ast-hfb-above-header-display":"","ast-hfb-below-header-display":"","ast-hfb-mobile-header-display":"","site-post-title":"","ast-breadcrumbs-content":"","ast-featured-img":"","footer-sml-layout":"","theme-transparent-header-meta":"default","adv-header-id-meta":"","stick-header-meta":"","header-above-stick-meta":"","header-main-stick-meta":"","header-below-stick-meta":"","astra-migrate-meta-layouts":"set","ast-page-background-enabled":"default","ast-page-background-meta":{"desktop":{"background-color":"","background-image":"","background-repeat":"repeat","background-position":"center center","background-size":"auto","background-attachment":"scroll","background-type":"","background-media":"","overlay-type":"","overlay-color":"","overlay-opacity":"","overlay-gradient":""},"tablet":{"background-color":"","background-image":"","background-repeat":"repeat","background-position":"center center","background-size":"auto","background-attachment":"scroll","background-type":"","background-media":"","overlay-type":"","overlay-color":"","overlay-opacity":"","overlay-gradient":""},"mobile":{"background-color":"","background-image":"","background-repeat":"repeat","background-position":"center center","background-size":"auto","background-attachment":"scroll","background-type":"","background-media":"","overlay-type":"","overlay-color":"","overlay-opacity":"","overlay-gradient":""}},"ast-content-background-meta":{"desktop":{"background-color":"var(--ast-global-color-5)","background-image":"","background-repeat":"repeat","background-position":"center center","background-size":"auto","background-attachment":"scroll","background-type":"","background-media":"","overlay-type":"","overlay-color":"","overlay-opacity":"","overlay-gradient":""},"tablet":{"background-color":"var(--ast-global-color-5)","background-image":"","background-repeat":"repeat","background-position":"center center","background-size":"auto","background-attachment":"scroll","background-type":"","background-media":"","overlay-type":"","overlay-color":"","overlay-opacity":"","overlay-gradient":""},"mobile":{"background-color":"var(--ast-global-color-5)","background-image":"","background-repeat":"repeat","background-position":"center center","background-size":"auto","background-attachment":"scroll","background-type":"","background-media":"","overlay-type":"","overlay-color":"","overlay-opacity":"","overlay-gradient":""}}},"product_brand":[],"product_cat":[85],"product_tag":[],"class_list":{"0":"post-6024","1":"product","2":"type-product","3":"status-publish","4":"has-post-thumbnail","6":"product_cat-lithuania","7":"desktop-align-left","8":"tablet-align-left","9":"mobile-align-left","11":"first","12":"instock","13":"sale","14":"shipping-taxable","15":"purchasable","16":"product-type-simple","17":"add-to-wishlist-before_image"},"_links":{"self":[{"href":"https:\/\/colligatum.com\/en\/wp-json\/wp\/v2\/product\/6024","targetHints":{"allow":["GET"]}}],"collection":[{"href":"https:\/\/colligatum.com\/en\/wp-json\/wp\/v2\/product"}],"about":[{"href":"https:\/\/colligatum.com\/en\/wp-json\/wp\/v2\/types\/product"}],"version-history":[{"count":1,"href":"https:\/\/colligatum.com\/en\/wp-json\/wp\/v2\/product\/6024\/revisions"}],"predecessor-version":[{"id":6025,"href":"https:\/\/colligatum.com\/en\/wp-json\/wp\/v2\/product\/6024\/revisions\/6025"}],"wp:featuredmedia":[{"embeddable":true,"href":"https:\/\/colligatum.com\/en\/wp-json\/wp\/v2\/media\/5845"}],"wp:attachment":[{"href":"https:\/\/colligatum.com\/en\/wp-json\/wp\/v2\/media?parent=6024"}],"wp:term":[{"taxonomy":"product_brand","embeddable":true,"href":"https:\/\/colligatum.com\/en\/wp-json\/wp\/v2\/product_brand?post=6024"},{"taxonomy":"product_cat","embeddable":true,"href":"https:\/\/colligatum.com\/en\/wp-json\/wp\/v2\/product_cat?post=6024"},{"taxonomy":"product_tag","embeddable":true,"href":"https:\/\/colligatum.com\/en\/wp-json\/wp\/v2\/product_tag?post=6024"}],"curies":[{"name":"wp","href":"https:\/\/api.w.org\/{rel}","templated":true}]}}