{"id":6026,"date":"2024-11-12T06:04:48","date_gmt":"2024-11-12T06:04:48","guid":{"rendered":"https:\/\/shop.colligatum.com\/?post_type=product&#038;p=6026"},"modified":"2026-04-11T14:29:16","modified_gmt":"2026-04-11T12:29:16","slug":"lm-one-2","status":"publish","type":"product","link":"https:\/\/colligatum.com\/en\/product\/lm-one-2\/","title":{"rendered":"L&amp;M One"},"content":{"rendered":"<ol data-pm-slice=\"3 1 []\">\n<li><strong>Description:<\/strong> Pakelis paprastas, su geltonu vir\u0161umi ir prek\u0117s \u017eenklu \u201eQuality American Blend\u201c. Dominuoja minimalisti\u0161kas dizainas, pabr\u0117\u017eiantis cigare\u010di\u0173 kokyb\u0119. Pakelio vir\u0161uje yra \u012fsp\u0117jimas d\u0117l r\u016bkymo poveikio, \u012fskaitant u\u017era\u0161\u0105 \u201eR\u016bkymas labai kenkia jums ir aplinkiniams.\u201c<\/li>\n<\/ol>\n<p>Interesting fact: <strong>L&amp;M<\/strong> yra viena populiariausi\u0173 pasaulini\u0173 cigare\u010di\u0173 marki\u0173, priklauso Philip Morris, ir j\u0173 istorija siekia 1950-uosius.<\/p>","protected":false},"excerpt":{"rendered":"<p data-pm-slice=\"1 3 []\"><strong>L&amp;M One<\/strong><\/p>\n<ol>\n<li><strong>Brand and name:<\/strong> L&amp;M One<\/li>\n<li><strong>Cigare\u010di\u0173 kiekis pakelyje:<\/strong> 20 cigarettes with filter<\/li>\n<li><strong>Country of manufacture:<\/strong> Europos S\u0105junga (pagaminta pagal Philip Morris Products S.A., \u0160veicarija, nurodym\u0105)<\/li>\n<li><strong>Production period or year:<\/strong> XX\u2013XXI am\u017eius<\/li>\n<li><strong>Package type:<\/strong> Hard<\/li>\n<\/ol>","protected":false},"featured_media":5847,"template":"","meta":{"_surecart_dashboard_logo_width":"180px","_surecart_dashboard_show_logo":true,"_surecart_dashboard_navigation_orders":true,"_surecart_dashboard_navigation_invoices":true,"_surecart_dashboard_navigation_subscriptions":true,"_surecart_dashboard_navigation_downloads":true,"_surecart_dashboard_navigation_billing":true,"_surecart_dashboard_navigation_account":true,"site-sidebar-layout":"default","site-content-layout":"","ast-site-content-layout":"default","site-content-style":"default","site-sidebar-style":"default","ast-global-header-display":"","ast-banner-title-visibility":"","ast-main-header-display":"","ast-hfb-above-header-display":"","ast-hfb-below-header-display":"","ast-hfb-mobile-header-display":"","site-post-title":"","ast-breadcrumbs-content":"","ast-featured-img":"","footer-sml-layout":"","theme-transparent-header-meta":"default","adv-header-id-meta":"","stick-header-meta":"","header-above-stick-meta":"","header-main-stick-meta":"","header-below-stick-meta":"","astra-migrate-meta-layouts":"set","ast-page-background-enabled":"default","ast-page-background-meta":{"desktop":{"background-color":"","background-image":"","background-repeat":"repeat","background-position":"center center","background-size":"auto","background-attachment":"scroll","background-type":"","background-media":"","overlay-type":"","overlay-color":"","overlay-opacity":"","overlay-gradient":""},"tablet":{"background-color":"","background-image":"","background-repeat":"repeat","background-position":"center center","background-size":"auto","background-attachment":"scroll","background-type":"","background-media":"","overlay-type":"","overlay-color":"","overlay-opacity":"","overlay-gradient":""},"mobile":{"background-color":"","background-image":"","background-repeat":"repeat","background-position":"center center","background-size":"auto","background-attachment":"scroll","background-type":"","background-media":"","overlay-type":"","overlay-color":"","overlay-opacity":"","overlay-gradient":""}},"ast-content-background-meta":{"desktop":{"background-color":"var(--ast-global-color-5)","background-image":"","background-repeat":"repeat","background-position":"center center","background-size":"auto","background-attachment":"scroll","background-type":"","background-media":"","overlay-type":"","overlay-color":"","overlay-opacity":"","overlay-gradient":""},"tablet":{"background-color":"var(--ast-global-color-5)","background-image":"","background-repeat":"repeat","background-position":"center center","background-size":"auto","background-attachment":"scroll","background-type":"","background-media":"","overlay-type":"","overlay-color":"","overlay-opacity":"","overlay-gradient":""},"mobile":{"background-color":"var(--ast-global-color-5)","background-image":"","background-repeat":"repeat","background-position":"center center","background-size":"auto","background-attachment":"scroll","background-type":"","background-media":"","overlay-type":"","overlay-color":"","overlay-opacity":"","overlay-gradient":""}}},"product_brand":[],"product_cat":[85],"product_tag":[],"class_list":{"0":"post-6026","1":"product","2":"type-product","3":"status-publish","4":"has-post-thumbnail","6":"product_cat-lithuania","7":"desktop-align-left","8":"tablet-align-left","9":"mobile-align-left","11":"first","12":"instock","13":"sale","14":"shipping-taxable","15":"purchasable","16":"product-type-simple","17":"add-to-wishlist-before_image"},"_links":{"self":[{"href":"https:\/\/colligatum.com\/en\/wp-json\/wp\/v2\/product\/6026","targetHints":{"allow":["GET"]}}],"collection":[{"href":"https:\/\/colligatum.com\/en\/wp-json\/wp\/v2\/product"}],"about":[{"href":"https:\/\/colligatum.com\/en\/wp-json\/wp\/v2\/types\/product"}],"version-history":[{"count":1,"href":"https:\/\/colligatum.com\/en\/wp-json\/wp\/v2\/product\/6026\/revisions"}],"predecessor-version":[{"id":6027,"href":"https:\/\/colligatum.com\/en\/wp-json\/wp\/v2\/product\/6026\/revisions\/6027"}],"wp:featuredmedia":[{"embeddable":true,"href":"https:\/\/colligatum.com\/en\/wp-json\/wp\/v2\/media\/5847"}],"wp:attachment":[{"href":"https:\/\/colligatum.com\/en\/wp-json\/wp\/v2\/media?parent=6026"}],"wp:term":[{"taxonomy":"product_brand","embeddable":true,"href":"https:\/\/colligatum.com\/en\/wp-json\/wp\/v2\/product_brand?post=6026"},{"taxonomy":"product_cat","embeddable":true,"href":"https:\/\/colligatum.com\/en\/wp-json\/wp\/v2\/product_cat?post=6026"},{"taxonomy":"product_tag","embeddable":true,"href":"https:\/\/colligatum.com\/en\/wp-json\/wp\/v2\/product_tag?post=6026"}],"curies":[{"name":"wp","href":"https:\/\/api.w.org\/{rel}","templated":true}]}}