{"id":6028,"date":"2024-11-12T06:05:43","date_gmt":"2024-11-12T06:05:43","guid":{"rendered":"https:\/\/shop.colligatum.com\/?post_type=product&#038;p=6028"},"modified":"2026-04-11T14:29:09","modified_gmt":"2026-04-11T12:29:09","slug":"lm-yellow-label","status":"publish","type":"product","link":"https:\/\/colligatum.com\/en\/product\/lm-yellow-label\/","title":{"rendered":"L&amp;M Yellow Label"},"content":{"rendered":"<p data-pm-slice=\"1 1 []\"><strong>Short description:<\/strong><br \/>\nPakelis \u201eL&amp;M Yellow Label\u201c pasi\u017eymi klasikin\u0117mis geltonos ir m\u0117lynos spalvos detal\u0117mis, kurios sukuria solid\u0173 ir paprast\u0105 dizain\u0105. Tai yra \u201eQuality American Blend\u201c produktas, gamintas Philip Morris kompanijos, gars\u0117jan\u010dios savo kokybi\u0161kais produktais. Ant pakelio matoma valstyb\u0117s antspaudas su kaina \u2013 3.75 Lt, kas prideda \u0161iam pakeliui sentimentin\u0117s ir istorin\u0117s vert\u0117s, nes Litai buvo naudojami Lietuvoje iki 2015 m. Gamybos vieta ir \u012fsp\u0117jimai apie sveikat\u0105 nurodo, jog tai yra skirtas vietinei rinkai produktas.<\/p>","protected":false},"excerpt":{"rendered":"<p data-pm-slice=\"1 1 []\"><strong>Cigaret\u0117s pavadinimas ir prek\u0117s \u017eenklas:<\/strong><br \/>\n<strong>L&amp;M Yellow Label<\/strong><\/p>\n<p><strong>2. Pakelio dydis:<\/strong><br \/>\n20 cigarettes with filter<\/p>\n<p><strong>3. Kilm\u0117s \u0161alis:<\/strong><br \/>\nPagaminta Lietuvoje (gamintojas: UAB Philip Morris Lietuva, Vilnius pl. 16, Klaip\u0117da)<\/p>\n<p><strong>4. Production period or year:<\/strong><br \/>\nNenurodyta tiksliai, bet tai modernus pakelis, kuris gal\u0117t\u0173 b\u016bti priskirtas paskutiniams keliems de\u0161imtme\u010diams.<\/p>\n<p><strong>5. Pakelio tipas:<\/strong><br \/>\nHard pack<\/p>","protected":false},"featured_media":5849,"template":"","meta":{"_surecart_dashboard_logo_width":"180px","_surecart_dashboard_show_logo":true,"_surecart_dashboard_navigation_orders":true,"_surecart_dashboard_navigation_invoices":true,"_surecart_dashboard_navigation_subscriptions":true,"_surecart_dashboard_navigation_downloads":true,"_surecart_dashboard_navigation_billing":true,"_surecart_dashboard_navigation_account":true,"site-sidebar-layout":"default","site-content-layout":"","ast-site-content-layout":"default","site-content-style":"default","site-sidebar-style":"default","ast-global-header-display":"","ast-banner-title-visibility":"","ast-main-header-display":"","ast-hfb-above-header-display":"","ast-hfb-below-header-display":"","ast-hfb-mobile-header-display":"","site-post-title":"","ast-breadcrumbs-content":"","ast-featured-img":"","footer-sml-layout":"","theme-transparent-header-meta":"default","adv-header-id-meta":"","stick-header-meta":"","header-above-stick-meta":"","header-main-stick-meta":"","header-below-stick-meta":"","astra-migrate-meta-layouts":"set","ast-page-background-enabled":"default","ast-page-background-meta":{"desktop":{"background-color":"","background-image":"","background-repeat":"repeat","background-position":"center center","background-size":"auto","background-attachment":"scroll","background-type":"","background-media":"","overlay-type":"","overlay-color":"","overlay-opacity":"","overlay-gradient":""},"tablet":{"background-color":"","background-image":"","background-repeat":"repeat","background-position":"center center","background-size":"auto","background-attachment":"scroll","background-type":"","background-media":"","overlay-type":"","overlay-color":"","overlay-opacity":"","overlay-gradient":""},"mobile":{"background-color":"","background-image":"","background-repeat":"repeat","background-position":"center center","background-size":"auto","background-attachment":"scroll","background-type":"","background-media":"","overlay-type":"","overlay-color":"","overlay-opacity":"","overlay-gradient":""}},"ast-content-background-meta":{"desktop":{"background-color":"var(--ast-global-color-5)","background-image":"","background-repeat":"repeat","background-position":"center center","background-size":"auto","background-attachment":"scroll","background-type":"","background-media":"","overlay-type":"","overlay-color":"","overlay-opacity":"","overlay-gradient":""},"tablet":{"background-color":"var(--ast-global-color-5)","background-image":"","background-repeat":"repeat","background-position":"center center","background-size":"auto","background-attachment":"scroll","background-type":"","background-media":"","overlay-type":"","overlay-color":"","overlay-opacity":"","overlay-gradient":""},"mobile":{"background-color":"var(--ast-global-color-5)","background-image":"","background-repeat":"repeat","background-position":"center center","background-size":"auto","background-attachment":"scroll","background-type":"","background-media":"","overlay-type":"","overlay-color":"","overlay-opacity":"","overlay-gradient":""}}},"product_brand":[],"product_cat":[85],"product_tag":[],"class_list":{"0":"post-6028","1":"product","2":"type-product","3":"status-publish","4":"has-post-thumbnail","6":"product_cat-lithuania","7":"desktop-align-left","8":"tablet-align-left","9":"mobile-align-left","11":"first","12":"instock","13":"sale","14":"shipping-taxable","15":"purchasable","16":"product-type-simple","17":"add-to-wishlist-before_image"},"_links":{"self":[{"href":"https:\/\/colligatum.com\/en\/wp-json\/wp\/v2\/product\/6028","targetHints":{"allow":["GET"]}}],"collection":[{"href":"https:\/\/colligatum.com\/en\/wp-json\/wp\/v2\/product"}],"about":[{"href":"https:\/\/colligatum.com\/en\/wp-json\/wp\/v2\/types\/product"}],"version-history":[{"count":1,"href":"https:\/\/colligatum.com\/en\/wp-json\/wp\/v2\/product\/6028\/revisions"}],"predecessor-version":[{"id":6029,"href":"https:\/\/colligatum.com\/en\/wp-json\/wp\/v2\/product\/6028\/revisions\/6029"}],"wp:featuredmedia":[{"embeddable":true,"href":"https:\/\/colligatum.com\/en\/wp-json\/wp\/v2\/media\/5849"}],"wp:attachment":[{"href":"https:\/\/colligatum.com\/en\/wp-json\/wp\/v2\/media?parent=6028"}],"wp:term":[{"taxonomy":"product_brand","embeddable":true,"href":"https:\/\/colligatum.com\/en\/wp-json\/wp\/v2\/product_brand?post=6028"},{"taxonomy":"product_cat","embeddable":true,"href":"https:\/\/colligatum.com\/en\/wp-json\/wp\/v2\/product_cat?post=6028"},{"taxonomy":"product_tag","embeddable":true,"href":"https:\/\/colligatum.com\/en\/wp-json\/wp\/v2\/product_tag?post=6028"}],"curies":[{"name":"wp","href":"https:\/\/api.w.org\/{rel}","templated":true}]}}