{"id":6034,"date":"2024-11-12T06:08:08","date_gmt":"2024-11-12T06:08:08","guid":{"rendered":"https:\/\/shop.colligatum.com\/?post_type=product&#038;p=6034"},"modified":"2026-04-11T06:49:53","modified_gmt":"2026-04-11T04:49:53","slug":"winston-classic-2","status":"publish","type":"product","link":"https:\/\/colligatum.com\/en\/product\/winston-classic-2\/","title":{"rendered":"Winston Classic"},"content":{"rendered":"<ol data-pm-slice=\"3 1 []\">\n<li><strong>Description:<\/strong> \u0160is \u201eWinston Classic\u201c cigare\u010di\u0173 pakelis yra i\u0161 2014 m. su \u012fsp\u0117jam\u0105ja etikete \u201eR\u016bkymas \u017eudo\u201c. D\u0117\u017eut\u0117 yra raudonos spalvos su klasikiniu \u201eWinston\u201c logotipu ir u\u017era\u0161u \u201eAmerican Flavor\u201c. Kietoji pakuot\u0117 u\u017etikrina cigare\u010di\u0173 apsaug\u0105 ir pabr\u0117\u017eia prek\u0117s \u017eenklo solidum\u0105. \u0160alia u\u017era\u0161o pateikiama informacija apie trij\u0173 sluoksni\u0173 skonio apsaug\u0105 (3 Layer Flavor Protection), kas rodo pastangas i\u0161laikyti stipr\u0173 tabako skon\u012f.&nbsp;<\/li>\n<\/ol>\n<p>\u012edomus faktas: \u201eWinston\u201c cigaret\u0117s yra \u017einomos d\u0117l savo ilgalaik\u0117s rinkos istorijos ir auk\u0161to vartotoj\u0173 lojalumo, ypa\u010d tarp t\u0173, kurie ie\u0161ko amerikieti\u0161ko stiliaus tabako skonio.<\/p>","protected":false},"excerpt":{"rendered":"<h3 data-pm-slice=\"1 3 []\"><strong>Winston Classic<\/strong><\/h3>\n<ol>\n<li><strong>Brand and name:<\/strong> Winston Classic<\/li>\n<li><strong>Number of cigarettes in the pack:<\/strong> 20 cigarettes<\/li>\n<li><strong>Country of manufacture:<\/strong> Europos S\u0105junga (ES)<\/li>\n<li><strong>Production period:<\/strong> 2014 m.<\/li>\n<li><strong>Packaging type:<\/strong> Kieta kartonin\u0117 d\u0117\u017eut\u0117<\/li>\n<\/ol>","protected":false},"featured_media":5855,"template":"","meta":{"_surecart_dashboard_logo_width":"180px","_surecart_dashboard_show_logo":true,"_surecart_dashboard_navigation_orders":true,"_surecart_dashboard_navigation_invoices":true,"_surecart_dashboard_navigation_subscriptions":true,"_surecart_dashboard_navigation_downloads":true,"_surecart_dashboard_navigation_billing":true,"_surecart_dashboard_navigation_account":true,"site-sidebar-layout":"default","site-content-layout":"","ast-site-content-layout":"default","site-content-style":"default","site-sidebar-style":"default","ast-global-header-display":"","ast-banner-title-visibility":"","ast-main-header-display":"","ast-hfb-above-header-display":"","ast-hfb-below-header-display":"","ast-hfb-mobile-header-display":"","site-post-title":"","ast-breadcrumbs-content":"","ast-featured-img":"","footer-sml-layout":"","theme-transparent-header-meta":"default","adv-header-id-meta":"","stick-header-meta":"","header-above-stick-meta":"","header-main-stick-meta":"","header-below-stick-meta":"","astra-migrate-meta-layouts":"set","ast-page-background-enabled":"default","ast-page-background-meta":{"desktop":{"background-color":"","background-image":"","background-repeat":"repeat","background-position":"center center","background-size":"auto","background-attachment":"scroll","background-type":"","background-media":"","overlay-type":"","overlay-color":"","overlay-opacity":"","overlay-gradient":""},"tablet":{"background-color":"","background-image":"","background-repeat":"repeat","background-position":"center center","background-size":"auto","background-attachment":"scroll","background-type":"","background-media":"","overlay-type":"","overlay-color":"","overlay-opacity":"","overlay-gradient":""},"mobile":{"background-color":"","background-image":"","background-repeat":"repeat","background-position":"center center","background-size":"auto","background-attachment":"scroll","background-type":"","background-media":"","overlay-type":"","overlay-color":"","overlay-opacity":"","overlay-gradient":""}},"ast-content-background-meta":{"desktop":{"background-color":"var(--ast-global-color-5)","background-image":"","background-repeat":"repeat","background-position":"center center","background-size":"auto","background-attachment":"scroll","background-type":"","background-media":"","overlay-type":"","overlay-color":"","overlay-opacity":"","overlay-gradient":""},"tablet":{"background-color":"var(--ast-global-color-5)","background-image":"","background-repeat":"repeat","background-position":"center center","background-size":"auto","background-attachment":"scroll","background-type":"","background-media":"","overlay-type":"","overlay-color":"","overlay-opacity":"","overlay-gradient":""},"mobile":{"background-color":"var(--ast-global-color-5)","background-image":"","background-repeat":"repeat","background-position":"center center","background-size":"auto","background-attachment":"scroll","background-type":"","background-media":"","overlay-type":"","overlay-color":"","overlay-opacity":"","overlay-gradient":""}}},"product_brand":[],"product_cat":[85],"product_tag":[],"class_list":{"0":"post-6034","1":"product","2":"type-product","3":"status-publish","4":"has-post-thumbnail","6":"product_cat-lithuania","7":"desktop-align-left","8":"tablet-align-left","9":"mobile-align-left","11":"first","12":"instock","13":"sale","14":"shipping-taxable","15":"purchasable","16":"product-type-simple","17":"add-to-wishlist-before_image"},"_links":{"self":[{"href":"https:\/\/colligatum.com\/en\/wp-json\/wp\/v2\/product\/6034","targetHints":{"allow":["GET"]}}],"collection":[{"href":"https:\/\/colligatum.com\/en\/wp-json\/wp\/v2\/product"}],"about":[{"href":"https:\/\/colligatum.com\/en\/wp-json\/wp\/v2\/types\/product"}],"version-history":[{"count":2,"href":"https:\/\/colligatum.com\/en\/wp-json\/wp\/v2\/product\/6034\/revisions"}],"predecessor-version":[{"id":26400,"href":"https:\/\/colligatum.com\/en\/wp-json\/wp\/v2\/product\/6034\/revisions\/26400"}],"wp:featuredmedia":[{"embeddable":true,"href":"https:\/\/colligatum.com\/en\/wp-json\/wp\/v2\/media\/5855"}],"wp:attachment":[{"href":"https:\/\/colligatum.com\/en\/wp-json\/wp\/v2\/media?parent=6034"}],"wp:term":[{"taxonomy":"product_brand","embeddable":true,"href":"https:\/\/colligatum.com\/en\/wp-json\/wp\/v2\/product_brand?post=6034"},{"taxonomy":"product_cat","embeddable":true,"href":"https:\/\/colligatum.com\/en\/wp-json\/wp\/v2\/product_cat?post=6034"},{"taxonomy":"product_tag","embeddable":true,"href":"https:\/\/colligatum.com\/en\/wp-json\/wp\/v2\/product_tag?post=6034"}],"curies":[{"name":"wp","href":"https:\/\/api.w.org\/{rel}","templated":true}]}}