{"id":6036,"date":"2024-11-12T06:08:58","date_gmt":"2024-11-12T06:08:58","guid":{"rendered":"https:\/\/shop.colligatum.com\/?post_type=product&#038;p=6036"},"modified":"2024-11-12T18:36:55","modified_gmt":"2024-11-12T18:36:55","slug":"marlboro-micro-beyond-menthol-iceball","status":"publish","type":"product","link":"https:\/\/colligatum.com\/en\/product\/marlboro-micro-beyond-menthol-iceball\/","title":{"rendered":"Marlboro Micro Beyond Menthol Iceball"},"content":{"rendered":"<p data-pm-slice=\"1 1 [&quot;orderedList&quot;,{&quot;start&quot;:1},&quot;listItem&quot;,{}]\"><strong>Trumpas apra\u0161ymas:<\/strong> \u0160is cigare\u010di\u0173 pakelis skirtas mentolio m\u0117g\u0117jams su galimybe aktyvuoti \u0161aldymo kapsul\u0119 (Iceball). Dizainas minimalistinis su baltos ir m\u0117lynos spalvos detal\u0117mis, taip pat yra u\u017era\u0161as &#8222;Less smell&#8221;. Ant pakelio matomas \u012fdomus faktas \u2013 kainos nurodymas tiek litais (9.70 Lt), tiek eurais (2.81 EUR), kas nurodo ant pereinamojo laikotarpio, kai Lietuva pri\u0117m\u0117 eur\u0105.<\/p>\n","protected":false},"excerpt":{"rendered":"<p data-pm-slice=\"1 3 []\"><strong>Marlboro Micro Beyond Menthol Iceball<\/strong><\/p>\n<ol>\n<li><strong>Cigarette brand and name:<\/strong> Marlboro Micro Beyond Menthol Iceball<\/li>\n<li><strong>Package size:<\/strong> 20 cigarettes<\/li>\n<li><strong>Country of manufacture:<\/strong> European Union (under Philip Morris Brands S\u00e0rl, Neuch\u00e2tel, Switzerland)<\/li>\n<li><strong>Production period:<\/strong> Not specified, but based on Lithuanian litas and euro prices, the transition period is likely to be 2014-2015.<\/li>\n<li><strong>Package type:<\/strong> Hard<\/li>\n<\/ol>","protected":false},"featured_media":5857,"template":"","meta":{"_surecart_dashboard_logo_width":"180px","_surecart_dashboard_show_logo":true,"_surecart_dashboard_navigation_orders":true,"_surecart_dashboard_navigation_invoices":true,"_surecart_dashboard_navigation_subscriptions":true,"_surecart_dashboard_navigation_downloads":true,"_surecart_dashboard_navigation_billing":true,"_surecart_dashboard_navigation_account":true,"site-sidebar-layout":"default","site-content-layout":"","ast-site-content-layout":"default","site-content-style":"default","site-sidebar-style":"default","ast-global-header-display":"","ast-banner-title-visibility":"","ast-main-header-display":"","ast-hfb-above-header-display":"","ast-hfb-below-header-display":"","ast-hfb-mobile-header-display":"","site-post-title":"","ast-breadcrumbs-content":"","ast-featured-img":"","footer-sml-layout":"","theme-transparent-header-meta":"default","adv-header-id-meta":"","stick-header-meta":"","header-above-stick-meta":"","header-main-stick-meta":"","header-below-stick-meta":"","astra-migrate-meta-layouts":"set","ast-page-background-enabled":"default","ast-page-background-meta":{"desktop":{"background-color":"","background-image":"","background-repeat":"repeat","background-position":"center center","background-size":"auto","background-attachment":"scroll","background-type":"","background-media":"","overlay-type":"","overlay-color":"","overlay-opacity":"","overlay-gradient":""},"tablet":{"background-color":"","background-image":"","background-repeat":"repeat","background-position":"center center","background-size":"auto","background-attachment":"scroll","background-type":"","background-media":"","overlay-type":"","overlay-color":"","overlay-opacity":"","overlay-gradient":""},"mobile":{"background-color":"","background-image":"","background-repeat":"repeat","background-position":"center center","background-size":"auto","background-attachment":"scroll","background-type":"","background-media":"","overlay-type":"","overlay-color":"","overlay-opacity":"","overlay-gradient":""}},"ast-content-background-meta":{"desktop":{"background-color":"var(--ast-global-color-5)","background-image":"","background-repeat":"repeat","background-position":"center center","background-size":"auto","background-attachment":"scroll","background-type":"","background-media":"","overlay-type":"","overlay-color":"","overlay-opacity":"","overlay-gradient":""},"tablet":{"background-color":"var(--ast-global-color-5)","background-image":"","background-repeat":"repeat","background-position":"center center","background-size":"auto","background-attachment":"scroll","background-type":"","background-media":"","overlay-type":"","overlay-color":"","overlay-opacity":"","overlay-gradient":""},"mobile":{"background-color":"var(--ast-global-color-5)","background-image":"","background-repeat":"repeat","background-position":"center center","background-size":"auto","background-attachment":"scroll","background-type":"","background-media":"","overlay-type":"","overlay-color":"","overlay-opacity":"","overlay-gradient":""}}},"product_brand":[],"product_cat":[85],"product_tag":[],"class_list":{"0":"post-6036","1":"product","2":"type-product","3":"status-publish","4":"has-post-thumbnail","6":"product_cat-lithuania","7":"desktop-align-left","8":"tablet-align-left","9":"mobile-align-left","11":"first","12":"instock","13":"sale","14":"shipping-taxable","15":"purchasable","16":"product-type-simple","17":"add-to-wishlist-before_image"},"_links":{"self":[{"href":"https:\/\/colligatum.com\/en\/wp-json\/wp\/v2\/product\/6036","targetHints":{"allow":["GET"]}}],"collection":[{"href":"https:\/\/colligatum.com\/en\/wp-json\/wp\/v2\/product"}],"about":[{"href":"https:\/\/colligatum.com\/en\/wp-json\/wp\/v2\/types\/product"}],"version-history":[{"count":1,"href":"https:\/\/colligatum.com\/en\/wp-json\/wp\/v2\/product\/6036\/revisions"}],"predecessor-version":[{"id":6037,"href":"https:\/\/colligatum.com\/en\/wp-json\/wp\/v2\/product\/6036\/revisions\/6037"}],"wp:featuredmedia":[{"embeddable":true,"href":"https:\/\/colligatum.com\/en\/wp-json\/wp\/v2\/media\/5857"}],"wp:attachment":[{"href":"https:\/\/colligatum.com\/en\/wp-json\/wp\/v2\/media?parent=6036"}],"wp:term":[{"taxonomy":"product_brand","embeddable":true,"href":"https:\/\/colligatum.com\/en\/wp-json\/wp\/v2\/product_brand?post=6036"},{"taxonomy":"product_cat","embeddable":true,"href":"https:\/\/colligatum.com\/en\/wp-json\/wp\/v2\/product_cat?post=6036"},{"taxonomy":"product_tag","embeddable":true,"href":"https:\/\/colligatum.com\/en\/wp-json\/wp\/v2\/product_tag?post=6036"}],"curies":[{"name":"wp","href":"https:\/\/api.w.org\/{rel}","templated":true}]}}