{"id":6040,"date":"2024-11-12T06:10:39","date_gmt":"2024-11-12T06:10:39","guid":{"rendered":"https:\/\/shop.colligatum.com\/?post_type=product&#038;p=6040"},"modified":"2024-11-12T18:37:32","modified_gmt":"2024-11-12T18:37:32","slug":"lm-forward-2-in-1","status":"publish","type":"product","link":"https:\/\/colligatum.com\/en\/product\/lm-forward-2-in-1\/","title":{"rendered":"L&amp;M Forward 2 in 1"},"content":{"rendered":"<ol data-pm-slice=\"3 1 []\">\n<li><strong>Short description<\/strong>: Tai mentolio skonio cigaret\u0117s su kapsule filtre, leid\u017eian\u010dia keisti cigare\u010di\u0173 skon\u012f. Pakelis yra \u0161iuolaikinis, m\u0117lynos ir \u017ealios spalv\u0173 derinys su ry\u0161kiais \u012fsp\u0117jamaisiais u\u017era\u0161ais, kurie skatina r\u016bkalius b\u016bti atsargiais d\u0117l sveikatos rizikos.\n<p>&nbsp;<\/li>\n<\/ol>\n<p>\u012edomus faktas: L&amp;M prek\u0117s \u017eenklas buvo sukurtas 1953 m., siekiant pristatyti naujovi\u0161kus filtrus ir skirting\u0173 skoni\u0173 cigaretes, ir per daugel\u012f met\u0173 tapo populiariu tarptautiniu \u017eenklu.<\/p>","protected":false},"excerpt":{"rendered":"<h3 data-pm-slice=\"1 3 []\">L&amp;M Forward 2 in 1<\/h3>\n<ol>\n<li><strong>Cigarette brand and name<\/strong>: L&amp;M Pirmyn 2 in 1<\/li>\n<li><strong>Package size<\/strong>: 20 cigarettes<\/li>\n<li><strong>Country of manufacture<\/strong>: ES<\/li>\n<li><strong>Production period<\/strong>: 2014 m. su lietuvi\u0161ka mokestine etikete (LTL valiuta)<\/li>\n<li><strong>Package type<\/strong>: Hard pack<\/li>\n<\/ol>","protected":false},"featured_media":5861,"template":"","meta":{"_surecart_dashboard_logo_width":"180px","_surecart_dashboard_show_logo":true,"_surecart_dashboard_navigation_orders":true,"_surecart_dashboard_navigation_invoices":true,"_surecart_dashboard_navigation_subscriptions":true,"_surecart_dashboard_navigation_downloads":true,"_surecart_dashboard_navigation_billing":true,"_surecart_dashboard_navigation_account":true,"site-sidebar-layout":"default","site-content-layout":"","ast-site-content-layout":"default","site-content-style":"default","site-sidebar-style":"default","ast-global-header-display":"","ast-banner-title-visibility":"","ast-main-header-display":"","ast-hfb-above-header-display":"","ast-hfb-below-header-display":"","ast-hfb-mobile-header-display":"","site-post-title":"","ast-breadcrumbs-content":"","ast-featured-img":"","footer-sml-layout":"","theme-transparent-header-meta":"default","adv-header-id-meta":"","stick-header-meta":"","header-above-stick-meta":"","header-main-stick-meta":"","header-below-stick-meta":"","astra-migrate-meta-layouts":"set","ast-page-background-enabled":"default","ast-page-background-meta":{"desktop":{"background-color":"","background-image":"","background-repeat":"repeat","background-position":"center center","background-size":"auto","background-attachment":"scroll","background-type":"","background-media":"","overlay-type":"","overlay-color":"","overlay-opacity":"","overlay-gradient":""},"tablet":{"background-color":"","background-image":"","background-repeat":"repeat","background-position":"center center","background-size":"auto","background-attachment":"scroll","background-type":"","background-media":"","overlay-type":"","overlay-color":"","overlay-opacity":"","overlay-gradient":""},"mobile":{"background-color":"","background-image":"","background-repeat":"repeat","background-position":"center center","background-size":"auto","background-attachment":"scroll","background-type":"","background-media":"","overlay-type":"","overlay-color":"","overlay-opacity":"","overlay-gradient":""}},"ast-content-background-meta":{"desktop":{"background-color":"var(--ast-global-color-5)","background-image":"","background-repeat":"repeat","background-position":"center center","background-size":"auto","background-attachment":"scroll","background-type":"","background-media":"","overlay-type":"","overlay-color":"","overlay-opacity":"","overlay-gradient":""},"tablet":{"background-color":"var(--ast-global-color-5)","background-image":"","background-repeat":"repeat","background-position":"center center","background-size":"auto","background-attachment":"scroll","background-type":"","background-media":"","overlay-type":"","overlay-color":"","overlay-opacity":"","overlay-gradient":""},"mobile":{"background-color":"var(--ast-global-color-5)","background-image":"","background-repeat":"repeat","background-position":"center center","background-size":"auto","background-attachment":"scroll","background-type":"","background-media":"","overlay-type":"","overlay-color":"","overlay-opacity":"","overlay-gradient":""}}},"product_brand":[],"product_cat":[85],"product_tag":[],"class_list":{"0":"post-6040","1":"product","2":"type-product","3":"status-publish","4":"has-post-thumbnail","6":"product_cat-lithuania","7":"desktop-align-left","8":"tablet-align-left","9":"mobile-align-left","11":"first","12":"instock","13":"shipping-taxable","14":"purchasable","15":"product-type-simple","16":"add-to-wishlist-before_image"},"_links":{"self":[{"href":"https:\/\/colligatum.com\/en\/wp-json\/wp\/v2\/product\/6040","targetHints":{"allow":["GET"]}}],"collection":[{"href":"https:\/\/colligatum.com\/en\/wp-json\/wp\/v2\/product"}],"about":[{"href":"https:\/\/colligatum.com\/en\/wp-json\/wp\/v2\/types\/product"}],"version-history":[{"count":1,"href":"https:\/\/colligatum.com\/en\/wp-json\/wp\/v2\/product\/6040\/revisions"}],"predecessor-version":[{"id":6041,"href":"https:\/\/colligatum.com\/en\/wp-json\/wp\/v2\/product\/6040\/revisions\/6041"}],"wp:featuredmedia":[{"embeddable":true,"href":"https:\/\/colligatum.com\/en\/wp-json\/wp\/v2\/media\/5861"}],"wp:attachment":[{"href":"https:\/\/colligatum.com\/en\/wp-json\/wp\/v2\/media?parent=6040"}],"wp:term":[{"taxonomy":"product_brand","embeddable":true,"href":"https:\/\/colligatum.com\/en\/wp-json\/wp\/v2\/product_brand?post=6040"},{"taxonomy":"product_cat","embeddable":true,"href":"https:\/\/colligatum.com\/en\/wp-json\/wp\/v2\/product_cat?post=6040"},{"taxonomy":"product_tag","embeddable":true,"href":"https:\/\/colligatum.com\/en\/wp-json\/wp\/v2\/product_tag?post=6040"}],"curies":[{"name":"wp","href":"https:\/\/api.w.org\/{rel}","templated":true}]}}