{"id":6042,"date":"2024-11-12T06:11:22","date_gmt":"2024-11-12T06:11:22","guid":{"rendered":"https:\/\/shop.colligatum.com\/?post_type=product&#038;p=6042"},"modified":"2025-11-27T10:45:33","modified_gmt":"2025-11-27T08:45:33","slug":"marlboro-limited-edition","status":"publish","type":"product","link":"https:\/\/colligatum.com\/en\/product\/marlboro-limited-edition\/","title":{"rendered":"Marlboro (Limited Edition)"},"content":{"rendered":"<ol data-pm-slice=\"3 1 []\">\n<li><strong>Description:<\/strong> Marlboro riboto leidimo cigaret\u0117s su klasikiniu raudonai-baltu dizainu. \u0160io riboto leidimo serija skirta pamin\u0117ti Marlboro ilgalaik\u0119 tradicij\u0105 bei populiarum\u0105. Dizainas i\u0161laiko grie\u017etas linijas ir i\u0161skirtin\u012f minimalistin\u012f po\u017ei\u016br\u012f su did\u017eiule &#8222;Marlboro&#8221; raide.\n<p>&nbsp;<\/li>\n<\/ol>\n<p><strong>Interesting fact:<\/strong> Riboto leidimo cigare\u010di\u0173 pakuot\u0117s da\u017enai leid\u017eiamos siekiant i\u0161laikyti lojalum\u0105 preki\u0173 \u017eenklui ir patraukti kolekcinink\u0173 d\u0117mes\u012f, o j\u0173 vert\u0117 laikui b\u0117gant gali \u017eymiai i\u0161augti.<\/p>","protected":false},"excerpt":{"rendered":"<h3 data-pm-slice=\"1 3 []\"><strong>Marlboro (Limited Edition)<\/strong><\/h3>\n<ol>\n<li><strong>Cigarette brand and name:<\/strong> Marlboro (riboto leidimo)<\/li>\n<li><strong>Package size:<\/strong> 20 cigarettes<\/li>\n<li><strong>Country of manufacture:<\/strong> Lietuva (pagal \u201ePhilip Morris Baltic\u201c u\u017esakym\u0105, gaminama ES)<\/li>\n<li><strong>Production period:<\/strong> XX a. pabaiga &#8211; XXI a. prad\u017eia (riboto leidimo serija)<\/li>\n<li><strong>Package type:<\/strong> Hard pack<\/li>\n<\/ol>","protected":false},"featured_media":5863,"template":"","meta":{"_surecart_dashboard_logo_width":"180px","_surecart_dashboard_show_logo":true,"_surecart_dashboard_navigation_orders":true,"_surecart_dashboard_navigation_invoices":true,"_surecart_dashboard_navigation_subscriptions":true,"_surecart_dashboard_navigation_downloads":true,"_surecart_dashboard_navigation_billing":true,"_surecart_dashboard_navigation_account":true,"site-sidebar-layout":"default","site-content-layout":"","ast-site-content-layout":"default","site-content-style":"default","site-sidebar-style":"default","ast-global-header-display":"","ast-banner-title-visibility":"","ast-main-header-display":"","ast-hfb-above-header-display":"","ast-hfb-below-header-display":"","ast-hfb-mobile-header-display":"","site-post-title":"","ast-breadcrumbs-content":"","ast-featured-img":"","footer-sml-layout":"","theme-transparent-header-meta":"default","adv-header-id-meta":"","stick-header-meta":"","header-above-stick-meta":"","header-main-stick-meta":"","header-below-stick-meta":"","astra-migrate-meta-layouts":"set","ast-page-background-enabled":"default","ast-page-background-meta":{"desktop":{"background-color":"","background-image":"","background-repeat":"repeat","background-position":"center center","background-size":"auto","background-attachment":"scroll","background-type":"","background-media":"","overlay-type":"","overlay-color":"","overlay-opacity":"","overlay-gradient":""},"tablet":{"background-color":"","background-image":"","background-repeat":"repeat","background-position":"center center","background-size":"auto","background-attachment":"scroll","background-type":"","background-media":"","overlay-type":"","overlay-color":"","overlay-opacity":"","overlay-gradient":""},"mobile":{"background-color":"","background-image":"","background-repeat":"repeat","background-position":"center center","background-size":"auto","background-attachment":"scroll","background-type":"","background-media":"","overlay-type":"","overlay-color":"","overlay-opacity":"","overlay-gradient":""}},"ast-content-background-meta":{"desktop":{"background-color":"var(--ast-global-color-5)","background-image":"","background-repeat":"repeat","background-position":"center center","background-size":"auto","background-attachment":"scroll","background-type":"","background-media":"","overlay-type":"","overlay-color":"","overlay-opacity":"","overlay-gradient":""},"tablet":{"background-color":"var(--ast-global-color-5)","background-image":"","background-repeat":"repeat","background-position":"center center","background-size":"auto","background-attachment":"scroll","background-type":"","background-media":"","overlay-type":"","overlay-color":"","overlay-opacity":"","overlay-gradient":""},"mobile":{"background-color":"var(--ast-global-color-5)","background-image":"","background-repeat":"repeat","background-position":"center center","background-size":"auto","background-attachment":"scroll","background-type":"","background-media":"","overlay-type":"","overlay-color":"","overlay-opacity":"","overlay-gradient":""}}},"product_brand":[],"product_cat":[85],"product_tag":[],"class_list":{"0":"post-6042","1":"product","2":"type-product","3":"status-publish","4":"has-post-thumbnail","6":"product_cat-lithuania","7":"desktop-align-left","8":"tablet-align-left","9":"mobile-align-left","11":"first","12":"instock","13":"sale","14":"shipping-taxable","15":"purchasable","16":"product-type-simple","17":"add-to-wishlist-before_image"},"_links":{"self":[{"href":"https:\/\/colligatum.com\/en\/wp-json\/wp\/v2\/product\/6042","targetHints":{"allow":["GET"]}}],"collection":[{"href":"https:\/\/colligatum.com\/en\/wp-json\/wp\/v2\/product"}],"about":[{"href":"https:\/\/colligatum.com\/en\/wp-json\/wp\/v2\/types\/product"}],"version-history":[{"count":1,"href":"https:\/\/colligatum.com\/en\/wp-json\/wp\/v2\/product\/6042\/revisions"}],"predecessor-version":[{"id":6043,"href":"https:\/\/colligatum.com\/en\/wp-json\/wp\/v2\/product\/6042\/revisions\/6043"}],"wp:featuredmedia":[{"embeddable":true,"href":"https:\/\/colligatum.com\/en\/wp-json\/wp\/v2\/media\/5863"}],"wp:attachment":[{"href":"https:\/\/colligatum.com\/en\/wp-json\/wp\/v2\/media?parent=6042"}],"wp:term":[{"taxonomy":"product_brand","embeddable":true,"href":"https:\/\/colligatum.com\/en\/wp-json\/wp\/v2\/product_brand?post=6042"},{"taxonomy":"product_cat","embeddable":true,"href":"https:\/\/colligatum.com\/en\/wp-json\/wp\/v2\/product_cat?post=6042"},{"taxonomy":"product_tag","embeddable":true,"href":"https:\/\/colligatum.com\/en\/wp-json\/wp\/v2\/product_tag?post=6042"}],"curies":[{"name":"wp","href":"https:\/\/api.w.org\/{rel}","templated":true}]}}