{"id":6044,"date":"2024-11-12T06:12:05","date_gmt":"2024-11-12T06:12:05","guid":{"rendered":"https:\/\/shop.colligatum.com\/?post_type=product&#038;p=6044"},"modified":"2026-04-07T03:37:06","modified_gmt":"2026-04-07T01:37:06","slug":"lm-forward-2-in-1-2","status":"publish","type":"product","link":"https:\/\/colligatum.com\/en\/product\/lm-forward-2-in-1-2\/","title":{"rendered":"L&amp;M Forward 2 in 1"},"content":{"rendered":"<p data-pm-slice=\"1 1 []\"><strong>Description:<\/strong> L&amp;M \u201eForward 2 in 1\u201c yra naujovi\u0161ka cigare\u010di\u0173 r\u016b\u0161is, kurios pakuot\u0117je pabr\u0117\u017eiamas \u0161iuolaiki\u0161kas dizainas su m\u0117lynos ir sidabrin\u0117s spalvos elementais. Cigaret\u0117se yra mentolio kapsul\u0117, kuri\u0105 galima suaktyvinti pagal nor\u0105, kad b\u016bt\u0173 pakeistas skonis. \u0160is produktas pritaikytas \u0161iuolaikiniam vartotojui, vertinan\u010diam \u012fvairiapusi\u0161kum\u0105.<br \/>\n<strong>Interesting fact:<\/strong> Mentolio kapsul\u0117s cigaret\u0117se tapo populiarios ma\u017edaug nuo 2000-\u0173j\u0173 prad\u017eios, suteikiant vartotojams galimyb\u0119 kontroliuoti skon\u012f.<\/p>","protected":false},"excerpt":{"rendered":"<p data-pm-slice=\"1 1 []\"><strong>Brand and name:<\/strong> L&amp;M Forward 2 in 1<br \/>\n<strong>Cigare\u010di\u0173 kiekis pakelyje:<\/strong> 20<br \/>\n<strong>Country of manufacture:<\/strong> European Union<br \/>\n<strong>Production period:<\/strong> Ne anks\u010diau nei 2014 m.<br \/>\n<strong>Package type:<\/strong> Hard<\/p>","protected":false},"featured_media":5865,"template":"","meta":{"_surecart_dashboard_logo_width":"180px","_surecart_dashboard_show_logo":true,"_surecart_dashboard_navigation_orders":true,"_surecart_dashboard_navigation_invoices":true,"_surecart_dashboard_navigation_subscriptions":true,"_surecart_dashboard_navigation_downloads":true,"_surecart_dashboard_navigation_billing":true,"_surecart_dashboard_navigation_account":true,"site-sidebar-layout":"default","site-content-layout":"","ast-site-content-layout":"default","site-content-style":"default","site-sidebar-style":"default","ast-global-header-display":"","ast-banner-title-visibility":"","ast-main-header-display":"","ast-hfb-above-header-display":"","ast-hfb-below-header-display":"","ast-hfb-mobile-header-display":"","site-post-title":"","ast-breadcrumbs-content":"","ast-featured-img":"","footer-sml-layout":"","theme-transparent-header-meta":"default","adv-header-id-meta":"","stick-header-meta":"","header-above-stick-meta":"","header-main-stick-meta":"","header-below-stick-meta":"","astra-migrate-meta-layouts":"set","ast-page-background-enabled":"default","ast-page-background-meta":{"desktop":{"background-color":"","background-image":"","background-repeat":"repeat","background-position":"center center","background-size":"auto","background-attachment":"scroll","background-type":"","background-media":"","overlay-type":"","overlay-color":"","overlay-opacity":"","overlay-gradient":""},"tablet":{"background-color":"","background-image":"","background-repeat":"repeat","background-position":"center center","background-size":"auto","background-attachment":"scroll","background-type":"","background-media":"","overlay-type":"","overlay-color":"","overlay-opacity":"","overlay-gradient":""},"mobile":{"background-color":"","background-image":"","background-repeat":"repeat","background-position":"center center","background-size":"auto","background-attachment":"scroll","background-type":"","background-media":"","overlay-type":"","overlay-color":"","overlay-opacity":"","overlay-gradient":""}},"ast-content-background-meta":{"desktop":{"background-color":"var(--ast-global-color-5)","background-image":"","background-repeat":"repeat","background-position":"center center","background-size":"auto","background-attachment":"scroll","background-type":"","background-media":"","overlay-type":"","overlay-color":"","overlay-opacity":"","overlay-gradient":""},"tablet":{"background-color":"var(--ast-global-color-5)","background-image":"","background-repeat":"repeat","background-position":"center center","background-size":"auto","background-attachment":"scroll","background-type":"","background-media":"","overlay-type":"","overlay-color":"","overlay-opacity":"","overlay-gradient":""},"mobile":{"background-color":"var(--ast-global-color-5)","background-image":"","background-repeat":"repeat","background-position":"center center","background-size":"auto","background-attachment":"scroll","background-type":"","background-media":"","overlay-type":"","overlay-color":"","overlay-opacity":"","overlay-gradient":""}}},"product_brand":[],"product_cat":[85],"product_tag":[],"class_list":{"0":"post-6044","1":"product","2":"type-product","3":"status-publish","4":"has-post-thumbnail","6":"product_cat-lithuania","7":"desktop-align-left","8":"tablet-align-left","9":"mobile-align-left","11":"first","12":"outofstock","13":"sale","14":"shipping-taxable","15":"purchasable","16":"product-type-simple","17":"add-to-wishlist-before_image"},"_links":{"self":[{"href":"https:\/\/colligatum.com\/en\/wp-json\/wp\/v2\/product\/6044","targetHints":{"allow":["GET"]}}],"collection":[{"href":"https:\/\/colligatum.com\/en\/wp-json\/wp\/v2\/product"}],"about":[{"href":"https:\/\/colligatum.com\/en\/wp-json\/wp\/v2\/types\/product"}],"version-history":[{"count":1,"href":"https:\/\/colligatum.com\/en\/wp-json\/wp\/v2\/product\/6044\/revisions"}],"predecessor-version":[{"id":6045,"href":"https:\/\/colligatum.com\/en\/wp-json\/wp\/v2\/product\/6044\/revisions\/6045"}],"wp:featuredmedia":[{"embeddable":true,"href":"https:\/\/colligatum.com\/en\/wp-json\/wp\/v2\/media\/5865"}],"wp:attachment":[{"href":"https:\/\/colligatum.com\/en\/wp-json\/wp\/v2\/media?parent=6044"}],"wp:term":[{"taxonomy":"product_brand","embeddable":true,"href":"https:\/\/colligatum.com\/en\/wp-json\/wp\/v2\/product_brand?post=6044"},{"taxonomy":"product_cat","embeddable":true,"href":"https:\/\/colligatum.com\/en\/wp-json\/wp\/v2\/product_cat?post=6044"},{"taxonomy":"product_tag","embeddable":true,"href":"https:\/\/colligatum.com\/en\/wp-json\/wp\/v2\/product_tag?post=6044"}],"curies":[{"name":"wp","href":"https:\/\/api.w.org\/{rel}","templated":true}]}}