{"id":6263,"date":"2024-11-13T12:00:55","date_gmt":"2024-11-13T12:00:55","guid":{"rendered":"https:\/\/shop.colligatum.com\/?post_type=product&#038;p=6263"},"modified":"2026-04-15T05:35:50","modified_gmt":"2026-04-15T03:35:50","slug":"jurmala-3","status":"publish","type":"product","link":"https:\/\/colligatum.com\/en\/product\/jurmala-3\/","title":{"rendered":"Jurmala"},"content":{"rendered":"<p><strong>Description:<\/strong> J\u016brmala cigare\u010di\u0173 pakelis turi subtil\u0173, \u0161viesiai kremin\u012f dizain\u0105 su raudona juosta vir\u0161uje. Pakelio priekyje yra Rygos tabako fabriko logotipas ir pavadinimas \u201eJ\u016brmala\u201c, papildytas iliustracija, kuri perteikia J\u016brmalos paj\u016brio miestelio tematik\u0105. U\u017era\u0161ai yra pateikti latvi\u0173 ir rus\u0173 kalbomis, nurodantys auk\u0161\u010diausi\u0105 cigare\u010di\u0173 kokyb\u0119 su filtru. \u0160is dizainas i\u0161siskiria savo paprastumu ir autenti\u0161ka sovietine estetika, reprezentuojan\u010dia J\u016brmalos region\u0105.<\/p>\n<p><strong>Value assessment:<\/strong><\/p>\n<ul>\n<li><strong>Collectible value:<\/strong> Vidutin\u0117. D\u0117l savo ry\u0161io su Baltijos \u0161alimis ir Rygos tabako fabriku, J\u016brmala cigare\u010di\u0173 pakelis gali b\u016bti \u012fdomus kolekcininkams, ta\u010diau n\u0117ra itin retas.<\/li>\n<li><strong>Condition assessment:<\/strong> Unopened, in excellent condition, which increases the collectible value.<\/li>\n<li><strong>Historical data and popularity:<\/strong> J\u016brmala cigaret\u0117s reprezentuoja Latvijos tabako pramon\u0119 sovietme\u010diu, o tai gali pritraukti kolekcininkus, kurie domisi Baltijos \u0161ali\u0173 produktais ir sovietine istorija.<\/li>\n<\/ul>","protected":false},"excerpt":{"rendered":"<p><strong>Brand and name:<\/strong> Jurmala<\/p>\n<p><strong>Size:<\/strong> 20 cigarettes<\/p>\n<p><strong>Country of manufacture:<\/strong> Soviet Union (likely Latvia, Riga Tobacco Factory)<\/p>\n<p><strong>Production period:<\/strong> Unknown (probably second half of the 20th century)<\/p>\n<p><strong>Package type:<\/strong> Soft pack<\/p>","protected":false},"featured_media":6150,"template":"","meta":{"_surecart_dashboard_logo_width":"180px","_surecart_dashboard_show_logo":true,"_surecart_dashboard_navigation_orders":true,"_surecart_dashboard_navigation_invoices":true,"_surecart_dashboard_navigation_subscriptions":true,"_surecart_dashboard_navigation_downloads":true,"_surecart_dashboard_navigation_billing":true,"_surecart_dashboard_navigation_account":true,"site-sidebar-layout":"default","site-content-layout":"","ast-site-content-layout":"default","site-content-style":"default","site-sidebar-style":"default","ast-global-header-display":"","ast-banner-title-visibility":"","ast-main-header-display":"","ast-hfb-above-header-display":"","ast-hfb-below-header-display":"","ast-hfb-mobile-header-display":"","site-post-title":"","ast-breadcrumbs-content":"","ast-featured-img":"","footer-sml-layout":"","theme-transparent-header-meta":"default","adv-header-id-meta":"","stick-header-meta":"","header-above-stick-meta":"","header-main-stick-meta":"","header-below-stick-meta":"","astra-migrate-meta-layouts":"set","ast-page-background-enabled":"default","ast-page-background-meta":{"desktop":{"background-color":"","background-image":"","background-repeat":"repeat","background-position":"center center","background-size":"auto","background-attachment":"scroll","background-type":"","background-media":"","overlay-type":"","overlay-color":"","overlay-opacity":"","overlay-gradient":""},"tablet":{"background-color":"","background-image":"","background-repeat":"repeat","background-position":"center center","background-size":"auto","background-attachment":"scroll","background-type":"","background-media":"","overlay-type":"","overlay-color":"","overlay-opacity":"","overlay-gradient":""},"mobile":{"background-color":"","background-image":"","background-repeat":"repeat","background-position":"center center","background-size":"auto","background-attachment":"scroll","background-type":"","background-media":"","overlay-type":"","overlay-color":"","overlay-opacity":"","overlay-gradient":""}},"ast-content-background-meta":{"desktop":{"background-color":"var(--ast-global-color-5)","background-image":"","background-repeat":"repeat","background-position":"center center","background-size":"auto","background-attachment":"scroll","background-type":"","background-media":"","overlay-type":"","overlay-color":"","overlay-opacity":"","overlay-gradient":""},"tablet":{"background-color":"var(--ast-global-color-5)","background-image":"","background-repeat":"repeat","background-position":"center center","background-size":"auto","background-attachment":"scroll","background-type":"","background-media":"","overlay-type":"","overlay-color":"","overlay-opacity":"","overlay-gradient":""},"mobile":{"background-color":"var(--ast-global-color-5)","background-image":"","background-repeat":"repeat","background-position":"center center","background-size":"auto","background-attachment":"scroll","background-type":"","background-media":"","overlay-type":"","overlay-color":"","overlay-opacity":"","overlay-gradient":""}}},"product_brand":[],"product_cat":[167],"product_tag":[],"class_list":{"0":"post-6263","1":"product","2":"type-product","3":"status-publish","4":"has-post-thumbnail","6":"product_cat-latvia","7":"desktop-align-left","8":"tablet-align-left","9":"mobile-align-left","11":"first","12":"instock","13":"sale","14":"shipping-taxable","15":"purchasable","16":"product-type-simple","17":"add-to-wishlist-before_image"},"_links":{"self":[{"href":"https:\/\/colligatum.com\/en\/wp-json\/wp\/v2\/product\/6263","targetHints":{"allow":["GET"]}}],"collection":[{"href":"https:\/\/colligatum.com\/en\/wp-json\/wp\/v2\/product"}],"about":[{"href":"https:\/\/colligatum.com\/en\/wp-json\/wp\/v2\/types\/product"}],"version-history":[{"count":1,"href":"https:\/\/colligatum.com\/en\/wp-json\/wp\/v2\/product\/6263\/revisions"}],"predecessor-version":[{"id":6264,"href":"https:\/\/colligatum.com\/en\/wp-json\/wp\/v2\/product\/6263\/revisions\/6264"}],"wp:featuredmedia":[{"embeddable":true,"href":"https:\/\/colligatum.com\/en\/wp-json\/wp\/v2\/media\/6150"}],"wp:attachment":[{"href":"https:\/\/colligatum.com\/en\/wp-json\/wp\/v2\/media?parent=6263"}],"wp:term":[{"taxonomy":"product_brand","embeddable":true,"href":"https:\/\/colligatum.com\/en\/wp-json\/wp\/v2\/product_brand?post=6263"},{"taxonomy":"product_cat","embeddable":true,"href":"https:\/\/colligatum.com\/en\/wp-json\/wp\/v2\/product_cat?post=6263"},{"taxonomy":"product_tag","embeddable":true,"href":"https:\/\/colligatum.com\/en\/wp-json\/wp\/v2\/product_tag?post=6263"}],"curies":[{"name":"wp","href":"https:\/\/api.w.org\/{rel}","templated":true}]}}