{"id":6474,"date":"2024-11-14T05:54:20","date_gmt":"2024-11-14T05:54:20","guid":{"rendered":"https:\/\/shop.colligatum.com\/?post_type=product&#038;p=6474"},"modified":"2024-12-02T11:34:44","modified_gmt":"2024-12-02T09:34:44","slug":"nomad-%d0%b6%d1%96%d0%b1%d0%b5%d0%ba-%d0%b6%d0%b5%d0%bb","status":"publish","type":"product","link":"https:\/\/colligatum.com\/en\/product\/nomad-%d0%b6%d1%96%d0%b1%d0%b5%d0%ba-%d0%b6%d0%b5%d0%bb\/","title":{"rendered":"Nomad &quot;Zhibek Zhel&quot;\u201e"},"content":{"rendered":"<p data-pm-slice=\"1 3 []\"><strong>Description:<\/strong> Nomad &#8222;\u0416\u0456\u0431\u0435\u043a \u0416\u0435\u043b&#8221; cigare\u010di\u0173 pakelis yra eleganti\u0161ko m\u0117lyno dizaino su aukso spalvos akcentais. Pagrindin\u012f dizaino element\u0105 sudaro aukso spalvos \u017eirgas, simbolizuojantis laisv\u0119 ir klajokli\u0161k\u0105 dvasi\u0105, kuri yra svarbi Kazachstano kult\u016brai. Pakelis turi \u012fsp\u0117jimus apie r\u016bkymo \u017eal\u0105 kazach\u0173 ir rus\u0173 kalbomis, kurie pabr\u0117\u017eia sveikatos pavojus. \u0160is dizainas i\u0161siskiria savo kult\u016briniais elementais ir yra orientuotas \u012f vietos rink\u0105.<\/p>\n<p><strong>Value assessment:<\/strong><\/p>\n<ul>\n<li><strong>Collectible value:<\/strong> Vidutin\u0117, nes tai n\u0117ra riboto leidimo ar jubiliejinis pakelis, ta\u010diau d\u0117l specifinio dizaino ir simbolin\u0117s reik\u0161m\u0117s gali b\u016bti patrauklus kolekcininkams, ypa\u010d tiems, kurie domisi Centrin\u0117s Azijos kult\u016bra.<\/li>\n<li><strong>Condition assessment:<\/strong> Unopened, in excellent condition.<\/li>\n<li><strong>Historical data and popularity:<\/strong> Nomad prek\u0117s \u017eenklas labiau \u017einomas vietin\u0117je rinkoje ir susij\u0119s su kazach\u0173 tradicijomis, tad gali b\u016bti \u012fdomus kolekcininkams, kurie renka Centrin\u0117s Azijos objektus.<\/li>\n<\/ul>","protected":false},"excerpt":{"rendered":"<p data-pm-slice=\"1 1 []\"><strong>Brand and name:<\/strong> Nomad &quot;Zhibek Zhel&quot;\u201e<\/p>\n<p><strong>Size:<\/strong> 20 cigarettes<\/p>\n<p><strong>Country of manufacture:<\/strong> Kazakhstan<\/p>\n<p><strong>Production period:<\/strong> Unknown (modern edition)<\/p>\n<p><strong>Package type:<\/strong> Hard pack<\/p>","protected":false},"featured_media":6401,"template":"","meta":{"_surecart_dashboard_logo_width":"180px","_surecart_dashboard_show_logo":true,"_surecart_dashboard_navigation_orders":true,"_surecart_dashboard_navigation_invoices":true,"_surecart_dashboard_navigation_subscriptions":true,"_surecart_dashboard_navigation_downloads":true,"_surecart_dashboard_navigation_billing":true,"_surecart_dashboard_navigation_account":true,"site-sidebar-layout":"default","site-content-layout":"","ast-site-content-layout":"default","site-content-style":"default","site-sidebar-style":"default","ast-global-header-display":"","ast-banner-title-visibility":"","ast-main-header-display":"","ast-hfb-above-header-display":"","ast-hfb-below-header-display":"","ast-hfb-mobile-header-display":"","site-post-title":"","ast-breadcrumbs-content":"","ast-featured-img":"","footer-sml-layout":"","theme-transparent-header-meta":"default","adv-header-id-meta":"","stick-header-meta":"","header-above-stick-meta":"","header-main-stick-meta":"","header-below-stick-meta":"","astra-migrate-meta-layouts":"set","ast-page-background-enabled":"default","ast-page-background-meta":{"desktop":{"background-color":"","background-image":"","background-repeat":"repeat","background-position":"center center","background-size":"auto","background-attachment":"scroll","background-type":"","background-media":"","overlay-type":"","overlay-color":"","overlay-opacity":"","overlay-gradient":""},"tablet":{"background-color":"","background-image":"","background-repeat":"repeat","background-position":"center center","background-size":"auto","background-attachment":"scroll","background-type":"","background-media":"","overlay-type":"","overlay-color":"","overlay-opacity":"","overlay-gradient":""},"mobile":{"background-color":"","background-image":"","background-repeat":"repeat","background-position":"center center","background-size":"auto","background-attachment":"scroll","background-type":"","background-media":"","overlay-type":"","overlay-color":"","overlay-opacity":"","overlay-gradient":""}},"ast-content-background-meta":{"desktop":{"background-color":"var(--ast-global-color-5)","background-image":"","background-repeat":"repeat","background-position":"center center","background-size":"auto","background-attachment":"scroll","background-type":"","background-media":"","overlay-type":"","overlay-color":"","overlay-opacity":"","overlay-gradient":""},"tablet":{"background-color":"var(--ast-global-color-5)","background-image":"","background-repeat":"repeat","background-position":"center center","background-size":"auto","background-attachment":"scroll","background-type":"","background-media":"","overlay-type":"","overlay-color":"","overlay-opacity":"","overlay-gradient":""},"mobile":{"background-color":"var(--ast-global-color-5)","background-image":"","background-repeat":"repeat","background-position":"center center","background-size":"auto","background-attachment":"scroll","background-type":"","background-media":"","overlay-type":"","overlay-color":"","overlay-opacity":"","overlay-gradient":""}}},"product_brand":[],"product_cat":[164],"product_tag":[],"class_list":{"0":"post-6474","1":"product","2":"type-product","3":"status-publish","4":"has-post-thumbnail","6":"product_cat-kazakhstan","7":"desktop-align-left","8":"tablet-align-left","9":"mobile-align-left","11":"first","12":"instock","13":"shipping-taxable","14":"purchasable","15":"product-type-simple","16":"add-to-wishlist-before_image"},"_links":{"self":[{"href":"https:\/\/colligatum.com\/en\/wp-json\/wp\/v2\/product\/6474","targetHints":{"allow":["GET"]}}],"collection":[{"href":"https:\/\/colligatum.com\/en\/wp-json\/wp\/v2\/product"}],"about":[{"href":"https:\/\/colligatum.com\/en\/wp-json\/wp\/v2\/types\/product"}],"version-history":[{"count":1,"href":"https:\/\/colligatum.com\/en\/wp-json\/wp\/v2\/product\/6474\/revisions"}],"predecessor-version":[{"id":6475,"href":"https:\/\/colligatum.com\/en\/wp-json\/wp\/v2\/product\/6474\/revisions\/6475"}],"wp:featuredmedia":[{"embeddable":true,"href":"https:\/\/colligatum.com\/en\/wp-json\/wp\/v2\/media\/6401"}],"wp:attachment":[{"href":"https:\/\/colligatum.com\/en\/wp-json\/wp\/v2\/media?parent=6474"}],"wp:term":[{"taxonomy":"product_brand","embeddable":true,"href":"https:\/\/colligatum.com\/en\/wp-json\/wp\/v2\/product_brand?post=6474"},{"taxonomy":"product_cat","embeddable":true,"href":"https:\/\/colligatum.com\/en\/wp-json\/wp\/v2\/product_cat?post=6474"},{"taxonomy":"product_tag","embeddable":true,"href":"https:\/\/colligatum.com\/en\/wp-json\/wp\/v2\/product_tag?post=6474"}],"curies":[{"name":"wp","href":"https:\/\/api.w.org\/{rel}","templated":true}]}}