{"id":6678,"date":"2024-11-14T12:59:29","date_gmt":"2024-11-14T12:59:29","guid":{"rendered":"https:\/\/colligatum.com\/?post_type=product&#038;p=6678"},"modified":"2024-12-02T11:21:18","modified_gmt":"2024-12-02T09:21:18","slug":"pall-mall-menthol-lights","status":"publish","type":"product","link":"https:\/\/colligatum.com\/en\/product\/pall-mall-menthol-lights\/","title":{"rendered":"Pall Mall Menthol Lights\u201e"},"content":{"rendered":"<p>Apra\u0161ymas: \u0160is Pall Mall &#8222;Menthol Lights&#8221; cigare\u010di\u0173 pakelis pasi\u017eymi gaiviu m\u0117tinio skonio skoniu, praturtintu auk\u0161tos kokyb\u0117s Virginijos tabaku. Pakelio dizainas yra \u017ealias su eleganti\u0161kais herbo motyvais, atspindin\u010diais prek\u0117s \u017eenklo tradicijas ir ilgalaik\u012f populiarum\u0105. &#8222;Menthol Lights&#8221; leidimas skatina gaiv\u0173 ir lengv\u0105 r\u016bkymo poj\u016bt\u012f. \u012esp\u0117jimas apie r\u016bkymo \u017eal\u0105 yra ai\u0161kiai matomas apa\u010dioje, pabr\u0117\u017eiant sveikatos pavojus.<\/p>\n<p>Value assessment:<\/p>\n<ul>\n<li><strong>Collectible value:<\/strong> Vidutin\u0117, nes \u0161is pakelis n\u0117ra riboto leidimo ar ypatingas istoriniu aspektu, ta\u010diau populiarus m\u0117tinio skonio cigare\u010di\u0173 m\u0117g\u0117jams ir kolekcininkams, vertinantiems Pall Mall prek\u0117s \u017eenkl\u0105.<\/li>\n<li><strong>Condition assessment:<\/strong> Unopened, in excellent condition.<\/li>\n<li><strong>Historical data and popularity:<\/strong> Pall Mall yra ilgametis ir \u017einomas prek\u0117s \u017eenklas, ypa\u010d vertinamas d\u0117l savo klasikini\u0173 dizain\u0173 ir kokyb\u0117s. \u0160is leidimas populiarus d\u0117l m\u0117tinio skonio, ta\u010diau kolekcinink\u0173 rate n\u0117ra itin retas.<\/li>\n<\/ul>","protected":false},"excerpt":{"rendered":"<p>Brand and name: <strong>Pall Mall Menthol Lights\u201e<\/strong><\/p>\n<p>Size: <strong>20 cigarettes<\/strong><\/p>\n<p>Country of manufacture: <strong>Indonesia<\/strong><\/p>\n<p>Production period: <strong>Unknown (modern edition)<\/strong><\/p>\n<p>Package type: <strong>Hard pack<\/strong><\/p>","protected":false},"featured_media":6546,"template":"","meta":{"_surecart_dashboard_logo_width":"180px","_surecart_dashboard_show_logo":true,"_surecart_dashboard_navigation_orders":true,"_surecart_dashboard_navigation_invoices":true,"_surecart_dashboard_navigation_subscriptions":true,"_surecart_dashboard_navigation_downloads":true,"_surecart_dashboard_navigation_billing":true,"_surecart_dashboard_navigation_account":true,"site-sidebar-layout":"default","site-content-layout":"","ast-site-content-layout":"default","site-content-style":"default","site-sidebar-style":"default","ast-global-header-display":"","ast-banner-title-visibility":"","ast-main-header-display":"","ast-hfb-above-header-display":"","ast-hfb-below-header-display":"","ast-hfb-mobile-header-display":"","site-post-title":"","ast-breadcrumbs-content":"","ast-featured-img":"","footer-sml-layout":"","theme-transparent-header-meta":"default","adv-header-id-meta":"","stick-header-meta":"","header-above-stick-meta":"","header-main-stick-meta":"","header-below-stick-meta":"","astra-migrate-meta-layouts":"set","ast-page-background-enabled":"default","ast-page-background-meta":{"desktop":{"background-color":"","background-image":"","background-repeat":"repeat","background-position":"center center","background-size":"auto","background-attachment":"scroll","background-type":"","background-media":"","overlay-type":"","overlay-color":"","overlay-opacity":"","overlay-gradient":""},"tablet":{"background-color":"","background-image":"","background-repeat":"repeat","background-position":"center center","background-size":"auto","background-attachment":"scroll","background-type":"","background-media":"","overlay-type":"","overlay-color":"","overlay-opacity":"","overlay-gradient":""},"mobile":{"background-color":"","background-image":"","background-repeat":"repeat","background-position":"center center","background-size":"auto","background-attachment":"scroll","background-type":"","background-media":"","overlay-type":"","overlay-color":"","overlay-opacity":"","overlay-gradient":""}},"ast-content-background-meta":{"desktop":{"background-color":"var(--ast-global-color-5)","background-image":"","background-repeat":"repeat","background-position":"center center","background-size":"auto","background-attachment":"scroll","background-type":"","background-media":"","overlay-type":"","overlay-color":"","overlay-opacity":"","overlay-gradient":""},"tablet":{"background-color":"var(--ast-global-color-5)","background-image":"","background-repeat":"repeat","background-position":"center center","background-size":"auto","background-attachment":"scroll","background-type":"","background-media":"","overlay-type":"","overlay-color":"","overlay-opacity":"","overlay-gradient":""},"mobile":{"background-color":"var(--ast-global-color-5)","background-image":"","background-repeat":"repeat","background-position":"center center","background-size":"auto","background-attachment":"scroll","background-type":"","background-media":"","overlay-type":"","overlay-color":"","overlay-opacity":"","overlay-gradient":""}}},"product_brand":[],"product_cat":[207],"product_tag":[],"class_list":{"0":"post-6678","1":"product","2":"type-product","3":"status-publish","4":"has-post-thumbnail","6":"product_cat-indonesia","7":"desktop-align-left","8":"tablet-align-left","9":"mobile-align-left","11":"first","12":"instock","13":"sale","14":"shipping-taxable","15":"purchasable","16":"product-type-simple","17":"add-to-wishlist-before_image"},"_links":{"self":[{"href":"https:\/\/colligatum.com\/en\/wp-json\/wp\/v2\/product\/6678","targetHints":{"allow":["GET"]}}],"collection":[{"href":"https:\/\/colligatum.com\/en\/wp-json\/wp\/v2\/product"}],"about":[{"href":"https:\/\/colligatum.com\/en\/wp-json\/wp\/v2\/types\/product"}],"version-history":[{"count":1,"href":"https:\/\/colligatum.com\/en\/wp-json\/wp\/v2\/product\/6678\/revisions"}],"predecessor-version":[{"id":6679,"href":"https:\/\/colligatum.com\/en\/wp-json\/wp\/v2\/product\/6678\/revisions\/6679"}],"wp:featuredmedia":[{"embeddable":true,"href":"https:\/\/colligatum.com\/en\/wp-json\/wp\/v2\/media\/6546"}],"wp:attachment":[{"href":"https:\/\/colligatum.com\/en\/wp-json\/wp\/v2\/media?parent=6678"}],"wp:term":[{"taxonomy":"product_brand","embeddable":true,"href":"https:\/\/colligatum.com\/en\/wp-json\/wp\/v2\/product_brand?post=6678"},{"taxonomy":"product_cat","embeddable":true,"href":"https:\/\/colligatum.com\/en\/wp-json\/wp\/v2\/product_cat?post=6678"},{"taxonomy":"product_tag","embeddable":true,"href":"https:\/\/colligatum.com\/en\/wp-json\/wp\/v2\/product_tag?post=6678"}],"curies":[{"name":"wp","href":"https:\/\/api.w.org\/{rel}","templated":true}]}}