{"id":6692,"date":"2024-11-14T14:53:58","date_gmt":"2024-11-14T14:53:58","guid":{"rendered":"https:\/\/colligatum.com\/?post_type=product&#038;p=6692"},"modified":"2024-12-02T11:21:56","modified_gmt":"2024-12-02T09:21:56","slug":"rendang-sigaret-kretek","status":"publish","type":"product","link":"https:\/\/colligatum.com\/en\/product\/rendang-sigaret-kretek\/","title":{"rendered":"Rendang &quot;Cigarette Kretek&quot;\u201e"},"content":{"rendered":"<p><strong>Description<\/strong>: \u0160is Rendang cigare\u010di\u0173 pakelis pasi\u017eymi ry\u0161kiai oran\u017eine spalva, su tradiciniais Indonezijos motyvais bei \u201eRendang\u201c pavadinimu, kuris primena gars\u0173 Indonezijos patiekal\u0105. Pakelis atspindi kult\u016brin\u012f unikalum\u0105, b\u016bding\u0105 kretek cigaret\u0117ms, kurios yra populiarios Indonezijoje d\u0117l savo aromatingo skonio, papildyto gvazdik\u0117liais. \u012esp\u0117jimas apie r\u016bkymo \u017eal\u0105 ai\u0161kiai matomas apatin\u0117je dalyje, pabr\u0117\u017eiant sveikatos pavojus.<\/p>\n<p><strong>Value assessment<\/strong>:<\/p>\n<ul>\n<li><strong>Collectible value<\/strong>: Vidutin\u0117, nes pakelis n\u0117ra riboto leidimo ar jubiliejinis, ta\u010diau gali b\u016bti \u012fdomus kolekcininkams d\u0117l kretek cigare\u010di\u0173 unikalumo.<\/li>\n<li><strong>Condition assessment<\/strong>: Unopened, in excellent condition.<\/li>\n<li><strong>Historical data and popularity<\/strong>: Kretek cigaret\u0117s, \u012fskaitant Rendang, yra labai populiarios Indonezijoje, ta\u010diau tarptautin\u0117je kolekcinink\u0173 rinkoje j\u0173 paklausa yra ribota.<\/li>\n<\/ul>","protected":false},"excerpt":{"rendered":"<p><strong>Brand and name<\/strong>: Rendang &#8222;Sigaret Kretek&#8221;<\/p>\n<p><strong>Size<\/strong>: 12 cigarettes<\/p>\n<p><strong>Country of manufacture<\/strong>: Indonesia<\/p>\n<p><strong>Production period<\/strong>: Unknown (modern edition)<\/p>\n<p><strong>Type of packages<\/strong>: Soft pack<\/p>","protected":false},"featured_media":6560,"template":"","meta":{"_surecart_dashboard_logo_width":"180px","_surecart_dashboard_show_logo":true,"_surecart_dashboard_navigation_orders":true,"_surecart_dashboard_navigation_invoices":true,"_surecart_dashboard_navigation_subscriptions":true,"_surecart_dashboard_navigation_downloads":true,"_surecart_dashboard_navigation_billing":true,"_surecart_dashboard_navigation_account":true,"site-sidebar-layout":"default","site-content-layout":"","ast-site-content-layout":"default","site-content-style":"default","site-sidebar-style":"default","ast-global-header-display":"","ast-banner-title-visibility":"","ast-main-header-display":"","ast-hfb-above-header-display":"","ast-hfb-below-header-display":"","ast-hfb-mobile-header-display":"","site-post-title":"","ast-breadcrumbs-content":"","ast-featured-img":"","footer-sml-layout":"","ast-disable-related-posts":"","theme-transparent-header-meta":"default","adv-header-id-meta":"","stick-header-meta":"","header-above-stick-meta":"","header-main-stick-meta":"","header-below-stick-meta":"","astra-migrate-meta-layouts":"set","ast-page-background-enabled":"default","ast-page-background-meta":{"desktop":{"background-color":"","background-image":"","background-repeat":"repeat","background-position":"center center","background-size":"auto","background-attachment":"scroll","background-type":"","background-media":"","overlay-type":"","overlay-color":"","overlay-opacity":"","overlay-gradient":""},"tablet":{"background-color":"","background-image":"","background-repeat":"repeat","background-position":"center center","background-size":"auto","background-attachment":"scroll","background-type":"","background-media":"","overlay-type":"","overlay-color":"","overlay-opacity":"","overlay-gradient":""},"mobile":{"background-color":"","background-image":"","background-repeat":"repeat","background-position":"center center","background-size":"auto","background-attachment":"scroll","background-type":"","background-media":"","overlay-type":"","overlay-color":"","overlay-opacity":"","overlay-gradient":""}},"ast-content-background-meta":{"desktop":{"background-color":"var(--ast-global-color-5)","background-image":"","background-repeat":"repeat","background-position":"center center","background-size":"auto","background-attachment":"scroll","background-type":"","background-media":"","overlay-type":"","overlay-color":"","overlay-opacity":"","overlay-gradient":""},"tablet":{"background-color":"var(--ast-global-color-5)","background-image":"","background-repeat":"repeat","background-position":"center center","background-size":"auto","background-attachment":"scroll","background-type":"","background-media":"","overlay-type":"","overlay-color":"","overlay-opacity":"","overlay-gradient":""},"mobile":{"background-color":"var(--ast-global-color-5)","background-image":"","background-repeat":"repeat","background-position":"center center","background-size":"auto","background-attachment":"scroll","background-type":"","background-media":"","overlay-type":"","overlay-color":"","overlay-opacity":"","overlay-gradient":""}}},"product_brand":[],"product_cat":[207],"product_tag":[],"class_list":{"0":"post-6692","1":"product","2":"type-product","3":"status-publish","4":"has-post-thumbnail","6":"product_cat-indonesia","7":"desktop-align-left","8":"tablet-align-left","9":"mobile-align-left","11":"first","12":"instock","13":"sale","14":"shipping-taxable","15":"purchasable","16":"product-type-simple","17":"add-to-wishlist-before_image"},"_links":{"self":[{"href":"https:\/\/colligatum.com\/en\/wp-json\/wp\/v2\/product\/6692","targetHints":{"allow":["GET"]}}],"collection":[{"href":"https:\/\/colligatum.com\/en\/wp-json\/wp\/v2\/product"}],"about":[{"href":"https:\/\/colligatum.com\/en\/wp-json\/wp\/v2\/types\/product"}],"version-history":[{"count":1,"href":"https:\/\/colligatum.com\/en\/wp-json\/wp\/v2\/product\/6692\/revisions"}],"predecessor-version":[{"id":6693,"href":"https:\/\/colligatum.com\/en\/wp-json\/wp\/v2\/product\/6692\/revisions\/6693"}],"wp:featuredmedia":[{"embeddable":true,"href":"https:\/\/colligatum.com\/en\/wp-json\/wp\/v2\/media\/6560"}],"wp:attachment":[{"href":"https:\/\/colligatum.com\/en\/wp-json\/wp\/v2\/media?parent=6692"}],"wp:term":[{"taxonomy":"product_brand","embeddable":true,"href":"https:\/\/colligatum.com\/en\/wp-json\/wp\/v2\/product_brand?post=6692"},{"taxonomy":"product_cat","embeddable":true,"href":"https:\/\/colligatum.com\/en\/wp-json\/wp\/v2\/product_cat?post=6692"},{"taxonomy":"product_tag","embeddable":true,"href":"https:\/\/colligatum.com\/en\/wp-json\/wp\/v2\/product_tag?post=6692"}],"curies":[{"name":"wp","href":"https:\/\/api.w.org\/{rel}","templated":true}]}}