{"id":6696,"date":"2024-11-14T14:57:13","date_gmt":"2024-11-14T14:57:13","guid":{"rendered":"https:\/\/colligatum.com\/?post_type=product&#038;p=6696"},"modified":"2024-12-02T11:22:07","modified_gmt":"2024-12-02T09:22:07","slug":"tiga-berlian-lintingan-asli-kudus","status":"publish","type":"product","link":"https:\/\/colligatum.com\/en\/product\/tiga-berlian-lintingan-asli-kudus\/","title":{"rendered":"Lintingan Asli Kudus by Tiga Berlian\u201e"},"content":{"rendered":"<p>Apra\u0161ymas: Tiga Berlian cigare\u010di\u0173 pakelis i\u0161 Indonezijos su tradiciniu kretek cigare\u010di\u0173 dizainu. Pakelis papuo\u0161tas aukso spalva su akcentuotu logotipu ir Indonezijos gamintoj\u0173 \u017eenklais. \u012esp\u0117jimas apie r\u016bkymo \u017eal\u0105 pateiktas pakelio apa\u010dioje, ry\u0161kiai i\u0161ry\u0161kinant sveikatos pavojus. Dizainas primena sen\u0105j\u0105 kretek cigare\u010di\u0173 estetik\u0105, kuri populiari tarp kretek m\u0117g\u0117j\u0173.<\/p>\n<p>Value assessment:<\/p>\n<ul>\n<li>Kolekcin\u0117 vert\u0117: Vidutin\u0117, nes \u0161is pakelis n\u0117ra jubiliejinis ar riboto leidimo, ta\u010diau gali b\u016bti \u012fdomus kretek cigare\u010di\u0173 kolekcionieriams d\u0117l savo b\u016bkl\u0117s ir tradicin\u0117s i\u0161vaizdos.<\/li>\n<li>Condition rating: Unopened, in excellent condition.<\/li>\n<li>Istoriniai duomenys ir populiarumas: Tiga Berlian yra \u017einomas Indonezijos prek\u0117s \u017eenklas, ta\u010diau n\u0117ra pla\u010diai kolekcionuojamas tarptautiniu mastu.<\/li>\n<\/ul>","protected":false},"excerpt":{"rendered":"<p>Prek\u0117s \u017eenklas ir pavadinimas: Tiga Berlian &#8222;Lintingan Asli Kudus&#8221;<\/p>\n<p>Size: 12 cigarettes<\/p>\n<p>Country of manufacture: Indonesia<\/p>\n<p>Production period: Unknown (probably a modern edition)<\/p>\n<p>Package type: Soft pack<\/p>","protected":false},"featured_media":6564,"template":"","meta":{"_surecart_dashboard_logo_width":"180px","_surecart_dashboard_show_logo":true,"_surecart_dashboard_navigation_orders":true,"_surecart_dashboard_navigation_invoices":true,"_surecart_dashboard_navigation_subscriptions":true,"_surecart_dashboard_navigation_downloads":true,"_surecart_dashboard_navigation_billing":true,"_surecart_dashboard_navigation_account":true,"site-sidebar-layout":"default","site-content-layout":"","ast-site-content-layout":"default","site-content-style":"default","site-sidebar-style":"default","ast-global-header-display":"","ast-banner-title-visibility":"","ast-main-header-display":"","ast-hfb-above-header-display":"","ast-hfb-below-header-display":"","ast-hfb-mobile-header-display":"","site-post-title":"","ast-breadcrumbs-content":"","ast-featured-img":"","footer-sml-layout":"","theme-transparent-header-meta":"default","adv-header-id-meta":"","stick-header-meta":"","header-above-stick-meta":"","header-main-stick-meta":"","header-below-stick-meta":"","astra-migrate-meta-layouts":"set","ast-page-background-enabled":"default","ast-page-background-meta":{"desktop":{"background-color":"","background-image":"","background-repeat":"repeat","background-position":"center center","background-size":"auto","background-attachment":"scroll","background-type":"","background-media":"","overlay-type":"","overlay-color":"","overlay-opacity":"","overlay-gradient":""},"tablet":{"background-color":"","background-image":"","background-repeat":"repeat","background-position":"center center","background-size":"auto","background-attachment":"scroll","background-type":"","background-media":"","overlay-type":"","overlay-color":"","overlay-opacity":"","overlay-gradient":""},"mobile":{"background-color":"","background-image":"","background-repeat":"repeat","background-position":"center center","background-size":"auto","background-attachment":"scroll","background-type":"","background-media":"","overlay-type":"","overlay-color":"","overlay-opacity":"","overlay-gradient":""}},"ast-content-background-meta":{"desktop":{"background-color":"var(--ast-global-color-5)","background-image":"","background-repeat":"repeat","background-position":"center center","background-size":"auto","background-attachment":"scroll","background-type":"","background-media":"","overlay-type":"","overlay-color":"","overlay-opacity":"","overlay-gradient":""},"tablet":{"background-color":"var(--ast-global-color-5)","background-image":"","background-repeat":"repeat","background-position":"center center","background-size":"auto","background-attachment":"scroll","background-type":"","background-media":"","overlay-type":"","overlay-color":"","overlay-opacity":"","overlay-gradient":""},"mobile":{"background-color":"var(--ast-global-color-5)","background-image":"","background-repeat":"repeat","background-position":"center center","background-size":"auto","background-attachment":"scroll","background-type":"","background-media":"","overlay-type":"","overlay-color":"","overlay-opacity":"","overlay-gradient":""}}},"product_brand":[],"product_cat":[207],"product_tag":[],"class_list":{"0":"post-6696","1":"product","2":"type-product","3":"status-publish","4":"has-post-thumbnail","6":"product_cat-indonesia","7":"desktop-align-left","8":"tablet-align-left","9":"mobile-align-left","11":"first","12":"instock","13":"sale","14":"shipping-taxable","15":"purchasable","16":"product-type-simple","17":"add-to-wishlist-before_image"},"_links":{"self":[{"href":"https:\/\/colligatum.com\/en\/wp-json\/wp\/v2\/product\/6696","targetHints":{"allow":["GET"]}}],"collection":[{"href":"https:\/\/colligatum.com\/en\/wp-json\/wp\/v2\/product"}],"about":[{"href":"https:\/\/colligatum.com\/en\/wp-json\/wp\/v2\/types\/product"}],"version-history":[{"count":1,"href":"https:\/\/colligatum.com\/en\/wp-json\/wp\/v2\/product\/6696\/revisions"}],"predecessor-version":[{"id":6697,"href":"https:\/\/colligatum.com\/en\/wp-json\/wp\/v2\/product\/6696\/revisions\/6697"}],"wp:featuredmedia":[{"embeddable":true,"href":"https:\/\/colligatum.com\/en\/wp-json\/wp\/v2\/media\/6564"}],"wp:attachment":[{"href":"https:\/\/colligatum.com\/en\/wp-json\/wp\/v2\/media?parent=6696"}],"wp:term":[{"taxonomy":"product_brand","embeddable":true,"href":"https:\/\/colligatum.com\/en\/wp-json\/wp\/v2\/product_brand?post=6696"},{"taxonomy":"product_cat","embeddable":true,"href":"https:\/\/colligatum.com\/en\/wp-json\/wp\/v2\/product_cat?post=6696"},{"taxonomy":"product_tag","embeddable":true,"href":"https:\/\/colligatum.com\/en\/wp-json\/wp\/v2\/product_tag?post=6696"}],"curies":[{"name":"wp","href":"https:\/\/api.w.org\/{rel}","templated":true}]}}