{"id":6698,"date":"2024-11-14T14:59:03","date_gmt":"2024-11-14T14:59:03","guid":{"rendered":"https:\/\/colligatum.com\/?post_type=product&#038;p=6698"},"modified":"2024-12-02T11:22:11","modified_gmt":"2024-12-02T09:22:11","slug":"hikmah-ha","status":"publish","type":"product","link":"https:\/\/colligatum.com\/en\/product\/hikmah-ha\/","title":{"rendered":"Wisdom &quot;HA&quot;\u201e"},"content":{"rendered":"<p><strong>Description:<\/strong> \u0160is &#8222;Hikmah HA&#8221; cigare\u010di\u0173 pakelis turi paprast\u0105 ir tvarking\u0105 dizain\u0105 su aukso spalvos fonu ir i\u0161ry\u0161kintu logotipu. Pakelis pateikia Indonezijos tabako gamintoj\u0173 savit\u0105 kretek skon\u012f, kuris yra populiarus Indonezijoje. \u012esp\u0117jimai apie r\u016bkymo \u017eal\u0105 ai\u0161kiai nurodyti, siekiant pabr\u0117\u017eti sveikatos rizik\u0105.<\/p>\n<p><strong>Value assessment:<\/strong><\/p>\n<ul>\n<li><strong>Collectible value:<\/strong> Vidutin\u0117. \u0160is pakelis gali b\u016bti \u012fdomus kolekcininkams, kurie domisi Indonezijos tabako produktais ir kretek cigaret\u0117mis, nors jis n\u0117ra retas ar riboto leidimo.<\/li>\n<li><strong>Condition assessment:<\/strong> Unopened, in excellent condition.<\/li>\n<li><strong>Historical data and popularity:<\/strong> &#8222;Hikmah&#8221; cigaret\u0117s yra populiarios tarp kretek m\u0117g\u0117j\u0173, bet tarptautin\u0117je kolekcionieri\u0173 rinkoje n\u0117ra ypa\u010d ie\u0161komos.<\/li>\n<\/ul>","protected":false},"excerpt":{"rendered":"<p><strong>Brand and name:<\/strong> Wisdom &quot;HA&quot;\u201e<\/p>\n<p><strong>Size:<\/strong> 12 cigarettes<\/p>\n<p><strong>Country of manufacture:<\/strong> Indonesia<\/p>\n<p><strong>Production period:<\/strong> Unknown (modern edition)<\/p>\n<p><strong>Package type:<\/strong> Soft pack<\/p>","protected":false},"featured_media":6565,"template":"","meta":{"_surecart_dashboard_logo_width":"180px","_surecart_dashboard_show_logo":true,"_surecart_dashboard_navigation_orders":true,"_surecart_dashboard_navigation_invoices":true,"_surecart_dashboard_navigation_subscriptions":true,"_surecart_dashboard_navigation_downloads":true,"_surecart_dashboard_navigation_billing":true,"_surecart_dashboard_navigation_account":true,"site-sidebar-layout":"default","site-content-layout":"","ast-site-content-layout":"default","site-content-style":"default","site-sidebar-style":"default","ast-global-header-display":"","ast-banner-title-visibility":"","ast-main-header-display":"","ast-hfb-above-header-display":"","ast-hfb-below-header-display":"","ast-hfb-mobile-header-display":"","site-post-title":"","ast-breadcrumbs-content":"","ast-featured-img":"","footer-sml-layout":"","theme-transparent-header-meta":"default","adv-header-id-meta":"","stick-header-meta":"","header-above-stick-meta":"","header-main-stick-meta":"","header-below-stick-meta":"","astra-migrate-meta-layouts":"set","ast-page-background-enabled":"default","ast-page-background-meta":{"desktop":{"background-color":"","background-image":"","background-repeat":"repeat","background-position":"center center","background-size":"auto","background-attachment":"scroll","background-type":"","background-media":"","overlay-type":"","overlay-color":"","overlay-opacity":"","overlay-gradient":""},"tablet":{"background-color":"","background-image":"","background-repeat":"repeat","background-position":"center center","background-size":"auto","background-attachment":"scroll","background-type":"","background-media":"","overlay-type":"","overlay-color":"","overlay-opacity":"","overlay-gradient":""},"mobile":{"background-color":"","background-image":"","background-repeat":"repeat","background-position":"center center","background-size":"auto","background-attachment":"scroll","background-type":"","background-media":"","overlay-type":"","overlay-color":"","overlay-opacity":"","overlay-gradient":""}},"ast-content-background-meta":{"desktop":{"background-color":"var(--ast-global-color-5)","background-image":"","background-repeat":"repeat","background-position":"center center","background-size":"auto","background-attachment":"scroll","background-type":"","background-media":"","overlay-type":"","overlay-color":"","overlay-opacity":"","overlay-gradient":""},"tablet":{"background-color":"var(--ast-global-color-5)","background-image":"","background-repeat":"repeat","background-position":"center center","background-size":"auto","background-attachment":"scroll","background-type":"","background-media":"","overlay-type":"","overlay-color":"","overlay-opacity":"","overlay-gradient":""},"mobile":{"background-color":"var(--ast-global-color-5)","background-image":"","background-repeat":"repeat","background-position":"center center","background-size":"auto","background-attachment":"scroll","background-type":"","background-media":"","overlay-type":"","overlay-color":"","overlay-opacity":"","overlay-gradient":""}}},"product_brand":[],"product_cat":[207],"product_tag":[],"class_list":{"0":"post-6698","1":"product","2":"type-product","3":"status-publish","4":"has-post-thumbnail","6":"product_cat-indonesia","7":"desktop-align-left","8":"tablet-align-left","9":"mobile-align-left","11":"first","12":"instock","13":"sale","14":"shipping-taxable","15":"purchasable","16":"product-type-simple","17":"add-to-wishlist-before_image"},"_links":{"self":[{"href":"https:\/\/colligatum.com\/en\/wp-json\/wp\/v2\/product\/6698","targetHints":{"allow":["GET"]}}],"collection":[{"href":"https:\/\/colligatum.com\/en\/wp-json\/wp\/v2\/product"}],"about":[{"href":"https:\/\/colligatum.com\/en\/wp-json\/wp\/v2\/types\/product"}],"version-history":[{"count":1,"href":"https:\/\/colligatum.com\/en\/wp-json\/wp\/v2\/product\/6698\/revisions"}],"predecessor-version":[{"id":6699,"href":"https:\/\/colligatum.com\/en\/wp-json\/wp\/v2\/product\/6698\/revisions\/6699"}],"wp:featuredmedia":[{"embeddable":true,"href":"https:\/\/colligatum.com\/en\/wp-json\/wp\/v2\/media\/6565"}],"wp:attachment":[{"href":"https:\/\/colligatum.com\/en\/wp-json\/wp\/v2\/media?parent=6698"}],"wp:term":[{"taxonomy":"product_brand","embeddable":true,"href":"https:\/\/colligatum.com\/en\/wp-json\/wp\/v2\/product_brand?post=6698"},{"taxonomy":"product_cat","embeddable":true,"href":"https:\/\/colligatum.com\/en\/wp-json\/wp\/v2\/product_cat?post=6698"},{"taxonomy":"product_tag","embeddable":true,"href":"https:\/\/colligatum.com\/en\/wp-json\/wp\/v2\/product_tag?post=6698"}],"curies":[{"name":"wp","href":"https:\/\/api.w.org\/{rel}","templated":true}]}}