{"id":6704,"date":"2024-11-14T15:04:29","date_gmt":"2024-11-14T15:04:29","guid":{"rendered":"https:\/\/colligatum.com\/?post_type=product&#038;p=6704"},"modified":"2026-04-14T04:53:02","modified_gmt":"2026-04-14T02:53:02","slug":"gudang-garam-professional-2","status":"publish","type":"product","link":"https:\/\/colligatum.com\/en\/product\/gudang-garam-professional-2\/","title":{"rendered":"Gudang Garam Professional\u201e"},"content":{"rendered":"<p>Apra\u0161ymas: \u0160is Gudang Garam &#8222;Professional&#8221; cigare\u010di\u0173 pakelis pasi\u017eymi eleganti\u0161ku raudonos ir auksin\u0117s spalv\u0173 dizainu, pabr\u0117\u017eian\u010diu prabang\u0105 ir i\u0161skirtinum\u0105. Pakelio priekin\u0117je pus\u0117je matomas Gudang Garam logotipas, kuriame pavaizduotas tradicinis architekt\u016brinis motyvas, primenantis prek\u0117s \u017eenklo paveld\u0105. Ant pakelio pateikiamas \u012fsp\u0117jimas apie r\u016bkymo \u017eal\u0105 sveikatai, skirtas vartotojui informuoti apie galimas rizikas.<\/p>\n<p>Value assessment:<\/p>\n<ul>\n<li>Kolekcin\u0117 vert\u0117: Vidutin\u0117. Nors tai n\u0117ra riboto leidimo ar jubiliejinis leidimas, \u0161is pakelis gali pritraukti kolekcinink\u0173 d\u0117mes\u012f d\u0117l savo esteti\u0161ko dizaino ir priklausymo \u017einomam prek\u0117s \u017eenklui.<\/li>\n<li>Condition rating: Unopened, in excellent condition.<\/li>\n<li>Istoriniai duomenys ir populiarumas: Gudang Garam yra vienas i\u0161 labiausiai \u017einom\u0173 cigare\u010di\u0173 preki\u0173 \u017eenkl\u0173 Indonezijoje, vertinamas d\u0117l savo ilgamet\u0117s patirties ir tradicinio tabako bei gvazdik\u0117li\u0173 mi\u0161inio. \u0160io prekinio \u017eenklo pakeliai yra gerai \u017einomi tarp Azijos tabako kolekcinink\u0173.<\/li>\n<\/ul>","protected":false},"excerpt":{"rendered":"<p>Prek\u0117s \u017eenklas ir pavadinimas: Gudang Garam &#8222;Professional&#8221;<\/p>\n<p>Dydis: 16 cigare\u010di\u0173<\/p>\n<p>Country of manufacture: Indonesia<\/p>\n<p>Production period: Unknown (probably a modern edition)<\/p>\n<p>Package type: Hard package<\/p>","protected":false},"featured_media":6572,"template":"","meta":{"_surecart_dashboard_logo_width":"180px","_surecart_dashboard_show_logo":true,"_surecart_dashboard_navigation_orders":true,"_surecart_dashboard_navigation_invoices":true,"_surecart_dashboard_navigation_subscriptions":true,"_surecart_dashboard_navigation_downloads":true,"_surecart_dashboard_navigation_billing":true,"_surecart_dashboard_navigation_account":true,"site-sidebar-layout":"default","site-content-layout":"","ast-site-content-layout":"default","site-content-style":"default","site-sidebar-style":"default","ast-global-header-display":"","ast-banner-title-visibility":"","ast-main-header-display":"","ast-hfb-above-header-display":"","ast-hfb-below-header-display":"","ast-hfb-mobile-header-display":"","site-post-title":"","ast-breadcrumbs-content":"","ast-featured-img":"","footer-sml-layout":"","theme-transparent-header-meta":"default","adv-header-id-meta":"","stick-header-meta":"","header-above-stick-meta":"","header-main-stick-meta":"","header-below-stick-meta":"","astra-migrate-meta-layouts":"set","ast-page-background-enabled":"default","ast-page-background-meta":{"desktop":{"background-color":"","background-image":"","background-repeat":"repeat","background-position":"center center","background-size":"auto","background-attachment":"scroll","background-type":"","background-media":"","overlay-type":"","overlay-color":"","overlay-opacity":"","overlay-gradient":""},"tablet":{"background-color":"","background-image":"","background-repeat":"repeat","background-position":"center center","background-size":"auto","background-attachment":"scroll","background-type":"","background-media":"","overlay-type":"","overlay-color":"","overlay-opacity":"","overlay-gradient":""},"mobile":{"background-color":"","background-image":"","background-repeat":"repeat","background-position":"center center","background-size":"auto","background-attachment":"scroll","background-type":"","background-media":"","overlay-type":"","overlay-color":"","overlay-opacity":"","overlay-gradient":""}},"ast-content-background-meta":{"desktop":{"background-color":"var(--ast-global-color-5)","background-image":"","background-repeat":"repeat","background-position":"center center","background-size":"auto","background-attachment":"scroll","background-type":"","background-media":"","overlay-type":"","overlay-color":"","overlay-opacity":"","overlay-gradient":""},"tablet":{"background-color":"var(--ast-global-color-5)","background-image":"","background-repeat":"repeat","background-position":"center center","background-size":"auto","background-attachment":"scroll","background-type":"","background-media":"","overlay-type":"","overlay-color":"","overlay-opacity":"","overlay-gradient":""},"mobile":{"background-color":"var(--ast-global-color-5)","background-image":"","background-repeat":"repeat","background-position":"center center","background-size":"auto","background-attachment":"scroll","background-type":"","background-media":"","overlay-type":"","overlay-color":"","overlay-opacity":"","overlay-gradient":""}}},"product_brand":[],"product_cat":[207],"product_tag":[],"class_list":{"0":"post-6704","1":"product","2":"type-product","3":"status-publish","4":"has-post-thumbnail","6":"product_cat-indonesia","7":"desktop-align-left","8":"tablet-align-left","9":"mobile-align-left","11":"first","12":"instock","13":"sale","14":"shipping-taxable","15":"purchasable","16":"product-type-simple","17":"add-to-wishlist-before_image"},"_links":{"self":[{"href":"https:\/\/colligatum.com\/en\/wp-json\/wp\/v2\/product\/6704","targetHints":{"allow":["GET"]}}],"collection":[{"href":"https:\/\/colligatum.com\/en\/wp-json\/wp\/v2\/product"}],"about":[{"href":"https:\/\/colligatum.com\/en\/wp-json\/wp\/v2\/types\/product"}],"version-history":[{"count":1,"href":"https:\/\/colligatum.com\/en\/wp-json\/wp\/v2\/product\/6704\/revisions"}],"predecessor-version":[{"id":6705,"href":"https:\/\/colligatum.com\/en\/wp-json\/wp\/v2\/product\/6704\/revisions\/6705"}],"wp:featuredmedia":[{"embeddable":true,"href":"https:\/\/colligatum.com\/en\/wp-json\/wp\/v2\/media\/6572"}],"wp:attachment":[{"href":"https:\/\/colligatum.com\/en\/wp-json\/wp\/v2\/media?parent=6704"}],"wp:term":[{"taxonomy":"product_brand","embeddable":true,"href":"https:\/\/colligatum.com\/en\/wp-json\/wp\/v2\/product_brand?post=6704"},{"taxonomy":"product_cat","embeddable":true,"href":"https:\/\/colligatum.com\/en\/wp-json\/wp\/v2\/product_cat?post=6704"},{"taxonomy":"product_tag","embeddable":true,"href":"https:\/\/colligatum.com\/en\/wp-json\/wp\/v2\/product_tag?post=6704"}],"curies":[{"name":"wp","href":"https:\/\/api.w.org\/{rel}","templated":true}]}}