{"id":6707,"date":"2024-11-14T15:08:05","date_gmt":"2024-11-14T15:08:05","guid":{"rendered":"https:\/\/colligatum.com\/?post_type=product&#038;p=6707"},"modified":"2024-12-02T11:22:31","modified_gmt":"2024-12-02T09:22:31","slug":"wish","status":"publish","type":"product","link":"https:\/\/colligatum.com\/en\/product\/wish\/","title":{"rendered":"Wish"},"content":{"rendered":"<p>Apra\u0161ymas: \u0160is Wish cigare\u010di\u0173 pakelis turi prabang\u0173 ir eleganti\u0161k\u0105 dizain\u0105, su tamsiomis spalvomis ir auksiniais elementais. \u201eExclusive\u201c serija i\u0161siskiria savo i\u0161vaizda ir skirta premium kokyb\u0117s segmentui, nurodant, kad \u0161ios cigaret\u0117s yra skirtos i\u0161rankesniems vartotojams. \u012esp\u0117jimas apie r\u016bkymo \u017eal\u0105 ai\u0161kiai matomas, pabr\u0117\u017eiant sveikatos pavojus.<\/p>\n<p>Value assessment:<\/p>\n<ul>\n<li>Kolekcin\u0117 vert\u0117: Vidutin\u0117. Nors tai yra \u0161iuolaikinis pakelis ir jis n\u0117ra riboto leidimo, dizainas ir prabangos \u012fvaizdis gali sudominti tam tikrus kolekcininkus, ypa\u010d tuos, kurie domisi premium produktais.<\/li>\n<li>Condition rating: Unopened, in excellent condition.<\/li>\n<li>Istoriniai duomenys ir populiarumas: Wish n\u0117ra itin pla\u010diai \u017einomas tarptautiniu mastu, ta\u010diau premium kategorijos dizainas gali suteikti vert\u0117s rinkoje.<\/li>\n<\/ul>","protected":false},"excerpt":{"rendered":"<p>Prek\u0117s \u017eenklas ir pavadinimas: Wish<\/p>\n<p>Size: 12 cigarettes<\/p>\n<p>Country of manufacture: Indonesia<\/p>\n<p>Production period: Unknown (modern edition)<\/p>\n<p>Package type: Hard package<\/p>","protected":false},"featured_media":6574,"template":"","meta":{"_surecart_dashboard_logo_width":"180px","_surecart_dashboard_show_logo":true,"_surecart_dashboard_navigation_orders":true,"_surecart_dashboard_navigation_invoices":true,"_surecart_dashboard_navigation_subscriptions":true,"_surecart_dashboard_navigation_downloads":true,"_surecart_dashboard_navigation_billing":true,"_surecart_dashboard_navigation_account":true,"site-sidebar-layout":"default","site-content-layout":"","ast-site-content-layout":"default","site-content-style":"default","site-sidebar-style":"default","ast-global-header-display":"","ast-banner-title-visibility":"","ast-main-header-display":"","ast-hfb-above-header-display":"","ast-hfb-below-header-display":"","ast-hfb-mobile-header-display":"","site-post-title":"","ast-breadcrumbs-content":"","ast-featured-img":"","footer-sml-layout":"","theme-transparent-header-meta":"default","adv-header-id-meta":"","stick-header-meta":"","header-above-stick-meta":"","header-main-stick-meta":"","header-below-stick-meta":"","astra-migrate-meta-layouts":"set","ast-page-background-enabled":"default","ast-page-background-meta":{"desktop":{"background-color":"","background-image":"","background-repeat":"repeat","background-position":"center center","background-size":"auto","background-attachment":"scroll","background-type":"","background-media":"","overlay-type":"","overlay-color":"","overlay-opacity":"","overlay-gradient":""},"tablet":{"background-color":"","background-image":"","background-repeat":"repeat","background-position":"center center","background-size":"auto","background-attachment":"scroll","background-type":"","background-media":"","overlay-type":"","overlay-color":"","overlay-opacity":"","overlay-gradient":""},"mobile":{"background-color":"","background-image":"","background-repeat":"repeat","background-position":"center center","background-size":"auto","background-attachment":"scroll","background-type":"","background-media":"","overlay-type":"","overlay-color":"","overlay-opacity":"","overlay-gradient":""}},"ast-content-background-meta":{"desktop":{"background-color":"var(--ast-global-color-5)","background-image":"","background-repeat":"repeat","background-position":"center center","background-size":"auto","background-attachment":"scroll","background-type":"","background-media":"","overlay-type":"","overlay-color":"","overlay-opacity":"","overlay-gradient":""},"tablet":{"background-color":"var(--ast-global-color-5)","background-image":"","background-repeat":"repeat","background-position":"center center","background-size":"auto","background-attachment":"scroll","background-type":"","background-media":"","overlay-type":"","overlay-color":"","overlay-opacity":"","overlay-gradient":""},"mobile":{"background-color":"var(--ast-global-color-5)","background-image":"","background-repeat":"repeat","background-position":"center center","background-size":"auto","background-attachment":"scroll","background-type":"","background-media":"","overlay-type":"","overlay-color":"","overlay-opacity":"","overlay-gradient":""}}},"product_brand":[],"product_cat":[207],"product_tag":[],"class_list":{"0":"post-6707","1":"product","2":"type-product","3":"status-publish","4":"has-post-thumbnail","6":"product_cat-indonesia","7":"desktop-align-left","8":"tablet-align-left","9":"mobile-align-left","11":"first","12":"instock","13":"sale","14":"shipping-taxable","15":"purchasable","16":"product-type-simple","17":"add-to-wishlist-before_image"},"_links":{"self":[{"href":"https:\/\/colligatum.com\/en\/wp-json\/wp\/v2\/product\/6707","targetHints":{"allow":["GET"]}}],"collection":[{"href":"https:\/\/colligatum.com\/en\/wp-json\/wp\/v2\/product"}],"about":[{"href":"https:\/\/colligatum.com\/en\/wp-json\/wp\/v2\/types\/product"}],"version-history":[{"count":1,"href":"https:\/\/colligatum.com\/en\/wp-json\/wp\/v2\/product\/6707\/revisions"}],"predecessor-version":[{"id":6708,"href":"https:\/\/colligatum.com\/en\/wp-json\/wp\/v2\/product\/6707\/revisions\/6708"}],"wp:featuredmedia":[{"embeddable":true,"href":"https:\/\/colligatum.com\/en\/wp-json\/wp\/v2\/media\/6574"}],"wp:attachment":[{"href":"https:\/\/colligatum.com\/en\/wp-json\/wp\/v2\/media?parent=6707"}],"wp:term":[{"taxonomy":"product_brand","embeddable":true,"href":"https:\/\/colligatum.com\/en\/wp-json\/wp\/v2\/product_brand?post=6707"},{"taxonomy":"product_cat","embeddable":true,"href":"https:\/\/colligatum.com\/en\/wp-json\/wp\/v2\/product_cat?post=6707"},{"taxonomy":"product_tag","embeddable":true,"href":"https:\/\/colligatum.com\/en\/wp-json\/wp\/v2\/product_tag?post=6707"}],"curies":[{"name":"wp","href":"https:\/\/api.w.org\/{rel}","templated":true}]}}