{"id":6709,"date":"2024-11-14T15:09:38","date_gmt":"2024-11-14T15:09:38","guid":{"rendered":"https:\/\/colligatum.com\/?post_type=product&#038;p=6709"},"modified":"2024-12-02T11:22:36","modified_gmt":"2024-12-02T09:22:36","slug":"glass-sport","status":"publish","type":"product","link":"https:\/\/colligatum.com\/en\/product\/glass-sport\/","title":{"rendered":"Glass &quot;Sport&quot;\u201e"},"content":{"rendered":"<h4>Description<\/h4>\n<p>&#8222;Glass Sport&#8221; cigare\u010di\u0173 pakelis pasi\u017eymi tamsiu, eleganti\u0161ku dizainu su raudonais ir juodais elementais, kurie sukuria sporti\u0161kumo \u012fsp\u016bd\u012f. Tai kretekin\u0117s cigaret\u0117s su gvazdik\u0117li\u0173 skoniu, kurios pritraukia m\u0117g\u0117jus d\u0117l unikalaus skonio ir aromato. \u012esp\u0117jimas apie r\u016bkymo \u017eal\u0105 yra ry\u0161kiai pavaizduotas, kad atkreipt\u0173 d\u0117mes\u012f \u012f sveikatos pavojus.<\/p>\n<h4>Value assessment:<\/h4>\n<ul>\n<li><strong>Collectible value:<\/strong> Vidutin\u0117. \u0160is pakelis n\u0117ra jubiliejinis ar riboto leidimo, ta\u010diau d\u0117l kretekini\u0173 cigare\u010di\u0173 populiarumo gali b\u016bti \u012fdomus tam tikriems kolekcininkams.<\/li>\n<li><strong>Condition assessment:<\/strong> Unopened, in very good condition.<\/li>\n<li><strong>Historical data and popularity:<\/strong> Kretekin\u0117s cigaret\u0117s yra ypatingai populiarios Indonezijoje, o d\u0117l augan\u010dio kolekcinink\u0173 susidom\u0117jimo egzoti\u0161komis cigaret\u0117mis, \u0161is pakelis gali pritraukti kolekcinink\u0173 d\u0117mes\u012f tarptautin\u0117je rinkoje.<\/li>\n<\/ul>","protected":false},"excerpt":{"rendered":"<h3>Brand and name: <strong>Glass &quot;Sport&quot;\u201e<\/strong><\/h3>\n<ul>\n<li><strong>Size:<\/strong> 20 cigarettes<\/li>\n<li><strong>Country of manufacture:<\/strong> Indonesia<\/li>\n<li><strong>Production period:<\/strong> Unknown (modern edition)<\/li>\n<li><strong>Package type:<\/strong> Soft pack<\/li>\n<\/ul>","protected":false},"featured_media":6576,"template":"","meta":{"_surecart_dashboard_logo_width":"180px","_surecart_dashboard_show_logo":true,"_surecart_dashboard_navigation_orders":true,"_surecart_dashboard_navigation_invoices":true,"_surecart_dashboard_navigation_subscriptions":true,"_surecart_dashboard_navigation_downloads":true,"_surecart_dashboard_navigation_billing":true,"_surecart_dashboard_navigation_account":true,"site-sidebar-layout":"default","site-content-layout":"","ast-site-content-layout":"default","site-content-style":"default","site-sidebar-style":"default","ast-global-header-display":"","ast-banner-title-visibility":"","ast-main-header-display":"","ast-hfb-above-header-display":"","ast-hfb-below-header-display":"","ast-hfb-mobile-header-display":"","site-post-title":"","ast-breadcrumbs-content":"","ast-featured-img":"","footer-sml-layout":"","theme-transparent-header-meta":"default","adv-header-id-meta":"","stick-header-meta":"","header-above-stick-meta":"","header-main-stick-meta":"","header-below-stick-meta":"","astra-migrate-meta-layouts":"set","ast-page-background-enabled":"default","ast-page-background-meta":{"desktop":{"background-color":"","background-image":"","background-repeat":"repeat","background-position":"center center","background-size":"auto","background-attachment":"scroll","background-type":"","background-media":"","overlay-type":"","overlay-color":"","overlay-opacity":"","overlay-gradient":""},"tablet":{"background-color":"","background-image":"","background-repeat":"repeat","background-position":"center center","background-size":"auto","background-attachment":"scroll","background-type":"","background-media":"","overlay-type":"","overlay-color":"","overlay-opacity":"","overlay-gradient":""},"mobile":{"background-color":"","background-image":"","background-repeat":"repeat","background-position":"center center","background-size":"auto","background-attachment":"scroll","background-type":"","background-media":"","overlay-type":"","overlay-color":"","overlay-opacity":"","overlay-gradient":""}},"ast-content-background-meta":{"desktop":{"background-color":"var(--ast-global-color-5)","background-image":"","background-repeat":"repeat","background-position":"center center","background-size":"auto","background-attachment":"scroll","background-type":"","background-media":"","overlay-type":"","overlay-color":"","overlay-opacity":"","overlay-gradient":""},"tablet":{"background-color":"var(--ast-global-color-5)","background-image":"","background-repeat":"repeat","background-position":"center center","background-size":"auto","background-attachment":"scroll","background-type":"","background-media":"","overlay-type":"","overlay-color":"","overlay-opacity":"","overlay-gradient":""},"mobile":{"background-color":"var(--ast-global-color-5)","background-image":"","background-repeat":"repeat","background-position":"center center","background-size":"auto","background-attachment":"scroll","background-type":"","background-media":"","overlay-type":"","overlay-color":"","overlay-opacity":"","overlay-gradient":""}}},"product_brand":[],"product_cat":[207],"product_tag":[],"class_list":{"0":"post-6709","1":"product","2":"type-product","3":"status-publish","4":"has-post-thumbnail","6":"product_cat-indonesia","7":"desktop-align-left","8":"tablet-align-left","9":"mobile-align-left","11":"first","12":"instock","13":"sale","14":"shipping-taxable","15":"purchasable","16":"product-type-simple","17":"add-to-wishlist-before_image"},"_links":{"self":[{"href":"https:\/\/colligatum.com\/en\/wp-json\/wp\/v2\/product\/6709","targetHints":{"allow":["GET"]}}],"collection":[{"href":"https:\/\/colligatum.com\/en\/wp-json\/wp\/v2\/product"}],"about":[{"href":"https:\/\/colligatum.com\/en\/wp-json\/wp\/v2\/types\/product"}],"version-history":[{"count":1,"href":"https:\/\/colligatum.com\/en\/wp-json\/wp\/v2\/product\/6709\/revisions"}],"predecessor-version":[{"id":6710,"href":"https:\/\/colligatum.com\/en\/wp-json\/wp\/v2\/product\/6709\/revisions\/6710"}],"wp:featuredmedia":[{"embeddable":true,"href":"https:\/\/colligatum.com\/en\/wp-json\/wp\/v2\/media\/6576"}],"wp:attachment":[{"href":"https:\/\/colligatum.com\/en\/wp-json\/wp\/v2\/media?parent=6709"}],"wp:term":[{"taxonomy":"product_brand","embeddable":true,"href":"https:\/\/colligatum.com\/en\/wp-json\/wp\/v2\/product_brand?post=6709"},{"taxonomy":"product_cat","embeddable":true,"href":"https:\/\/colligatum.com\/en\/wp-json\/wp\/v2\/product_cat?post=6709"},{"taxonomy":"product_tag","embeddable":true,"href":"https:\/\/colligatum.com\/en\/wp-json\/wp\/v2\/product_tag?post=6709"}],"curies":[{"name":"wp","href":"https:\/\/api.w.org\/{rel}","templated":true}]}}