{"id":6711,"date":"2024-11-14T15:11:13","date_gmt":"2024-11-14T15:11:13","guid":{"rendered":"https:\/\/colligatum.com\/?post_type=product&#038;p=6711"},"modified":"2024-12-02T11:22:41","modified_gmt":"2024-12-02T09:22:41","slug":"exel-jumbo","status":"publish","type":"product","link":"https:\/\/colligatum.com\/en\/product\/exel-jumbo\/","title":{"rendered":"Excel &quot;Jumbo&quot;\u201e"},"content":{"rendered":"<p>Apra\u0161ymas: &#8222;Exel Jumbo&#8221; cigare\u010di\u0173 pakelis yra tvirto ir solid\u017eios i\u0161vaizdos dizaino, apipavidalintas auksiniu ir raudonu fonu. Pakelio i\u0161vaizda pabr\u0117\u017eia i\u0161skirtinum\u0105, o ant jo pateiktas \u012fsp\u0117jimas apie r\u016bkymo \u017eal\u0105. \u0160is pakelis yra skirtas Indonezijos rinkai, tod\u0117l ant jo pateikti vietiniai \u012fsp\u0117jimai.<\/p>\n<p>Value assessment:<\/p>\n<ul>\n<li>Kolekcin\u0117 vert\u0117: Vidutin\u0117, nes pakelis n\u0117ra jubiliejinis ar riboto leidimo, bet turi istorin\u0117s vert\u0117s d\u0117l vietin\u0117s rinkos ir dizaino specifikos.<\/li>\n<li>B\u016bkl\u0117s vertinimas: Puiki b\u016bkl\u0117, nepa\u017eeistas, su apsaugine pl\u0117vele.<\/li>\n<li>Istoriniai duomenys ir populiarumas: \u0160is prekinis \u017eenklas n\u0117ra pla\u010diai \u017einomas tarptautin\u0117je rinkoje, ta\u010diau gali b\u016bti \u012fdomus kolekcininkams, ie\u0161kantiems unikali\u0173 ir ma\u017eiau paplitusi\u0173 produkt\u0173 i\u0161 Azijos regiono.<\/li>\n<\/ul>","protected":false},"excerpt":{"rendered":"<p>Prek\u0117s \u017eenklas ir pavadinimas: Exel &#8222;Jumbo&#8221;<\/p>\n<p>Dydis: 21 cigaret\u0117<\/p>\n<p>Country of manufacture: Indonesia<\/p>\n<p>Production period: Unknown<\/p>\n<p>Package type: Hard package<\/p>","protected":false},"featured_media":6578,"template":"","meta":{"_surecart_dashboard_logo_width":"180px","_surecart_dashboard_show_logo":true,"_surecart_dashboard_navigation_orders":true,"_surecart_dashboard_navigation_invoices":true,"_surecart_dashboard_navigation_subscriptions":true,"_surecart_dashboard_navigation_downloads":true,"_surecart_dashboard_navigation_billing":true,"_surecart_dashboard_navigation_account":true,"site-sidebar-layout":"default","site-content-layout":"","ast-site-content-layout":"default","site-content-style":"default","site-sidebar-style":"default","ast-global-header-display":"","ast-banner-title-visibility":"","ast-main-header-display":"","ast-hfb-above-header-display":"","ast-hfb-below-header-display":"","ast-hfb-mobile-header-display":"","site-post-title":"","ast-breadcrumbs-content":"","ast-featured-img":"","footer-sml-layout":"","theme-transparent-header-meta":"default","adv-header-id-meta":"","stick-header-meta":"","header-above-stick-meta":"","header-main-stick-meta":"","header-below-stick-meta":"","astra-migrate-meta-layouts":"set","ast-page-background-enabled":"default","ast-page-background-meta":{"desktop":{"background-color":"","background-image":"","background-repeat":"repeat","background-position":"center center","background-size":"auto","background-attachment":"scroll","background-type":"","background-media":"","overlay-type":"","overlay-color":"","overlay-opacity":"","overlay-gradient":""},"tablet":{"background-color":"","background-image":"","background-repeat":"repeat","background-position":"center center","background-size":"auto","background-attachment":"scroll","background-type":"","background-media":"","overlay-type":"","overlay-color":"","overlay-opacity":"","overlay-gradient":""},"mobile":{"background-color":"","background-image":"","background-repeat":"repeat","background-position":"center center","background-size":"auto","background-attachment":"scroll","background-type":"","background-media":"","overlay-type":"","overlay-color":"","overlay-opacity":"","overlay-gradient":""}},"ast-content-background-meta":{"desktop":{"background-color":"var(--ast-global-color-5)","background-image":"","background-repeat":"repeat","background-position":"center center","background-size":"auto","background-attachment":"scroll","background-type":"","background-media":"","overlay-type":"","overlay-color":"","overlay-opacity":"","overlay-gradient":""},"tablet":{"background-color":"var(--ast-global-color-5)","background-image":"","background-repeat":"repeat","background-position":"center center","background-size":"auto","background-attachment":"scroll","background-type":"","background-media":"","overlay-type":"","overlay-color":"","overlay-opacity":"","overlay-gradient":""},"mobile":{"background-color":"var(--ast-global-color-5)","background-image":"","background-repeat":"repeat","background-position":"center center","background-size":"auto","background-attachment":"scroll","background-type":"","background-media":"","overlay-type":"","overlay-color":"","overlay-opacity":"","overlay-gradient":""}}},"product_brand":[],"product_cat":[207],"product_tag":[],"class_list":{"0":"post-6711","1":"product","2":"type-product","3":"status-publish","4":"has-post-thumbnail","6":"product_cat-indonesia","7":"desktop-align-left","8":"tablet-align-left","9":"mobile-align-left","11":"first","12":"instock","13":"sale","14":"shipping-taxable","15":"purchasable","16":"product-type-simple","17":"add-to-wishlist-before_image"},"_links":{"self":[{"href":"https:\/\/colligatum.com\/en\/wp-json\/wp\/v2\/product\/6711","targetHints":{"allow":["GET"]}}],"collection":[{"href":"https:\/\/colligatum.com\/en\/wp-json\/wp\/v2\/product"}],"about":[{"href":"https:\/\/colligatum.com\/en\/wp-json\/wp\/v2\/types\/product"}],"version-history":[{"count":1,"href":"https:\/\/colligatum.com\/en\/wp-json\/wp\/v2\/product\/6711\/revisions"}],"predecessor-version":[{"id":6712,"href":"https:\/\/colligatum.com\/en\/wp-json\/wp\/v2\/product\/6711\/revisions\/6712"}],"wp:featuredmedia":[{"embeddable":true,"href":"https:\/\/colligatum.com\/en\/wp-json\/wp\/v2\/media\/6578"}],"wp:attachment":[{"href":"https:\/\/colligatum.com\/en\/wp-json\/wp\/v2\/media?parent=6711"}],"wp:term":[{"taxonomy":"product_brand","embeddable":true,"href":"https:\/\/colligatum.com\/en\/wp-json\/wp\/v2\/product_brand?post=6711"},{"taxonomy":"product_cat","embeddable":true,"href":"https:\/\/colligatum.com\/en\/wp-json\/wp\/v2\/product_cat?post=6711"},{"taxonomy":"product_tag","embeddable":true,"href":"https:\/\/colligatum.com\/en\/wp-json\/wp\/v2\/product_tag?post=6711"}],"curies":[{"name":"wp","href":"https:\/\/api.w.org\/{rel}","templated":true}]}}