{"id":6713,"date":"2024-11-14T15:12:30","date_gmt":"2024-11-14T15:12:30","guid":{"rendered":"https:\/\/colligatum.com\/?post_type=product&#038;p=6713"},"modified":"2024-12-02T11:22:46","modified_gmt":"2024-12-02T09:22:46","slug":"blacks","status":"publish","type":"product","link":"https:\/\/colligatum.com\/en\/product\/blacks\/","title":{"rendered":"Black&#039;s"},"content":{"rendered":"<p>Apra\u0161ymas: Black&#8217;s cigare\u010di\u0173 pakelis yra prabangus ir minimalistinis, juodos spalvos su raudonais ir baltais akcentais. \u201eBlack&#8217;s\u201c prek\u0117s \u017eenklas asocijuojamas su kokybi\u0161kais kretekais, gaminamais i\u0161 auk\u0161tos kokyb\u0117s tabako ir gvazdik\u0117li\u0173. Pakelis turi klasikin\u0119 i\u0161vaizd\u0105, atspindin\u010di\u0105 auk\u0161t\u0105 gaminio kokyb\u0119 ir solidum\u0105. \u012esp\u0117jimai apie r\u016bkymo pavoj\u0173 yra ry\u0161kiai matomi, pabr\u0117\u017eiantys sveikatos rizikas.<\/p>\n<p>Value assessment:<\/p>\n<ul>\n<li>Kolekcin\u0117 vert\u0117: Vidutin\u0117, nes \u0161is pakelis n\u0117ra riboto leidimo ar jubiliejinis, ta\u010diau d\u0117l savo solid\u017eios i\u0161vaizdos ir kokyb\u0117s gali pritraukti tam tikr\u0105 kolekcinink\u0173 d\u0117mes\u012f.<\/li>\n<li>Condition rating: Unopened, in excellent condition.<\/li>\n<li>Istoriniai duomenys ir populiarumas: Black&#8217;s cigare\u010di\u0173 prek\u0117s \u017eenklas n\u0117ra labai populiarus pasaulin\u0117je rinkoje, ta\u010diau turi lojali\u0173 sek\u0117j\u0173 d\u0117l unikalaus skonio ir auk\u0161tos kokyb\u0117s gamybos standart\u0173.<\/li>\n<\/ul>","protected":false},"excerpt":{"rendered":"<p>Prek\u0117s \u017eenklas ir pavadinimas: Black&#8217;s<\/p>\n<p>Size: 12 cigarettes<\/p>\n<p>Country of manufacture: Indonesia<\/p>\n<p>Production period: Unknown (probably a modern edition)<\/p>\n<p>Package type: Hard package<\/p>","protected":false},"featured_media":6580,"template":"","meta":{"_surecart_dashboard_logo_width":"180px","_surecart_dashboard_show_logo":true,"_surecart_dashboard_navigation_orders":true,"_surecart_dashboard_navigation_invoices":true,"_surecart_dashboard_navigation_subscriptions":true,"_surecart_dashboard_navigation_downloads":true,"_surecart_dashboard_navigation_billing":true,"_surecart_dashboard_navigation_account":true,"site-sidebar-layout":"default","site-content-layout":"","ast-site-content-layout":"default","site-content-style":"default","site-sidebar-style":"default","ast-global-header-display":"","ast-banner-title-visibility":"","ast-main-header-display":"","ast-hfb-above-header-display":"","ast-hfb-below-header-display":"","ast-hfb-mobile-header-display":"","site-post-title":"","ast-breadcrumbs-content":"","ast-featured-img":"","footer-sml-layout":"","ast-disable-related-posts":"","theme-transparent-header-meta":"default","adv-header-id-meta":"","stick-header-meta":"","header-above-stick-meta":"","header-main-stick-meta":"","header-below-stick-meta":"","astra-migrate-meta-layouts":"set","ast-page-background-enabled":"default","ast-page-background-meta":{"desktop":{"background-color":"","background-image":"","background-repeat":"repeat","background-position":"center center","background-size":"auto","background-attachment":"scroll","background-type":"","background-media":"","overlay-type":"","overlay-color":"","overlay-opacity":"","overlay-gradient":""},"tablet":{"background-color":"","background-image":"","background-repeat":"repeat","background-position":"center center","background-size":"auto","background-attachment":"scroll","background-type":"","background-media":"","overlay-type":"","overlay-color":"","overlay-opacity":"","overlay-gradient":""},"mobile":{"background-color":"","background-image":"","background-repeat":"repeat","background-position":"center center","background-size":"auto","background-attachment":"scroll","background-type":"","background-media":"","overlay-type":"","overlay-color":"","overlay-opacity":"","overlay-gradient":""}},"ast-content-background-meta":{"desktop":{"background-color":"var(--ast-global-color-5)","background-image":"","background-repeat":"repeat","background-position":"center center","background-size":"auto","background-attachment":"scroll","background-type":"","background-media":"","overlay-type":"","overlay-color":"","overlay-opacity":"","overlay-gradient":""},"tablet":{"background-color":"var(--ast-global-color-5)","background-image":"","background-repeat":"repeat","background-position":"center center","background-size":"auto","background-attachment":"scroll","background-type":"","background-media":"","overlay-type":"","overlay-color":"","overlay-opacity":"","overlay-gradient":""},"mobile":{"background-color":"var(--ast-global-color-5)","background-image":"","background-repeat":"repeat","background-position":"center center","background-size":"auto","background-attachment":"scroll","background-type":"","background-media":"","overlay-type":"","overlay-color":"","overlay-opacity":"","overlay-gradient":""}}},"product_brand":[],"product_cat":[207],"product_tag":[],"class_list":{"0":"post-6713","1":"product","2":"type-product","3":"status-publish","4":"has-post-thumbnail","6":"product_cat-indonesia","7":"desktop-align-left","8":"tablet-align-left","9":"mobile-align-left","11":"first","12":"instock","13":"sale","14":"shipping-taxable","15":"purchasable","16":"product-type-simple","17":"add-to-wishlist-before_image"},"_links":{"self":[{"href":"https:\/\/colligatum.com\/en\/wp-json\/wp\/v2\/product\/6713","targetHints":{"allow":["GET"]}}],"collection":[{"href":"https:\/\/colligatum.com\/en\/wp-json\/wp\/v2\/product"}],"about":[{"href":"https:\/\/colligatum.com\/en\/wp-json\/wp\/v2\/types\/product"}],"version-history":[{"count":1,"href":"https:\/\/colligatum.com\/en\/wp-json\/wp\/v2\/product\/6713\/revisions"}],"predecessor-version":[{"id":6714,"href":"https:\/\/colligatum.com\/en\/wp-json\/wp\/v2\/product\/6713\/revisions\/6714"}],"wp:featuredmedia":[{"embeddable":true,"href":"https:\/\/colligatum.com\/en\/wp-json\/wp\/v2\/media\/6580"}],"wp:attachment":[{"href":"https:\/\/colligatum.com\/en\/wp-json\/wp\/v2\/media?parent=6713"}],"wp:term":[{"taxonomy":"product_brand","embeddable":true,"href":"https:\/\/colligatum.com\/en\/wp-json\/wp\/v2\/product_brand?post=6713"},{"taxonomy":"product_cat","embeddable":true,"href":"https:\/\/colligatum.com\/en\/wp-json\/wp\/v2\/product_cat?post=6713"},{"taxonomy":"product_tag","embeddable":true,"href":"https:\/\/colligatum.com\/en\/wp-json\/wp\/v2\/product_tag?post=6713"}],"curies":[{"name":"wp","href":"https:\/\/api.w.org\/{rel}","templated":true}]}}