{"id":6717,"date":"2024-11-14T15:16:51","date_gmt":"2024-11-14T15:16:51","guid":{"rendered":"https:\/\/colligatum.com\/?post_type=product&#038;p=6717"},"modified":"2024-12-02T11:22:57","modified_gmt":"2024-12-02T09:22:57","slug":"a-l-anak-lanang","status":"publish","type":"product","link":"https:\/\/colligatum.com\/en\/product\/a-l-anak-lanang\/","title":{"rendered":"AL Anak Lanang"},"content":{"rendered":"<p><strong>Description:<\/strong> \u0160is A.L \u201eAnak Lanang\u201c cigare\u010di\u0173 pakelis yra tamsios spalvos, papuo\u0161tas raudonomis ir baltomis raid\u0117mis. Dizainas gana minimalistinis ir suteikia eleganti\u0161k\u0105 bei paslapting\u0105 i\u0161vaizd\u0105, o cigare\u010di\u0173 skonis praturtintas tradicin\u0117mis Indonezijos kreteko savyb\u0117mis. Pakuot\u0117 i\u0161laiko autenti\u0161kum\u0105, turint \u012fprast\u0105 \u012fsp\u0117jim\u0105 apie r\u016bkymo \u017eal\u0105 sveikatai, kuris b\u016bdingas daugeliui Azijos regiono cigare\u010di\u0173 pakuo\u010di\u0173.<\/p>\n<p><strong>Value assessment:<\/strong><\/p>\n<ul>\n<li><strong>Collectible value:<\/strong> Vidutin\u0117, kadangi \u0161is pakelis n\u0117ra riboto leidimo ar jubiliejinis, ta\u010diau kretek cigaret\u0117s i\u0161 Indonezijos turi tam tikr\u0105 patrauklum\u0105 kolekcinink\u0173 tarpe d\u0117l specifinio skonio ir regionin\u0117s kilm\u0117s.<\/li>\n<li><strong>Condition assessment:<\/strong> Unopened, in excellent condition.<\/li>\n<li><strong>Historical data and popularity:<\/strong> A.L \u201eAnak Lanang\u201c cigaret\u0117s yra ma\u017eiau \u017einomos tarptautiniu mastu, ta\u010diau turi vert\u0119 tarp Indonezijos kreteko cigare\u010di\u0173 kolekcinink\u0173 d\u0117l savo autenti\u0161kumo.<\/li>\n<\/ul>","protected":false},"excerpt":{"rendered":"<p><strong>Brand and name:<\/strong> AL Anak Lanang<\/p>\n<p><strong>Size:<\/strong> 21 cigarettes<\/p>\n<p><strong>Country of manufacture:<\/strong> Indonesia<\/p>\n<p><strong>Production period:<\/strong> Unknown (modern edition)<\/p>\n<p><strong>Package type:<\/strong> Hard pack<\/p>","protected":false},"featured_media":6584,"template":"","meta":{"_surecart_dashboard_logo_width":"180px","_surecart_dashboard_show_logo":true,"_surecart_dashboard_navigation_orders":true,"_surecart_dashboard_navigation_invoices":true,"_surecart_dashboard_navigation_subscriptions":true,"_surecart_dashboard_navigation_downloads":true,"_surecart_dashboard_navigation_billing":true,"_surecart_dashboard_navigation_account":true,"site-sidebar-layout":"default","site-content-layout":"","ast-site-content-layout":"default","site-content-style":"default","site-sidebar-style":"default","ast-global-header-display":"","ast-banner-title-visibility":"","ast-main-header-display":"","ast-hfb-above-header-display":"","ast-hfb-below-header-display":"","ast-hfb-mobile-header-display":"","site-post-title":"","ast-breadcrumbs-content":"","ast-featured-img":"","footer-sml-layout":"","theme-transparent-header-meta":"default","adv-header-id-meta":"","stick-header-meta":"","header-above-stick-meta":"","header-main-stick-meta":"","header-below-stick-meta":"","astra-migrate-meta-layouts":"set","ast-page-background-enabled":"default","ast-page-background-meta":{"desktop":{"background-color":"","background-image":"","background-repeat":"repeat","background-position":"center center","background-size":"auto","background-attachment":"scroll","background-type":"","background-media":"","overlay-type":"","overlay-color":"","overlay-opacity":"","overlay-gradient":""},"tablet":{"background-color":"","background-image":"","background-repeat":"repeat","background-position":"center center","background-size":"auto","background-attachment":"scroll","background-type":"","background-media":"","overlay-type":"","overlay-color":"","overlay-opacity":"","overlay-gradient":""},"mobile":{"background-color":"","background-image":"","background-repeat":"repeat","background-position":"center center","background-size":"auto","background-attachment":"scroll","background-type":"","background-media":"","overlay-type":"","overlay-color":"","overlay-opacity":"","overlay-gradient":""}},"ast-content-background-meta":{"desktop":{"background-color":"var(--ast-global-color-5)","background-image":"","background-repeat":"repeat","background-position":"center center","background-size":"auto","background-attachment":"scroll","background-type":"","background-media":"","overlay-type":"","overlay-color":"","overlay-opacity":"","overlay-gradient":""},"tablet":{"background-color":"var(--ast-global-color-5)","background-image":"","background-repeat":"repeat","background-position":"center center","background-size":"auto","background-attachment":"scroll","background-type":"","background-media":"","overlay-type":"","overlay-color":"","overlay-opacity":"","overlay-gradient":""},"mobile":{"background-color":"var(--ast-global-color-5)","background-image":"","background-repeat":"repeat","background-position":"center center","background-size":"auto","background-attachment":"scroll","background-type":"","background-media":"","overlay-type":"","overlay-color":"","overlay-opacity":"","overlay-gradient":""}}},"product_brand":[],"product_cat":[207],"product_tag":[],"class_list":{"0":"post-6717","1":"product","2":"type-product","3":"status-publish","4":"has-post-thumbnail","6":"product_cat-indonesia","7":"desktop-align-left","8":"tablet-align-left","9":"mobile-align-left","11":"first","12":"instock","13":"sale","14":"shipping-taxable","15":"purchasable","16":"product-type-simple","17":"add-to-wishlist-before_image"},"_links":{"self":[{"href":"https:\/\/colligatum.com\/en\/wp-json\/wp\/v2\/product\/6717","targetHints":{"allow":["GET"]}}],"collection":[{"href":"https:\/\/colligatum.com\/en\/wp-json\/wp\/v2\/product"}],"about":[{"href":"https:\/\/colligatum.com\/en\/wp-json\/wp\/v2\/types\/product"}],"version-history":[{"count":1,"href":"https:\/\/colligatum.com\/en\/wp-json\/wp\/v2\/product\/6717\/revisions"}],"predecessor-version":[{"id":6718,"href":"https:\/\/colligatum.com\/en\/wp-json\/wp\/v2\/product\/6717\/revisions\/6718"}],"wp:featuredmedia":[{"embeddable":true,"href":"https:\/\/colligatum.com\/en\/wp-json\/wp\/v2\/media\/6584"}],"wp:attachment":[{"href":"https:\/\/colligatum.com\/en\/wp-json\/wp\/v2\/media?parent=6717"}],"wp:term":[{"taxonomy":"product_brand","embeddable":true,"href":"https:\/\/colligatum.com\/en\/wp-json\/wp\/v2\/product_brand?post=6717"},{"taxonomy":"product_cat","embeddable":true,"href":"https:\/\/colligatum.com\/en\/wp-json\/wp\/v2\/product_cat?post=6717"},{"taxonomy":"product_tag","embeddable":true,"href":"https:\/\/colligatum.com\/en\/wp-json\/wp\/v2\/product_tag?post=6717"}],"curies":[{"name":"wp","href":"https:\/\/api.w.org\/{rel}","templated":true}]}}