{"id":6721,"date":"2024-11-14T15:20:04","date_gmt":"2024-11-14T15:20:04","guid":{"rendered":"https:\/\/colligatum.com\/?post_type=product&#038;p=6721"},"modified":"2024-12-02T11:23:06","modified_gmt":"2024-12-02T09:23:06","slug":"djarum-super","status":"publish","type":"product","link":"https:\/\/colligatum.com\/en\/product\/djarum-super\/","title":{"rendered":"Djarum Super"},"content":{"rendered":"<p>Description: <strong>\u0160is &#8222;Djarum Super&#8221; cigare\u010di\u0173 pakelis turi eleganti\u0161k\u0105 ir tams\u0173 dizain\u0105 su subtiliais aukso ir raudonos spalvos elementais, suteikian\u010diais prabangos \u012fsp\u016bd\u012f. \u0160is prek\u0117s \u017eenklas \u017einomas d\u0117l stipraus, sodraus skonio, kur\u012f papildo unikali aromato sud\u0117tis. Pakelis taip pat turi \u012fsp\u0117jam\u0105j\u012f \u017eenkl\u0105 apie r\u016bkymo keliam\u0105 pavoj\u0173 sveikatai pranc\u016bz\u0173 kalba, kuris pabr\u0117\u017eia tarptautin\u012f pardavim\u0105.<\/strong><\/p>\n<p>Value assessment:<\/p>\n<ul>\n<li><strong>Collectible value<\/strong>: Vidutin\u0117, nes \u0161is pakelis n\u0117ra riboto leidimo, ta\u010diau jis gali b\u016bti \u012fdomus kolekcininkams d\u0117l savo populiarumo tarp kreteki\u0173 r\u016b\u0161i\u0173 m\u0117g\u0117j\u0173.<\/li>\n<li><strong>Condition assessment<\/strong>: Unopened, in excellent condition.<\/li>\n<li><strong>Historical data and popularity<\/strong>: &#8222;Djarum Super&#8221; prek\u0117s \u017eenklas yra gerai \u017einomas tiek Indonezijoje, tiek pasaulyje. \u0160is prek\u0117s \u017eenklas yra vertinamas d\u0117l savo auk\u0161tos kokyb\u0117s ir ilgaam\u017ei\u0161kumo, tod\u0117l j\u012f m\u0117gsta kreteki\u0173 m\u0117g\u0117jai ir kolekcininkai.<\/li>\n<\/ul>","protected":false},"excerpt":{"rendered":"<p>Brand and name: <strong>Djarum Super<\/strong><\/p>\n<p>Size: <strong>20 kreteki\u0173<\/strong><\/p>\n<p>Country of manufacture: <strong>Indonesia<\/strong><\/p>\n<p>Production period: <strong>Unknown (modern edition)<\/strong><\/p>\n<p>Package type: <strong>Hard pack<\/strong><\/p>","protected":false},"featured_media":6588,"template":"","meta":{"_surecart_dashboard_logo_width":"180px","_surecart_dashboard_show_logo":true,"_surecart_dashboard_navigation_orders":true,"_surecart_dashboard_navigation_invoices":true,"_surecart_dashboard_navigation_subscriptions":true,"_surecart_dashboard_navigation_downloads":true,"_surecart_dashboard_navigation_billing":true,"_surecart_dashboard_navigation_account":true,"site-sidebar-layout":"default","site-content-layout":"","ast-site-content-layout":"default","site-content-style":"default","site-sidebar-style":"default","ast-global-header-display":"","ast-banner-title-visibility":"","ast-main-header-display":"","ast-hfb-above-header-display":"","ast-hfb-below-header-display":"","ast-hfb-mobile-header-display":"","site-post-title":"","ast-breadcrumbs-content":"","ast-featured-img":"","footer-sml-layout":"","theme-transparent-header-meta":"default","adv-header-id-meta":"","stick-header-meta":"","header-above-stick-meta":"","header-main-stick-meta":"","header-below-stick-meta":"","astra-migrate-meta-layouts":"set","ast-page-background-enabled":"default","ast-page-background-meta":{"desktop":{"background-color":"","background-image":"","background-repeat":"repeat","background-position":"center center","background-size":"auto","background-attachment":"scroll","background-type":"","background-media":"","overlay-type":"","overlay-color":"","overlay-opacity":"","overlay-gradient":""},"tablet":{"background-color":"","background-image":"","background-repeat":"repeat","background-position":"center center","background-size":"auto","background-attachment":"scroll","background-type":"","background-media":"","overlay-type":"","overlay-color":"","overlay-opacity":"","overlay-gradient":""},"mobile":{"background-color":"","background-image":"","background-repeat":"repeat","background-position":"center center","background-size":"auto","background-attachment":"scroll","background-type":"","background-media":"","overlay-type":"","overlay-color":"","overlay-opacity":"","overlay-gradient":""}},"ast-content-background-meta":{"desktop":{"background-color":"var(--ast-global-color-5)","background-image":"","background-repeat":"repeat","background-position":"center center","background-size":"auto","background-attachment":"scroll","background-type":"","background-media":"","overlay-type":"","overlay-color":"","overlay-opacity":"","overlay-gradient":""},"tablet":{"background-color":"var(--ast-global-color-5)","background-image":"","background-repeat":"repeat","background-position":"center center","background-size":"auto","background-attachment":"scroll","background-type":"","background-media":"","overlay-type":"","overlay-color":"","overlay-opacity":"","overlay-gradient":""},"mobile":{"background-color":"var(--ast-global-color-5)","background-image":"","background-repeat":"repeat","background-position":"center center","background-size":"auto","background-attachment":"scroll","background-type":"","background-media":"","overlay-type":"","overlay-color":"","overlay-opacity":"","overlay-gradient":""}}},"product_brand":[],"product_cat":[207],"product_tag":[],"class_list":{"0":"post-6721","1":"product","2":"type-product","3":"status-publish","4":"has-post-thumbnail","6":"product_cat-indonesia","7":"desktop-align-left","8":"tablet-align-left","9":"mobile-align-left","11":"first","12":"instock","13":"sale","14":"shipping-taxable","15":"purchasable","16":"product-type-simple","17":"add-to-wishlist-before_image"},"_links":{"self":[{"href":"https:\/\/colligatum.com\/en\/wp-json\/wp\/v2\/product\/6721","targetHints":{"allow":["GET"]}}],"collection":[{"href":"https:\/\/colligatum.com\/en\/wp-json\/wp\/v2\/product"}],"about":[{"href":"https:\/\/colligatum.com\/en\/wp-json\/wp\/v2\/types\/product"}],"version-history":[{"count":1,"href":"https:\/\/colligatum.com\/en\/wp-json\/wp\/v2\/product\/6721\/revisions"}],"predecessor-version":[{"id":6722,"href":"https:\/\/colligatum.com\/en\/wp-json\/wp\/v2\/product\/6721\/revisions\/6722"}],"wp:featuredmedia":[{"embeddable":true,"href":"https:\/\/colligatum.com\/en\/wp-json\/wp\/v2\/media\/6588"}],"wp:attachment":[{"href":"https:\/\/colligatum.com\/en\/wp-json\/wp\/v2\/media?parent=6721"}],"wp:term":[{"taxonomy":"product_brand","embeddable":true,"href":"https:\/\/colligatum.com\/en\/wp-json\/wp\/v2\/product_brand?post=6721"},{"taxonomy":"product_cat","embeddable":true,"href":"https:\/\/colligatum.com\/en\/wp-json\/wp\/v2\/product_cat?post=6721"},{"taxonomy":"product_tag","embeddable":true,"href":"https:\/\/colligatum.com\/en\/wp-json\/wp\/v2\/product_tag?post=6721"}],"curies":[{"name":"wp","href":"https:\/\/api.w.org\/{rel}","templated":true}]}}