{"id":6725,"date":"2024-11-14T15:43:12","date_gmt":"2024-11-14T15:43:12","guid":{"rendered":"https:\/\/colligatum.com\/?post_type=product&#038;p=6725"},"modified":"2024-12-02T11:23:16","modified_gmt":"2024-12-02T09:23:16","slug":"soraya-saputra","status":"publish","type":"product","link":"https:\/\/colligatum.com\/en\/product\/soraya-saputra\/","title":{"rendered":"Soraya Saputra"},"content":{"rendered":"<p><strong>Description:<\/strong> Soraya Saputra cigare\u010di\u0173 pakelis pasi\u017eymi unikaliu ir meniniu dizainu. Ant pakuot\u0117s vaizduojama tradicin\u0117 Indonezijos pie\u0161in\u0117, kuri perteikia kult\u016brin\u012f paveld\u0105 ir autenti\u0161kum\u0105. Pakelio b\u016bkl\u0117 yra prastesn\u0117, matosi d\u0117mi\u0173 ir nusid\u0117v\u0117jimo \u017eenkl\u0173. \u012esp\u0117jimas apie r\u016bkymo \u017eal\u0105 yra ai\u0161kiai pavaizduotas, kaip ir daugelyje \u0161iuolaikini\u0173 cigare\u010di\u0173 pakeli\u0173, primenant apie sveikatos pavojus.<\/p>\n<p><strong>Value assessment:<\/strong><\/p>\n<ul>\n<li><strong>Collectible value:<\/strong> Vidutin\u0117 \u2013 nors pakelio b\u016bkl\u0117 yra prastesn\u0117, tradicinis dizainas ir unikalus meninis motyvas gali sudominti kolekcininkus, ypa\u010d tuos, kurie renka retus Azijos cigare\u010di\u0173 pakelius.<\/li>\n<li><strong>Condition assessment:<\/strong> Prastos b\u016bkl\u0117s, d\u0117m\u0117s ir nusid\u0117v\u0117jimas suma\u017eina vert\u0119.<\/li>\n<li><strong>Historical data and popularity:<\/strong> \u0160io prek\u0117s \u017eenklo cigaret\u0117s n\u0117ra pla\u010diai \u017einomos u\u017e Indonezijos rib\u0173, tod\u0117l gali b\u016bti vertinamos kaip egzoti\u0161kas kolekcijos papildymas.<\/li>\n<\/ul>","protected":false},"excerpt":{"rendered":"<p><strong>Brand and name:<\/strong> Soraya Saputra<\/p>\n<p><strong>Size:<\/strong> 16 cigarettes<\/p>\n<p><strong>Country of manufacture:<\/strong> Indonesia<\/p>\n<p><strong>Production period:<\/strong> Ne\u017einomas (gali b\u016bti senesnis leidimas)<\/p>\n<p><strong>Package type:<\/strong> Soft pack<\/p>","protected":false},"featured_media":6592,"template":"","meta":{"_surecart_dashboard_logo_width":"180px","_surecart_dashboard_show_logo":true,"_surecart_dashboard_navigation_orders":true,"_surecart_dashboard_navigation_invoices":true,"_surecart_dashboard_navigation_subscriptions":true,"_surecart_dashboard_navigation_downloads":true,"_surecart_dashboard_navigation_billing":true,"_surecart_dashboard_navigation_account":true,"site-sidebar-layout":"default","site-content-layout":"","ast-site-content-layout":"default","site-content-style":"default","site-sidebar-style":"default","ast-global-header-display":"","ast-banner-title-visibility":"","ast-main-header-display":"","ast-hfb-above-header-display":"","ast-hfb-below-header-display":"","ast-hfb-mobile-header-display":"","site-post-title":"","ast-breadcrumbs-content":"","ast-featured-img":"","footer-sml-layout":"","theme-transparent-header-meta":"default","adv-header-id-meta":"","stick-header-meta":"","header-above-stick-meta":"","header-main-stick-meta":"","header-below-stick-meta":"","astra-migrate-meta-layouts":"set","ast-page-background-enabled":"default","ast-page-background-meta":{"desktop":{"background-color":"","background-image":"","background-repeat":"repeat","background-position":"center center","background-size":"auto","background-attachment":"scroll","background-type":"","background-media":"","overlay-type":"","overlay-color":"","overlay-opacity":"","overlay-gradient":""},"tablet":{"background-color":"","background-image":"","background-repeat":"repeat","background-position":"center center","background-size":"auto","background-attachment":"scroll","background-type":"","background-media":"","overlay-type":"","overlay-color":"","overlay-opacity":"","overlay-gradient":""},"mobile":{"background-color":"","background-image":"","background-repeat":"repeat","background-position":"center center","background-size":"auto","background-attachment":"scroll","background-type":"","background-media":"","overlay-type":"","overlay-color":"","overlay-opacity":"","overlay-gradient":""}},"ast-content-background-meta":{"desktop":{"background-color":"var(--ast-global-color-5)","background-image":"","background-repeat":"repeat","background-position":"center center","background-size":"auto","background-attachment":"scroll","background-type":"","background-media":"","overlay-type":"","overlay-color":"","overlay-opacity":"","overlay-gradient":""},"tablet":{"background-color":"var(--ast-global-color-5)","background-image":"","background-repeat":"repeat","background-position":"center center","background-size":"auto","background-attachment":"scroll","background-type":"","background-media":"","overlay-type":"","overlay-color":"","overlay-opacity":"","overlay-gradient":""},"mobile":{"background-color":"var(--ast-global-color-5)","background-image":"","background-repeat":"repeat","background-position":"center center","background-size":"auto","background-attachment":"scroll","background-type":"","background-media":"","overlay-type":"","overlay-color":"","overlay-opacity":"","overlay-gradient":""}}},"product_brand":[],"product_cat":[207],"product_tag":[],"class_list":{"0":"post-6725","1":"product","2":"type-product","3":"status-publish","4":"has-post-thumbnail","6":"product_cat-indonesia","7":"desktop-align-left","8":"tablet-align-left","9":"mobile-align-left","11":"first","12":"instock","13":"sale","14":"shipping-taxable","15":"purchasable","16":"product-type-simple","17":"add-to-wishlist-before_image"},"_links":{"self":[{"href":"https:\/\/colligatum.com\/en\/wp-json\/wp\/v2\/product\/6725","targetHints":{"allow":["GET"]}}],"collection":[{"href":"https:\/\/colligatum.com\/en\/wp-json\/wp\/v2\/product"}],"about":[{"href":"https:\/\/colligatum.com\/en\/wp-json\/wp\/v2\/types\/product"}],"version-history":[{"count":1,"href":"https:\/\/colligatum.com\/en\/wp-json\/wp\/v2\/product\/6725\/revisions"}],"predecessor-version":[{"id":6726,"href":"https:\/\/colligatum.com\/en\/wp-json\/wp\/v2\/product\/6725\/revisions\/6726"}],"wp:featuredmedia":[{"embeddable":true,"href":"https:\/\/colligatum.com\/en\/wp-json\/wp\/v2\/media\/6592"}],"wp:attachment":[{"href":"https:\/\/colligatum.com\/en\/wp-json\/wp\/v2\/media?parent=6725"}],"wp:term":[{"taxonomy":"product_brand","embeddable":true,"href":"https:\/\/colligatum.com\/en\/wp-json\/wp\/v2\/product_brand?post=6725"},{"taxonomy":"product_cat","embeddable":true,"href":"https:\/\/colligatum.com\/en\/wp-json\/wp\/v2\/product_cat?post=6725"},{"taxonomy":"product_tag","embeddable":true,"href":"https:\/\/colligatum.com\/en\/wp-json\/wp\/v2\/product_tag?post=6725"}],"curies":[{"name":"wp","href":"https:\/\/api.w.org\/{rel}","templated":true}]}}