{"id":6731,"date":"2024-11-14T15:48:03","date_gmt":"2024-11-14T15:48:03","guid":{"rendered":"https:\/\/colligatum.com\/?post_type=product&#038;p=6731"},"modified":"2024-12-02T11:23:32","modified_gmt":"2024-12-02T09:23:32","slug":"gt-nikmat-766-classic","status":"publish","type":"product","link":"https:\/\/colligatum.com\/en\/product\/gt-nikmat-766-classic\/","title":{"rendered":"GT &quot;Nikmat 766 Classic&quot;\u201e"},"content":{"rendered":"<p>Apra\u0161ymas: GT &#8222;Nikmat 766 Classic&#8221; cigare\u010di\u0173 pakelis i\u0161 Indonezijos yra tradicinio dizaino su subtiliu ra\u0161tu, kuris i\u0161ry\u0161kina \u0161io prek\u0117s \u017eenklo unikalum\u0105. \u0160ios cigaret\u0117s yra \u017einomos d\u0117l savo kokybi\u0161ko kretek tabako, kuris suteikia sodr\u0173 skon\u012f ir aromat\u0105. Dizainas minimalistinis, ta\u010diau kartu i\u0161laiko klasikin\u012f \u012fvaizd\u012f. Sveikatos \u012fsp\u0117jimas yra ry\u0161kiai matomas apatin\u0117je pakelio dalyje.<\/p>\n<p>Value assessment:<\/p>\n<ul>\n<li><strong>Collectible value:<\/strong> Vidutin\u0117, nes \u0161is pakelis n\u0117ra riboto leidimo ir turi daugiau nostalgin\u012f vertinim\u0105 tarp kretek cigare\u010di\u0173 entuziast\u0173.<\/li>\n<li><strong>Condition assessment:<\/strong> Puikios b\u016bkl\u0117s, nepa\u017eeista pakuot\u0117.<\/li>\n<li><strong>Historical data and popularity:<\/strong> GT cigare\u010di\u0173 prek\u0117s \u017eenklas turi savo ni\u0161\u0105 Indonezijos rinkoje, ypa\u010d tarp kretek cigare\u010di\u0173 m\u0117g\u0117j\u0173. Nors tai n\u0117ra pla\u010diai ie\u0161komas kolekcinink\u0173 objektas, jo b\u016bkl\u0117 gali pritraukti kolekcininkus, ie\u0161kan\u010dius autenti\u0161k\u0173 Azijos tabako produkt\u0173.<\/li>\n<\/ul>","protected":false},"excerpt":{"rendered":"<p>Prek\u0117s \u017eenklas ir pavadinimas: GT &#8222;Nikmat 766 Classic&#8221;<\/p>\n<p>Size: 12 cigarettes<\/p>\n<p>Country of manufacture: Indonesia<\/p>\n<p>Production period: Unknown (modern edition)<\/p>\n<p>Package type: Soft pack<\/p>","protected":false},"featured_media":6598,"template":"","meta":{"_surecart_dashboard_logo_width":"180px","_surecart_dashboard_show_logo":true,"_surecart_dashboard_navigation_orders":true,"_surecart_dashboard_navigation_invoices":true,"_surecart_dashboard_navigation_subscriptions":true,"_surecart_dashboard_navigation_downloads":true,"_surecart_dashboard_navigation_billing":true,"_surecart_dashboard_navigation_account":true,"site-sidebar-layout":"default","site-content-layout":"","ast-site-content-layout":"default","site-content-style":"default","site-sidebar-style":"default","ast-global-header-display":"","ast-banner-title-visibility":"","ast-main-header-display":"","ast-hfb-above-header-display":"","ast-hfb-below-header-display":"","ast-hfb-mobile-header-display":"","site-post-title":"","ast-breadcrumbs-content":"","ast-featured-img":"","footer-sml-layout":"","theme-transparent-header-meta":"default","adv-header-id-meta":"","stick-header-meta":"","header-above-stick-meta":"","header-main-stick-meta":"","header-below-stick-meta":"","astra-migrate-meta-layouts":"set","ast-page-background-enabled":"default","ast-page-background-meta":{"desktop":{"background-color":"","background-image":"","background-repeat":"repeat","background-position":"center center","background-size":"auto","background-attachment":"scroll","background-type":"","background-media":"","overlay-type":"","overlay-color":"","overlay-opacity":"","overlay-gradient":""},"tablet":{"background-color":"","background-image":"","background-repeat":"repeat","background-position":"center center","background-size":"auto","background-attachment":"scroll","background-type":"","background-media":"","overlay-type":"","overlay-color":"","overlay-opacity":"","overlay-gradient":""},"mobile":{"background-color":"","background-image":"","background-repeat":"repeat","background-position":"center center","background-size":"auto","background-attachment":"scroll","background-type":"","background-media":"","overlay-type":"","overlay-color":"","overlay-opacity":"","overlay-gradient":""}},"ast-content-background-meta":{"desktop":{"background-color":"var(--ast-global-color-5)","background-image":"","background-repeat":"repeat","background-position":"center center","background-size":"auto","background-attachment":"scroll","background-type":"","background-media":"","overlay-type":"","overlay-color":"","overlay-opacity":"","overlay-gradient":""},"tablet":{"background-color":"var(--ast-global-color-5)","background-image":"","background-repeat":"repeat","background-position":"center center","background-size":"auto","background-attachment":"scroll","background-type":"","background-media":"","overlay-type":"","overlay-color":"","overlay-opacity":"","overlay-gradient":""},"mobile":{"background-color":"var(--ast-global-color-5)","background-image":"","background-repeat":"repeat","background-position":"center center","background-size":"auto","background-attachment":"scroll","background-type":"","background-media":"","overlay-type":"","overlay-color":"","overlay-opacity":"","overlay-gradient":""}}},"product_brand":[],"product_cat":[207],"product_tag":[],"class_list":{"0":"post-6731","1":"product","2":"type-product","3":"status-publish","4":"has-post-thumbnail","6":"product_cat-indonesia","7":"desktop-align-left","8":"tablet-align-left","9":"mobile-align-left","11":"first","12":"instock","13":"sale","14":"shipping-taxable","15":"purchasable","16":"product-type-simple","17":"add-to-wishlist-before_image"},"_links":{"self":[{"href":"https:\/\/colligatum.com\/en\/wp-json\/wp\/v2\/product\/6731","targetHints":{"allow":["GET"]}}],"collection":[{"href":"https:\/\/colligatum.com\/en\/wp-json\/wp\/v2\/product"}],"about":[{"href":"https:\/\/colligatum.com\/en\/wp-json\/wp\/v2\/types\/product"}],"version-history":[{"count":1,"href":"https:\/\/colligatum.com\/en\/wp-json\/wp\/v2\/product\/6731\/revisions"}],"predecessor-version":[{"id":6732,"href":"https:\/\/colligatum.com\/en\/wp-json\/wp\/v2\/product\/6731\/revisions\/6732"}],"wp:featuredmedia":[{"embeddable":true,"href":"https:\/\/colligatum.com\/en\/wp-json\/wp\/v2\/media\/6598"}],"wp:attachment":[{"href":"https:\/\/colligatum.com\/en\/wp-json\/wp\/v2\/media?parent=6731"}],"wp:term":[{"taxonomy":"product_brand","embeddable":true,"href":"https:\/\/colligatum.com\/en\/wp-json\/wp\/v2\/product_brand?post=6731"},{"taxonomy":"product_cat","embeddable":true,"href":"https:\/\/colligatum.com\/en\/wp-json\/wp\/v2\/product_cat?post=6731"},{"taxonomy":"product_tag","embeddable":true,"href":"https:\/\/colligatum.com\/en\/wp-json\/wp\/v2\/product_tag?post=6731"}],"curies":[{"name":"wp","href":"https:\/\/api.w.org\/{rel}","templated":true}]}}