{"id":6735,"date":"2024-11-14T15:51:04","date_gmt":"2024-11-14T15:51:04","guid":{"rendered":"https:\/\/colligatum.com\/?post_type=product&#038;p=6735"},"modified":"2024-12-02T11:23:42","modified_gmt":"2024-12-02T09:23:42","slug":"sgb-exclusive","status":"publish","type":"product","link":"https:\/\/colligatum.com\/en\/product\/sgb-exclusive\/","title":{"rendered":"SGB Exclusive"},"content":{"rendered":"<p><strong>Description<\/strong>: \u0160is SGB Exclusive cigare\u010di\u0173 pakelis i\u0161 Indonezijos yra pagamintas naudojant auk\u0161tos kokyb\u0117s tabak\u0105 ir gvazdik\u0117lius, kurie suteikia ypating\u0105 kvap\u0105 ir skon\u012f. Pakelis yra kietas, \u017ealias, eleganti\u0161kai suprojektuotas, su \u012fsp\u0117jimu apie sveikat\u0105 apa\u010dioje.<\/p>\n<p><strong>Value assessment<\/strong>: Kolekcin\u0117 vert\u0117 priklauso nuo pakelio b\u016bkl\u0117s ir retumo. SGB Exclusive yra vidutinio retumo prek\u0117, tad vert\u0117 priklauso nuo kolekcininko paklausos.<\/p>","protected":false},"excerpt":{"rendered":"<p><strong>Brand and name<\/strong>: SGB Exclusive<\/p>\n<p><strong>Size<\/strong>: 21 filtrin\u0117s cigaret\u0117s<\/p>\n<p><strong>Country of manufacture<\/strong>: Indonesia<\/p>\n<p><strong>Production period<\/strong>: Dabartinis (\u0161iuolaikin\u0117 gamyba)<\/p>\n<p><strong>Package type<\/strong>: Hard pack<\/p>","protected":false},"featured_media":6602,"template":"","meta":{"_surecart_dashboard_logo_width":"180px","_surecart_dashboard_show_logo":true,"_surecart_dashboard_navigation_orders":true,"_surecart_dashboard_navigation_invoices":true,"_surecart_dashboard_navigation_subscriptions":true,"_surecart_dashboard_navigation_downloads":true,"_surecart_dashboard_navigation_billing":true,"_surecart_dashboard_navigation_account":true,"site-sidebar-layout":"default","site-content-layout":"","ast-site-content-layout":"default","site-content-style":"default","site-sidebar-style":"default","ast-global-header-display":"","ast-banner-title-visibility":"","ast-main-header-display":"","ast-hfb-above-header-display":"","ast-hfb-below-header-display":"","ast-hfb-mobile-header-display":"","site-post-title":"","ast-breadcrumbs-content":"","ast-featured-img":"","footer-sml-layout":"","theme-transparent-header-meta":"default","adv-header-id-meta":"","stick-header-meta":"","header-above-stick-meta":"","header-main-stick-meta":"","header-below-stick-meta":"","astra-migrate-meta-layouts":"set","ast-page-background-enabled":"default","ast-page-background-meta":{"desktop":{"background-color":"","background-image":"","background-repeat":"repeat","background-position":"center center","background-size":"auto","background-attachment":"scroll","background-type":"","background-media":"","overlay-type":"","overlay-color":"","overlay-opacity":"","overlay-gradient":""},"tablet":{"background-color":"","background-image":"","background-repeat":"repeat","background-position":"center center","background-size":"auto","background-attachment":"scroll","background-type":"","background-media":"","overlay-type":"","overlay-color":"","overlay-opacity":"","overlay-gradient":""},"mobile":{"background-color":"","background-image":"","background-repeat":"repeat","background-position":"center center","background-size":"auto","background-attachment":"scroll","background-type":"","background-media":"","overlay-type":"","overlay-color":"","overlay-opacity":"","overlay-gradient":""}},"ast-content-background-meta":{"desktop":{"background-color":"var(--ast-global-color-5)","background-image":"","background-repeat":"repeat","background-position":"center center","background-size":"auto","background-attachment":"scroll","background-type":"","background-media":"","overlay-type":"","overlay-color":"","overlay-opacity":"","overlay-gradient":""},"tablet":{"background-color":"var(--ast-global-color-5)","background-image":"","background-repeat":"repeat","background-position":"center center","background-size":"auto","background-attachment":"scroll","background-type":"","background-media":"","overlay-type":"","overlay-color":"","overlay-opacity":"","overlay-gradient":""},"mobile":{"background-color":"var(--ast-global-color-5)","background-image":"","background-repeat":"repeat","background-position":"center center","background-size":"auto","background-attachment":"scroll","background-type":"","background-media":"","overlay-type":"","overlay-color":"","overlay-opacity":"","overlay-gradient":""}}},"product_brand":[],"product_cat":[207],"product_tag":[],"class_list":{"0":"post-6735","1":"product","2":"type-product","3":"status-publish","4":"has-post-thumbnail","6":"product_cat-indonesia","7":"desktop-align-left","8":"tablet-align-left","9":"mobile-align-left","11":"first","12":"instock","13":"sale","14":"shipping-taxable","15":"purchasable","16":"product-type-simple","17":"add-to-wishlist-before_image"},"_links":{"self":[{"href":"https:\/\/colligatum.com\/en\/wp-json\/wp\/v2\/product\/6735","targetHints":{"allow":["GET"]}}],"collection":[{"href":"https:\/\/colligatum.com\/en\/wp-json\/wp\/v2\/product"}],"about":[{"href":"https:\/\/colligatum.com\/en\/wp-json\/wp\/v2\/types\/product"}],"version-history":[{"count":1,"href":"https:\/\/colligatum.com\/en\/wp-json\/wp\/v2\/product\/6735\/revisions"}],"predecessor-version":[{"id":6736,"href":"https:\/\/colligatum.com\/en\/wp-json\/wp\/v2\/product\/6735\/revisions\/6736"}],"wp:featuredmedia":[{"embeddable":true,"href":"https:\/\/colligatum.com\/en\/wp-json\/wp\/v2\/media\/6602"}],"wp:attachment":[{"href":"https:\/\/colligatum.com\/en\/wp-json\/wp\/v2\/media?parent=6735"}],"wp:term":[{"taxonomy":"product_brand","embeddable":true,"href":"https:\/\/colligatum.com\/en\/wp-json\/wp\/v2\/product_brand?post=6735"},{"taxonomy":"product_cat","embeddable":true,"href":"https:\/\/colligatum.com\/en\/wp-json\/wp\/v2\/product_cat?post=6735"},{"taxonomy":"product_tag","embeddable":true,"href":"https:\/\/colligatum.com\/en\/wp-json\/wp\/v2\/product_tag?post=6735"}],"curies":[{"name":"wp","href":"https:\/\/api.w.org\/{rel}","templated":true}]}}