{"id":6741,"date":"2024-11-14T15:56:07","date_gmt":"2024-11-14T15:56:07","guid":{"rendered":"https:\/\/colligatum.com\/?post_type=product&#038;p=6741"},"modified":"2024-12-02T11:23:57","modified_gmt":"2024-12-02T09:23:57","slug":"indra-jaya","status":"publish","type":"product","link":"https:\/\/colligatum.com\/en\/product\/indra-jaya\/","title":{"rendered":"Indra Jaya"},"content":{"rendered":"<ul>\n<li><strong>Description<\/strong>: Indra Jaya cigaret\u0117s yra klasikin\u0117s Indonezijos kretek (gvazdik\u0117li\u0173 skonio) cigaret\u0117s. Supakuotos kompakti\u0161kame ir patvariame mink\u0161tame pakelyje, jos demonstruoja tradicin\u012f Indonezijos estetikos stili\u0173 su \u0161iltomis spalvomis ir paprastu dizainu. \u0160ios cigaret\u0117s gaminamos mai\u0161ant tabak\u0105 su gvazdik\u0117liais, tod\u0117l j\u0173 skonis i\u0161skirtinis ir populiarus tarp kretek gerb\u0117j\u0173.<\/li>\n<li><strong>Value assessment<\/strong>: Indra Jaya kretek cigaret\u0117s turi reik\u0161ming\u0105 vert\u0119 tarp Indonezijos cigare\u010di\u0173 pakeli\u0173 kolekcinink\u0173, ypa\u010d d\u0117l i\u0161skirtinio vietin\u0117s kult\u016bros stiliaus ir gvazdik\u0117li\u0173 skonio. Jos pritraukia kolekcininkus, besidomin\u010dius Pietry\u010di\u0173 Azijos tabako gaminiais.<\/li>\n<\/ul>","protected":false},"excerpt":{"rendered":"<ul>\n<li><strong>Brand and name<\/strong>: Indra Jaya<\/li>\n<li><strong>Size<\/strong>: 12 Kretek cigare\u010di\u0173<\/li>\n<li><strong>Country of manufacture<\/strong>: Indonesia<\/li>\n<li><strong>Production period<\/strong>: Apytiksliai XX a. vidurys\u2013pabaiga<\/li>\n<li><strong>Package type<\/strong>: Soft pack<\/li>\n<\/ul>","protected":false},"featured_media":6608,"template":"","meta":{"_surecart_dashboard_logo_width":"180px","_surecart_dashboard_show_logo":true,"_surecart_dashboard_navigation_orders":true,"_surecart_dashboard_navigation_invoices":true,"_surecart_dashboard_navigation_subscriptions":true,"_surecart_dashboard_navigation_downloads":true,"_surecart_dashboard_navigation_billing":true,"_surecart_dashboard_navigation_account":true,"site-sidebar-layout":"default","site-content-layout":"","ast-site-content-layout":"default","site-content-style":"default","site-sidebar-style":"default","ast-global-header-display":"","ast-banner-title-visibility":"","ast-main-header-display":"","ast-hfb-above-header-display":"","ast-hfb-below-header-display":"","ast-hfb-mobile-header-display":"","site-post-title":"","ast-breadcrumbs-content":"","ast-featured-img":"","footer-sml-layout":"","theme-transparent-header-meta":"default","adv-header-id-meta":"","stick-header-meta":"","header-above-stick-meta":"","header-main-stick-meta":"","header-below-stick-meta":"","astra-migrate-meta-layouts":"set","ast-page-background-enabled":"default","ast-page-background-meta":{"desktop":{"background-color":"","background-image":"","background-repeat":"repeat","background-position":"center center","background-size":"auto","background-attachment":"scroll","background-type":"","background-media":"","overlay-type":"","overlay-color":"","overlay-opacity":"","overlay-gradient":""},"tablet":{"background-color":"","background-image":"","background-repeat":"repeat","background-position":"center center","background-size":"auto","background-attachment":"scroll","background-type":"","background-media":"","overlay-type":"","overlay-color":"","overlay-opacity":"","overlay-gradient":""},"mobile":{"background-color":"","background-image":"","background-repeat":"repeat","background-position":"center center","background-size":"auto","background-attachment":"scroll","background-type":"","background-media":"","overlay-type":"","overlay-color":"","overlay-opacity":"","overlay-gradient":""}},"ast-content-background-meta":{"desktop":{"background-color":"var(--ast-global-color-5)","background-image":"","background-repeat":"repeat","background-position":"center center","background-size":"auto","background-attachment":"scroll","background-type":"","background-media":"","overlay-type":"","overlay-color":"","overlay-opacity":"","overlay-gradient":""},"tablet":{"background-color":"var(--ast-global-color-5)","background-image":"","background-repeat":"repeat","background-position":"center center","background-size":"auto","background-attachment":"scroll","background-type":"","background-media":"","overlay-type":"","overlay-color":"","overlay-opacity":"","overlay-gradient":""},"mobile":{"background-color":"var(--ast-global-color-5)","background-image":"","background-repeat":"repeat","background-position":"center center","background-size":"auto","background-attachment":"scroll","background-type":"","background-media":"","overlay-type":"","overlay-color":"","overlay-opacity":"","overlay-gradient":""}}},"product_brand":[],"product_cat":[207],"product_tag":[],"class_list":{"0":"post-6741","1":"product","2":"type-product","3":"status-publish","4":"has-post-thumbnail","6":"product_cat-indonesia","7":"desktop-align-left","8":"tablet-align-left","9":"mobile-align-left","11":"first","12":"instock","13":"sale","14":"shipping-taxable","15":"purchasable","16":"product-type-simple","17":"add-to-wishlist-before_image"},"_links":{"self":[{"href":"https:\/\/colligatum.com\/en\/wp-json\/wp\/v2\/product\/6741","targetHints":{"allow":["GET"]}}],"collection":[{"href":"https:\/\/colligatum.com\/en\/wp-json\/wp\/v2\/product"}],"about":[{"href":"https:\/\/colligatum.com\/en\/wp-json\/wp\/v2\/types\/product"}],"version-history":[{"count":1,"href":"https:\/\/colligatum.com\/en\/wp-json\/wp\/v2\/product\/6741\/revisions"}],"predecessor-version":[{"id":6742,"href":"https:\/\/colligatum.com\/en\/wp-json\/wp\/v2\/product\/6741\/revisions\/6742"}],"wp:featuredmedia":[{"embeddable":true,"href":"https:\/\/colligatum.com\/en\/wp-json\/wp\/v2\/media\/6608"}],"wp:attachment":[{"href":"https:\/\/colligatum.com\/en\/wp-json\/wp\/v2\/media?parent=6741"}],"wp:term":[{"taxonomy":"product_brand","embeddable":true,"href":"https:\/\/colligatum.com\/en\/wp-json\/wp\/v2\/product_brand?post=6741"},{"taxonomy":"product_cat","embeddable":true,"href":"https:\/\/colligatum.com\/en\/wp-json\/wp\/v2\/product_cat?post=6741"},{"taxonomy":"product_tag","embeddable":true,"href":"https:\/\/colligatum.com\/en\/wp-json\/wp\/v2\/product_tag?post=6741"}],"curies":[{"name":"wp","href":"https:\/\/api.w.org\/{rel}","templated":true}]}}