{"id":6745,"date":"2024-11-14T16:01:10","date_gmt":"2024-11-14T16:01:10","guid":{"rendered":"https:\/\/colligatum.com\/?post_type=product&#038;p=6745"},"modified":"2026-04-14T04:52:57","modified_gmt":"2026-04-14T02:52:57","slug":"antik","status":"publish","type":"product","link":"https:\/\/colligatum.com\/en\/product\/antik\/","title":{"rendered":"Antique"},"content":{"rendered":"<p><strong>Description<\/strong>: \u0160is Antik cigare\u010di\u0173 pakelis pasi\u017eymi unikaliu dizainu su Formul\u0117s 1 lenktyni\u0173 scena ant pakuot\u0117s, pritraukian\u010dia d\u0117mes\u012f savo vizualiniu i\u0161skirtinumu. Indonezijoje pagamintos cigaret\u0117s, kuri\u0173 sud\u0117tyje yra gvazdik\u0117li\u0173 ir tabako mi\u0161inys, suteikia ypating\u0105 skon\u012f ir aromat\u0105. Pakelis atspindi 1980-\u0173j\u0173 dvasi\u0105 ir buvo skirtas tiems, kurie vertina tradicines Indonezijos cigaretes ir j\u0173 kult\u016brin\u012f paveld\u0105.<\/p>\n<p><strong>Value assessment<\/strong>:<\/p>\n<ul>\n<li><strong>Collectible value<\/strong>: Vidutin\u0117-auk\u0161ta, nes \u0161io tipo pakeliai su i\u0161skirtiniu dizainu yra patraukl\u016bs kolekcininkams.<\/li>\n<li><strong>Condition assessment<\/strong>: Neatidarytas, vidutin\u0117s b\u016bkl\u0117s, su \u0161iokiais tokiais i\u0161oriniais nusid\u0117v\u0117jimo po\u017eymiais.<\/li>\n<li><strong>Historical data and popularity<\/strong>: Antik cigaret\u0117s buvo \u017einomos vietin\u0117je Indonezijos rinkoje, o j\u0173 unikalus dizainas su lenktyni\u0173 tematika kelia susidom\u0117jim\u0105 tarp temini\u0173 kolekcinink\u0173, ta\u010diau j\u0173 ie\u0161koma retai.<\/li>\n<\/ul>","protected":false},"excerpt":{"rendered":"<p><strong>Brand and name<\/strong>: Antik<\/p>\n<p><strong>Size<\/strong>: 21 cigarettes<\/p>\n<p><strong>Country of manufacture<\/strong>: Indonesia<\/p>\n<p><strong>Production period<\/strong>: 1980-ieji<\/p>\n<p><strong>Type of packages<\/strong>: Soft pack<\/p>","protected":false},"featured_media":6612,"template":"","meta":{"_surecart_dashboard_logo_width":"180px","_surecart_dashboard_show_logo":true,"_surecart_dashboard_navigation_orders":true,"_surecart_dashboard_navigation_invoices":true,"_surecart_dashboard_navigation_subscriptions":true,"_surecart_dashboard_navigation_downloads":true,"_surecart_dashboard_navigation_billing":true,"_surecart_dashboard_navigation_account":true,"site-sidebar-layout":"default","site-content-layout":"","ast-site-content-layout":"default","site-content-style":"default","site-sidebar-style":"default","ast-global-header-display":"","ast-banner-title-visibility":"","ast-main-header-display":"","ast-hfb-above-header-display":"","ast-hfb-below-header-display":"","ast-hfb-mobile-header-display":"","site-post-title":"","ast-breadcrumbs-content":"","ast-featured-img":"","footer-sml-layout":"","theme-transparent-header-meta":"default","adv-header-id-meta":"","stick-header-meta":"","header-above-stick-meta":"","header-main-stick-meta":"","header-below-stick-meta":"","astra-migrate-meta-layouts":"set","ast-page-background-enabled":"default","ast-page-background-meta":{"desktop":{"background-color":"","background-image":"","background-repeat":"repeat","background-position":"center center","background-size":"auto","background-attachment":"scroll","background-type":"","background-media":"","overlay-type":"","overlay-color":"","overlay-opacity":"","overlay-gradient":""},"tablet":{"background-color":"","background-image":"","background-repeat":"repeat","background-position":"center center","background-size":"auto","background-attachment":"scroll","background-type":"","background-media":"","overlay-type":"","overlay-color":"","overlay-opacity":"","overlay-gradient":""},"mobile":{"background-color":"","background-image":"","background-repeat":"repeat","background-position":"center center","background-size":"auto","background-attachment":"scroll","background-type":"","background-media":"","overlay-type":"","overlay-color":"","overlay-opacity":"","overlay-gradient":""}},"ast-content-background-meta":{"desktop":{"background-color":"var(--ast-global-color-5)","background-image":"","background-repeat":"repeat","background-position":"center center","background-size":"auto","background-attachment":"scroll","background-type":"","background-media":"","overlay-type":"","overlay-color":"","overlay-opacity":"","overlay-gradient":""},"tablet":{"background-color":"var(--ast-global-color-5)","background-image":"","background-repeat":"repeat","background-position":"center center","background-size":"auto","background-attachment":"scroll","background-type":"","background-media":"","overlay-type":"","overlay-color":"","overlay-opacity":"","overlay-gradient":""},"mobile":{"background-color":"var(--ast-global-color-5)","background-image":"","background-repeat":"repeat","background-position":"center center","background-size":"auto","background-attachment":"scroll","background-type":"","background-media":"","overlay-type":"","overlay-color":"","overlay-opacity":"","overlay-gradient":""}}},"product_brand":[],"product_cat":[207],"product_tag":[],"class_list":{"0":"post-6745","1":"product","2":"type-product","3":"status-publish","4":"has-post-thumbnail","6":"product_cat-indonesia","7":"desktop-align-left","8":"tablet-align-left","9":"mobile-align-left","11":"first","12":"instock","13":"sale","14":"shipping-taxable","15":"purchasable","16":"product-type-simple","17":"add-to-wishlist-before_image"},"_links":{"self":[{"href":"https:\/\/colligatum.com\/en\/wp-json\/wp\/v2\/product\/6745","targetHints":{"allow":["GET"]}}],"collection":[{"href":"https:\/\/colligatum.com\/en\/wp-json\/wp\/v2\/product"}],"about":[{"href":"https:\/\/colligatum.com\/en\/wp-json\/wp\/v2\/types\/product"}],"version-history":[{"count":1,"href":"https:\/\/colligatum.com\/en\/wp-json\/wp\/v2\/product\/6745\/revisions"}],"predecessor-version":[{"id":6746,"href":"https:\/\/colligatum.com\/en\/wp-json\/wp\/v2\/product\/6745\/revisions\/6746"}],"wp:featuredmedia":[{"embeddable":true,"href":"https:\/\/colligatum.com\/en\/wp-json\/wp\/v2\/media\/6612"}],"wp:attachment":[{"href":"https:\/\/colligatum.com\/en\/wp-json\/wp\/v2\/media?parent=6745"}],"wp:term":[{"taxonomy":"product_brand","embeddable":true,"href":"https:\/\/colligatum.com\/en\/wp-json\/wp\/v2\/product_brand?post=6745"},{"taxonomy":"product_cat","embeddable":true,"href":"https:\/\/colligatum.com\/en\/wp-json\/wp\/v2\/product_cat?post=6745"},{"taxonomy":"product_tag","embeddable":true,"href":"https:\/\/colligatum.com\/en\/wp-json\/wp\/v2\/product_tag?post=6745"}],"curies":[{"name":"wp","href":"https:\/\/api.w.org\/{rel}","templated":true}]}}